{"id":24,"date":"2024-10-04T09:54:58","date_gmt":"2024-10-04T06:54:58","guid":{"rendered":"https:\/\/u79114.www2.webdomain.fi\/green-flag-award\/?page_id=24"},"modified":"2024-10-10T08:35:35","modified_gmt":"2024-10-10T05:35:35","slug":"mika-on-green-flag-award","status":"publish","type":"page","link":"https:\/\/www.vyl.fi\/green-flag-award\/mika-on-green-flag-award\/","title":{"rendered":"Mik\u00e4 on Green Flag Award?"},"content":{"rendered":"\n<p>Green Flag Award\u00ae tunnistaa ja palkitsee hyvin yll\u00e4pidetyt ja hallinnoidut viheralueet ja asettaa tason kansainv\u00e4lisesti ensiluokkaisille viheralueille niin Suomessa kuin koko maailmassa.<\/p>\n\n\n\n<p><strong>Ohjelman p\u00e4\u00e4m\u00e4\u00e4r\u00e4 ja tavoitteet:&nbsp;<\/strong><\/p>\n\n\n\n<ul class=\"wp-block-list\">\n<li>Varmistaa, ett\u00e4 kaikilla on vapaa p\u00e4\u00e4sy laadukkaille viheralueille, asuinpaikasta riippumatta.<\/li>\n\n\n\n<li>Varmistaa, ett\u00e4 viheralueet ovat ensiluokkaisesti kunnossapidettyj\u00e4 ja ett\u00e4 ne tarjoavat tarkoituksenmukaisia palveluita yhteis\u00f6lle.<\/li>\n\n\n\n<li>Vakiinnuttaa laadukkaan viheralueen kunnossapidon standardit.<\/li>\n\n\n\n<li>Edist\u00e4\u00e4 ja jakaa viheralan toimintatapoja.<\/li>\n\n\n\n<li>Tunnistaa ja palkita laadukkaasti hoidetun viheralueen johtajat, ty\u00f6ntekij\u00e4t ja vapaaehtoiset.<\/li>\n<\/ul>\n\n\n\n<p>Suomessa GFA-toimintaa&nbsp;hallinnoi Viherymp\u00e4rist\u00f6liitto ry, t\u00e4rke\u00e4n\u00e4 yhteisty\u00f6kumppaninaan H\u00e4meen ammattikorkeakoulun Rakennetun ymp\u00e4rist\u00f6- koulutusohjelma, joka on ollut tuomassa Green Flag Award- tunnustusta Suomeen. Suomen ensimm\u00e4inen GFA- tunnustus on saatu Lepaan kampuspuistolle 2016. Siit\u00e4 l\u00e4htien opiskelijatiimit ovat tehneet yhteisty\u00f6ss\u00e4 hakijoiden kanssa auditoinnissa tarvittavia hallinnointi- ja kunnossapitosuunnitelmia. Yhteisty\u00f6st\u00e4 on muodostunut molempia hy\u00f6dytt\u00e4v\u00e4 konsepti, josta on kerrottu my\u00f6s kansainv\u00e4lisiss\u00e4 yhteyksiss\u00e4.<\/p>\n\n\n\n<figure class=\"wp-block-image size-large is-resized\"><img loading=\"lazy\" decoding=\"async\" width=\"1024\" height=\"390\" src=\"http:\/\/u79114.www2.webdomain.fi\/green-flag-award\/wp-content\/uploads\/sites\/6\/2024\/10\/HAMK_Logo_text_large_ENG-1024x390.png\" alt=\"\" class=\"wp-image-125\" style=\"width:300px\" srcset=\"https:\/\/www.vyl.fi\/green-flag-award\/wp-content\/uploads\/sites\/6\/2024\/10\/HAMK_Logo_text_large_ENG-1024x390.png 1024w, https:\/\/www.vyl.fi\/green-flag-award\/wp-content\/uploads\/sites\/6\/2024\/10\/HAMK_Logo_text_large_ENG-300x114.png 300w, https:\/\/www.vyl.fi\/green-flag-award\/wp-content\/uploads\/sites\/6\/2024\/10\/HAMK_Logo_text_large_ENG-768x293.png 768w, https:\/\/www.vyl.fi\/green-flag-award\/wp-content\/uploads\/sites\/6\/2024\/10\/HAMK_Logo_text_large_ENG-1536x585.png 1536w, https:\/\/www.vyl.fi\/green-flag-award\/wp-content\/uploads\/sites\/6\/2024\/10\/HAMK_Logo_text_large_ENG.png 2000w\" sizes=\"(max-width: 1024px) 100vw, 1024px\" \/><\/figure>\n","protected":false},"excerpt":{"rendered":"<p>Green Flag Award\u00ae tunnistaa ja palkitsee hyvin yll\u00e4pidetyt ja hallinnoidut viheralueet ja asettaa tason kansainv\u00e4lisesti ensiluokkaisille viheralueille niin Suomessa kuin koko maailmassa. Ohjelman p\u00e4\u00e4m\u00e4\u00e4r\u00e4 ja tavoitteet:&nbsp; Suomessa GFA-toimintaa&nbsp;hallinnoi Viherymp\u00e4rist\u00f6liitto ry, t\u00e4rke\u00e4n\u00e4 yhteisty\u00f6kumppaninaan H\u00e4meen ammattikorkeakoulun Rakennetun ymp\u00e4rist\u00f6- koulutusohjelma, joka on ollut tuomassa Green Flag Award- tunnustusta Suomeen. Suomen ensimm\u00e4inen GFA- tunnustus on saatu Lepaan kampuspuistolle 2016. [&hellip;]<\/p>\n","protected":false},"author":7,"featured_media":0,"parent":0,"menu_order":10,"comment_status":"closed","ping_status":"closed","template":"","meta":{"_acf_changed":false,"_relevanssi_hide_post":"","_relevanssi_hide_content":"","_relevanssi_pin_for_all":"","_relevanssi_pin_keywords":"","_relevanssi_unpin_keywords":"","_relevanssi_related_keywords":"","_relevanssi_related_include_ids":"","_relevanssi_related_exclude_ids":"","_relevanssi_related_no_append":"","_relevanssi_related_not_related":"","_relevanssi_related_posts":"1","_relevanssi_noindex_reason":"","footnotes":""},"class_list":["post-24","page","type-page","status-publish","hentry"],"acf":[],"_links":{"self":[{"href":"https:\/\/www.vyl.fi\/green-flag-award\/wp-json\/wp\/v2\/pages\/24","targetHints":{"allow":["GET"]}}],"collection":[{"href":"https:\/\/www.vyl.fi\/green-flag-award\/wp-json\/wp\/v2\/pages"}],"about":[{"href":"https:\/\/www.vyl.fi\/green-flag-award\/wp-json\/wp\/v2\/types\/page"}],"author":[{"embeddable":true,"href":"https:\/\/www.vyl.fi\/green-flag-award\/wp-json\/wp\/v2\/users\/7"}],"replies":[{"embeddable":true,"href":"https:\/\/www.vyl.fi\/green-flag-award\/wp-json\/wp\/v2\/comments?post=24"}],"version-history":[{"count":3,"href":"https:\/\/www.vyl.fi\/green-flag-award\/wp-json\/wp\/v2\/pages\/24\/revisions"}],"predecessor-version":[{"id":127,"href":"https:\/\/www.vyl.fi\/green-flag-award\/wp-json\/wp\/v2\/pages\/24\/revisions\/127"}],"wp:attachment":[{"href":"https:\/\/www.vyl.fi\/green-flag-award\/wp-json\/wp\/v2\/media?parent=24"}],"curies":[{"name":"wp","href":"https:\/\/api.w.org\/{rel}","templated":true}]}}