{"id":28,"date":"2024-10-04T09:58:34","date_gmt":"2024-10-04T06:58:34","guid":{"rendered":"https:\/\/u79114.www2.webdomain.fi\/green-flag-award\/?page_id=28"},"modified":"2025-10-03T14:42:45","modified_gmt":"2025-10-03T11:42:45","slug":"hae-tunnusta","status":"publish","type":"page","link":"https:\/\/www.vyl.fi\/green-flag-award\/hae-tunnusta\/","title":{"rendered":"Hae tunnusta"},"content":{"rendered":"\n<p class=\"wp-block-lala-blocks-lala-ingressi\">Green Flag Award -tunnusta voi hakea kaikki vapaasti k\u00e4ytett\u00e4v\u00e4t viheralueet.<\/p>\n\n\n\n<p class=\"wp-block-lala-blocks-lala-ingressi\">Seuraava hakuaika on 1.2.2026-16.4.2026<\/p>\n\n\n\n<p><\/p>\n\n\n\n<p><strong>Hae mukaan:<\/strong><\/p>\n\n\n\n<ul class=\"wp-block-list\">\n<li>Aiemmin tunnusta hakenut? Kirjaudu&nbsp;<a href=\"https:\/\/www.greenflagaward.org\/\" target=\"_blank\" rel=\"noreferrer noopener\">GFA:n verkkosivuille<\/a>&nbsp;ja t\u00e4yt\u00e4 hakemus.<\/li>\n\n\n\n<li>Uusi hakija?&nbsp;<a href=\"https:\/\/www.greenflagaward.org\/organisation-summary\/?organisation=22\" target=\"_blank\" rel=\"noreferrer noopener\">Rekister\u00f6idy hakijaksi<\/a>&nbsp;t\u00e4ytt\u00e4m\u00e4ll\u00e4 lomake APPLY FOR AN AWARD<br>&nbsp;<\/li>\n<\/ul>\n\n\n\n<p><strong>Tietoa hakemisesta:<\/strong><br>Haku alkaa tutustumalla GFA kriteerist\u00f6\u00f6n, standardeihin ja prosessin aikatauluun. Voit olla yhteydess\u00e4 kansalliseen operaattoriin mahdollisista lis\u00e4tiedoista.&nbsp;Tunnusta voi hakea kaikki avoimet ja vapaasti k\u00e4ytett\u00e4v\u00e4t puistot ja viheralueet. Alue tulee olla helposti tunnistettavissa tai rajattu kartan avulla.&nbsp;<\/p>\n\n\n\n<p>Hakukelpoisia viheralueita ovat mm.:<\/p>\n\n\n\n<ul class=\"wp-block-list\">\n<li>Kaupunkipuistot<\/li>\n\n\n\n<li>Puutarhat<\/li>\n\n\n\n<li>Luonnonsuojelualueet<\/li>\n\n\n\n<li>Hautausmaat ja krematoriot<\/li>\n\n\n\n<li>Yliopistokampukset<\/li>\n\n\n\n<li>Vapaa-ajan keskusten viheralueet<\/li>\n\n\n\n<li>Terapeuttiset puutarhat<\/li>\n\n\n\n<li>Sairaalan viheralueet<\/li>\n\n\n\n<li>Luonnontieteelliset puutarhat<\/li>\n\n\n\n<li>Taajamamets\u00e4t<\/li>\n\n\n\n<li>Viljelypalstat<\/li>\n\n\n\n<li>Siirtolapuutarhat<\/li>\n<\/ul>\n\n\n\n<h2 class=\"wp-block-heading\">HALLINNOINTI- JA KUNNOSSAPITOSUUNNITELMA<\/h2>\n\n\n\n<p>Hakuprosessiin osallistuminen edellytt\u00e4\u00e4 hallinnointi- ja kunnossapidon suunnitelman liitt\u00e4mist\u00e4 hakemukseen. Voit k\u00e4ytt\u00e4\u00e4 alueen olemassa olevaa suunnitelmaa tai p\u00e4ivitt\u00e4\u00e4\/tehd\u00e4 uuden suunnitelman GFA-kriteerien mukaiseksi. H\u00e4meen ammattikorkeakoulun rakennetun ymp\u00e4rist\u00f6n koulutusohjelmassa tehd\u00e4\u00e4n suunnitelmia oppilasty\u00f6n\u00e4, joten jos haluat mukaan oppilaitosyhteisty\u00f6h\u00f6n seuraavan vuoden tammikuussa alkavaan moduuliin, ole yhteydess\u00e4 jo syksyll\u00e4 H\u00e4meen ammattikorkeakoulun lehtori Sari Suomalaiseen (sari.suomalainen@hamk.fi).<\/p>\n\n\n\n<div class=\"wp-block-buttons is-layout-flex wp-block-buttons-is-layout-flex\">\n<div class=\"wp-block-button\"><a class=\"wp-block-button__link wp-element-button\" href=\"https:\/\/www.vyl.fi\/green-flag-award\/hae-tunnusta\/hallinnointi-ja-kunnossapitosuunnitelma\/\">Tutustu hallinnointi- ja kunnossapitosuunnitelmiin<\/a><\/div>\n<\/div>\n\n\n\n<h2 class=\"wp-block-heading\">HINTA <\/h2>\n\n\n\n<p>Tunnuksen hakemisesta veloitetaan&nbsp;650\u20ac + alv 25,5%. Hinta sis\u00e4lt\u00e4\u00e4 koko hakemusprosessin, my\u00f6s tuomarointikulut.&nbsp;<\/p>\n\n\n\n<div class=\"wp-block-lala-blocks-lala-infobox-with-title\">\n<h2 class=\"wp-block-heading\">LIS\u00c4TIETOA<\/h2>\n\n\n\n<p>Jos olet ep\u00e4varma onko kohteesi hakukelpoinen, ota yhteytt\u00e4 heidi.ovaska@vyl.fi. &nbsp;<\/p>\n<\/div>\n","protected":false},"excerpt":{"rendered":"<p>Hae mukaan: Tietoa hakemisesta:Haku alkaa tutustumalla GFA kriteerist\u00f6\u00f6n, standardeihin ja prosessin aikatauluun. Voit olla yhteydess\u00e4 kansalliseen operaattoriin mahdollisista lis\u00e4tiedoista.&nbsp;Tunnusta voi hakea kaikki avoimet ja vapaasti k\u00e4ytett\u00e4v\u00e4t puistot ja viheralueet. Alue tulee olla helposti tunnistettavissa tai rajattu kartan avulla.&nbsp; Hakukelpoisia viheralueita ovat mm.: HALLINNOINTI- JA KUNNOSSAPITOSUUNNITELMA Hakuprosessiin osallistuminen edellytt\u00e4\u00e4 hallinnointi- ja kunnossapidon suunnitelman liitt\u00e4mist\u00e4 hakemukseen. Voit [&hellip;]<\/p>\n","protected":false},"author":7,"featured_media":0,"parent":0,"menu_order":20,"comment_status":"closed","ping_status":"closed","template":"","meta":{"_acf_changed":false,"_relevanssi_hide_post":"","_relevanssi_hide_content":"","_relevanssi_pin_for_all":"","_relevanssi_pin_keywords":"","_relevanssi_unpin_keywords":"","_relevanssi_related_keywords":"","_relevanssi_related_include_ids":"","_relevanssi_related_exclude_ids":"","_relevanssi_related_no_append":"","_relevanssi_related_not_related":"","_relevanssi_related_posts":"1","_relevanssi_noindex_reason":"","footnotes":""},"class_list":["post-28","page","type-page","status-publish","hentry"],"acf":[],"_links":{"self":[{"href":"https:\/\/www.vyl.fi\/green-flag-award\/wp-json\/wp\/v2\/pages\/28","targetHints":{"allow":["GET"]}}],"collection":[{"href":"https:\/\/www.vyl.fi\/green-flag-award\/wp-json\/wp\/v2\/pages"}],"about":[{"href":"https:\/\/www.vyl.fi\/green-flag-award\/wp-json\/wp\/v2\/types\/page"}],"author":[{"embeddable":true,"href":"https:\/\/www.vyl.fi\/green-flag-award\/wp-json\/wp\/v2\/users\/7"}],"replies":[{"embeddable":true,"href":"https:\/\/www.vyl.fi\/green-flag-award\/wp-json\/wp\/v2\/comments?post=28"}],"version-history":[{"count":10,"href":"https:\/\/www.vyl.fi\/green-flag-award\/wp-json\/wp\/v2\/pages\/28\/revisions"}],"predecessor-version":[{"id":235,"href":"https:\/\/www.vyl.fi\/green-flag-award\/wp-json\/wp\/v2\/pages\/28\/revisions\/235"}],"wp:attachment":[{"href":"https:\/\/www.vyl.fi\/green-flag-award\/wp-json\/wp\/v2\/media?parent=28"}],"curies":[{"name":"wp","href":"https:\/\/api.w.org\/{rel}","templated":true}]}}