{"id":33,"date":"2024-10-04T10:01:17","date_gmt":"2024-10-04T07:01:17","guid":{"rendered":"https:\/\/u79114.www2.webdomain.fi\/green-flag-award\/?page_id=33"},"modified":"2025-08-15T08:29:27","modified_gmt":"2025-08-15T05:29:27","slug":"voittajat","status":"publish","type":"page","link":"https:\/\/www.vyl.fi\/green-flag-award\/voittajat\/","title":{"rendered":"Voittajat"},"content":{"rendered":"\n<p class=\"wp-block-lala-blocks-lala-ingressi\">Vuonna 2025-2026 Green Flag Award tunnuksen voittaneita viheralueita on 24! Voittajista 3 on ensikertalaisia.<\/p>\n\n\n\n<p>Lepaan n\u00e4yttelyss\u00e4 14.8.2025 julkistettiin 24 Green Flag Award -tunnuksen voittanutta viheraluetta. Voittaneiden viheralueiden m\u00e4\u00e4r\u00e4 jatkoi kasvuaan edellisest\u00e4 vuodesta ja on nyt Suomen Green Flag Award -historian suurin. Green Flag Award on viheralueiden kunnossapidon ja hallinnoinnin laadun tunnistava palkintoj\u00e4rjestelm\u00e4, jota hallinnoi kansainv\u00e4lisesti Iso-Britannian ymp\u00e4rist\u00f6hyv\u00e4ntekev\u00e4isyysj\u00e4rjest\u00f6 Keep Britain Tidy, Suomessa Viherymp\u00e4rist\u00f6liitto ry.\u00a0<\/p>\n\n\n\n<p><strong>Green Flag Award -viheralueet Suomessa vuonna 2025-202<\/strong>6<\/p>\n\n\n\n<p>Lepaan kampuspuisto, H\u00e4meen ammattikorkeakoulu, Hattula<\/p>\n\n\n\n<p>Keskuspuisto, Paraisten kaupunki<\/p>\n\n\n\n<p>Pikku-Vesij\u00e4rven puisto, Lahden kaupunki<\/p>\n\n\n\n<p>Hatanp\u00e4\u00e4n kartanonpuisto ja arboretum, Tampereen kaupunki<\/p>\n\n\n\n<p>Sapokan Vesipuisto, Kotkan kaupunki<\/p>\n\n\n\n<p>Katariinan Meripuisto, Kotkan kaupunki<\/p>\n\n\n\n<p>Jokipuisto, Kotkan kaupunki<\/p>\n\n\n\n<p>Sibeliuksenpuisto, Kotkan kaupunki<\/p>\n\n\n\n<p>Fuksinpuisto, Kotkan kaupunki<\/p>\n\n\n\n<p>Naisvuori, Mikkelin kaupunki<\/p>\n\n\n\n<p>Kellonummen hautausmaa, Espoon seurakuntayhtym\u00e4, Espoo<\/p>\n\n\n\n<p>Mikkelipuisto, Etel\u00e4-Savon Koulutus Oy, Mikkeli<\/p>\n\n\n\n<p>Harju Campus Park, Harjun oppimiskeskus, Ravijoki<\/p>\n\n\n\n<p>Jokilaakson matkailupuutarha, Lapuan kaupunki<\/p>\n\n\n\n<p>Hupisaarten kaupunginpuisto, Oulun kaupunki<\/p>\n\n\n\n<p>Perhospuisto, Riihim\u00e4en kaupunki<\/p>\n\n\n\n<p>Snellmaninpuisto, Kuopion kaupunki<\/p>\n\n\n\n<p>Finby Liikuntakeskus, Paraisten kaupunki<\/p>\n\n\n\n<p>Fj\u00e4llbon puisto, Tuusulan kunta<\/p>\n\n\n\n<p>AhlmanEdu Kampus, Ahlmanin koulun s\u00e4\u00e4ti\u00f6 sr, Tampere<\/p>\n\n\n\n<p>Myllyranta park, Lemp\u00e4\u00e4l\u00e4n kunta<\/p>\n\n\n\n<p>Vaasan Vanha ja Uusi hautausmaa, Vaasan seurakuntayhtym\u00e4<\/p>\n\n\n\n<p>Kulosaaren hautausmaa, Helsingin seurakuntayhtym\u00e4<\/p>\n\n\n\n<p>Pirkkalan hautausmaa, Pirkkalan seurakunta<\/p>\n\n\n\n<div class=\"wp-block-lala-blocks-lala-infobox-with-title\">\n<h2 class=\"wp-block-heading\">KATSO VOITTAJIEN ENGLANNINKIELISET ESITTELYT<\/h2>\n\n\n\n<p>Kaikki Green Flag Award- voittajat esitell\u00e4\u00e4n ohjelman kansainv\u00e4lisill\u00e4 sivuilla. <\/p>\n<\/div>\n\n\n\n<div class=\"wp-block-buttons is-layout-flex wp-block-buttons-is-layout-flex\">\n<div class=\"wp-block-button\"><a class=\"wp-block-button__link wp-element-button\" href=\"https:\/\/www.greenflagaward.org\/award-winners\/\" target=\"_blank\" rel=\"noreferrer noopener\">Katso esittelyt<\/a><\/div>\n<\/div>\n\n\n\n<p><\/p>\n","protected":false},"excerpt":{"rendered":"<p>Lepaan n\u00e4yttelyss\u00e4 14.8.2025 julkistettiin 24 Green Flag Award -tunnuksen voittanutta viheraluetta. Voittaneiden viheralueiden m\u00e4\u00e4r\u00e4 jatkoi kasvuaan edellisest\u00e4 vuodesta ja on nyt Suomen Green Flag Award -historian suurin. Green Flag Award on viheralueiden kunnossapidon ja hallinnoinnin laadun tunnistava palkintoj\u00e4rjestelm\u00e4, jota hallinnoi kansainv\u00e4lisesti Iso-Britannian ymp\u00e4rist\u00f6hyv\u00e4ntekev\u00e4isyysj\u00e4rjest\u00f6 Keep Britain Tidy, Suomessa Viherymp\u00e4rist\u00f6liitto ry.\u00a0 Green Flag Award -viheralueet Suomessa vuonna [&hellip;]<\/p>\n","protected":false},"author":7,"featured_media":218,"parent":0,"menu_order":30,"comment_status":"closed","ping_status":"closed","template":"","meta":{"_acf_changed":false,"_relevanssi_hide_post":"","_relevanssi_hide_content":"","_relevanssi_pin_for_all":"","_relevanssi_pin_keywords":"","_relevanssi_unpin_keywords":"","_relevanssi_related_keywords":"","_relevanssi_related_include_ids":"","_relevanssi_related_exclude_ids":"","_relevanssi_related_no_append":"","_relevanssi_related_not_related":"","_relevanssi_related_posts":"1","_relevanssi_noindex_reason":"","footnotes":""},"class_list":["post-33","page","type-page","status-publish","has-post-thumbnail","hentry"],"acf":[],"_links":{"self":[{"href":"https:\/\/www.vyl.fi\/green-flag-award\/wp-json\/wp\/v2\/pages\/33","targetHints":{"allow":["GET"]}}],"collection":[{"href":"https:\/\/www.vyl.fi\/green-flag-award\/wp-json\/wp\/v2\/pages"}],"about":[{"href":"https:\/\/www.vyl.fi\/green-flag-award\/wp-json\/wp\/v2\/types\/page"}],"author":[{"embeddable":true,"href":"https:\/\/www.vyl.fi\/green-flag-award\/wp-json\/wp\/v2\/users\/7"}],"replies":[{"embeddable":true,"href":"https:\/\/www.vyl.fi\/green-flag-award\/wp-json\/wp\/v2\/comments?post=33"}],"version-history":[{"count":4,"href":"https:\/\/www.vyl.fi\/green-flag-award\/wp-json\/wp\/v2\/pages\/33\/revisions"}],"predecessor-version":[{"id":223,"href":"https:\/\/www.vyl.fi\/green-flag-award\/wp-json\/wp\/v2\/pages\/33\/revisions\/223"}],"wp:featuredmedia":[{"embeddable":true,"href":"https:\/\/www.vyl.fi\/green-flag-award\/wp-json\/wp\/v2\/media\/218"}],"wp:attachment":[{"href":"https:\/\/www.vyl.fi\/green-flag-award\/wp-json\/wp\/v2\/media?parent=33"}],"curies":[{"name":"wp","href":"https:\/\/api.w.org\/{rel}","templated":true}]}}