{"id":58,"date":"2024-10-04T10:43:20","date_gmt":"2024-10-04T07:43:20","guid":{"rendered":"https:\/\/u79114.www2.webdomain.fi\/green-flag-award\/?page_id=58"},"modified":"2024-10-04T10:46:41","modified_gmt":"2024-10-04T07:46:41","slug":"hakemisen-edut","status":"publish","type":"page","link":"https:\/\/www.vyl.fi\/green-flag-award\/mika-on-green-flag-award\/hakemisen-edut\/","title":{"rendered":"Hakemisen edut"},"content":{"rendered":"\n<blockquote class=\"wp-block-quote is-layout-flow wp-block-quote-is-layout-flow\">\n<p class=\"wp-block-lala-blocks-lala-ingressi\"><em>Green Flag -tunnuksen voittaminen luo runsaasti aineettomia ja aineellisia etuja viheralueelle, se tehostaa kohteen yksil\u00f6llist\u00e4 profiilia, kasvattaa tunnettuutta ja nostaa n\u00e4in k\u00e4vij\u00e4m\u00e4\u00e4ri\u00e4. GFA-kohde saa julkisuutta my\u00f6s kansainv\u00e4lisesti.<\/em><\/p>\n<\/blockquote>\n\n\n\n<p><strong>Tunnuksen voittaminen<\/strong><br>Joka vuosi tunnuksen voittava kohde saa fyysisen Green Flag Award -lipun nostettavaksi viheralueelle sek\u00e4 GFA kunnialaatan ja sertifikaatin markkinointiin.<\/p>\n\n\n\n<p><strong>Maine ja ylpeys<\/strong><br>Viheralueiden kansainv\u00e4lisen\u00e4 standardina Green Flag Award\u00ae -tunnus tuo mukanaan suuren m\u00e4\u00e4r\u00e4n arvostusta. Tunnus palkitsee ahkerat ty\u00f6ntekij\u00e4t viheralueen taustalla ja tarjoaa yhteis\u00f6lle aihetta ylpeyteen yhteisest\u00e4 toiminnasta.<\/p>\n\n\n\n<p><strong>Kehitys<\/strong><br>Green Flag Award\u00ae -tunnuksen hakeminen vaatii viheralueen toiminnan tarkastelua ja aktiivista kehitt\u00e4mist\u00e4. Tuomarointi jakaa ev\u00e4it\u00e4 kehitt\u00e4\u00e4 toimintaa puiston\u00a0k\u00e4ytt\u00e4jien ja matkailijoiden n\u00e4k\u00f6kulmista, esimerkiksi opastusta, palveluita ja toiminnallista sis\u00e4lt\u00f6\u00e4. Tunnuksen voittaminen viestii n\u00e4kyv\u00e4sti yhteis\u00f6lle, ett\u00e4 alueella panostetaan tulevaisuuteen ja yhteiseen kehitykseen.<\/p>\n\n\n\n<p><strong>Uudistaminen<\/strong><br>Hakuprosessissa tarkastellaan monipuolisesti viheralueen toimintoja. Yhteisty\u00f6 hallinnointi- ja kunnossapitosuunnitelman laatimisessa voi edist\u00e4\u00e4 alueen uudistusty\u00f6t\u00e4.<\/p>\n\n\n\n<p>Kehitysty\u00f6 Green Flag Award\u00ae -tunnuksen saavuttamiseksi voi esimerkiksi parantaa viheralueen turvallisuutta, kunnossapidon tasoa, edist\u00e4\u00e4 toimintoja ja tapahtumia, v\u00e4hent\u00e4\u00e4 ilkivaltaa ja nostattaa alueen profiilia.<\/p>\n\n\n\n<p><strong>Matkailun lis\u00e4\u00e4minen<\/strong><br>Green Flag Award\u00ae -tunnuksen voittaminen on erinomainen vetovoima matkailulle. Voitto kasvattaa\u00a0tunnettuutta kansallisesti sek\u00e4 kansainv\u00e4lisesti\u00a0ja nostaa n\u00e4in k\u00e4vij\u00e4m\u00e4\u00e4ri\u00e4.<\/p>\n\n\n\n<p><strong>Rahoituksen parantaminen<\/strong><br>Green Flag Award\u00ae voitto voi parantaa mahdollisuuksia ulkoisen rahoituksen ja tukien saamiseksi.<\/p>\n\n\n\n<p><strong>Markkinointi<\/strong><br>Voittaneella organisaatiolla on mahdollisuus k\u00e4ytt\u00e4\u00e4 Green Flag Award\u00ae -logoja kaikessa markkinointimateriaalissa, kuten viheralueella, nettisivuilla, tiedotteissa, mainoksissa, ajoneuvoissa ja ty\u00f6vaatteissa.<\/p>\n\n\n\n<p>Voittajille toimitetaan my\u00f6s tiedotepohja medialle, jota voi k\u00e4ytt\u00e4\u00e4 halutessaan.<\/p>\n\n\n\n<p><strong>Verkkosivut<\/strong><br>Jokaisella tunnuksen voittaneella viheralueella on oma, erillinen Green Flag Award\u00ae -profiili kansainv\u00e4lisill\u00e4 verkkosivustolla. Sivu on muokattavissa ja siihen voi lis\u00e4t\u00e4 haluamaansa sis\u00e4lt\u00f6\u00e4, kuten kuvaus viheralueesta, yhteystiedot, toiminnot, tilat ja tapahtumat.<\/p>\n\n\n\n<div class=\"wp-block-buttons is-layout-flex wp-block-buttons-is-layout-flex\">\n<div class=\"wp-block-button\"><a class=\"wp-block-button__link wp-element-button\" href=\"https:\/\/www.greenflagaward.org\/award-winners\/\" target=\"_blank\" rel=\"noreferrer noopener\">Kansainv\u00e4liset voittajien verkkosivut<\/a><\/div>\n<\/div>\n","protected":false},"excerpt":{"rendered":"<p>Tunnuksen voittaminenJoka vuosi tunnuksen voittava kohde saa fyysisen Green Flag Award -lipun nostettavaksi viheralueelle sek\u00e4 GFA kunnialaatan ja sertifikaatin markkinointiin. Maine ja ylpeysViheralueiden kansainv\u00e4lisen\u00e4 standardina Green Flag Award\u00ae -tunnus tuo mukanaan suuren m\u00e4\u00e4r\u00e4n arvostusta. Tunnus palkitsee ahkerat ty\u00f6ntekij\u00e4t viheralueen taustalla ja tarjoaa yhteis\u00f6lle aihetta ylpeyteen yhteisest\u00e4 toiminnasta. KehitysGreen Flag Award\u00ae -tunnuksen hakeminen vaatii viheralueen toiminnan [&hellip;]<\/p>\n","protected":false},"author":7,"featured_media":0,"parent":24,"menu_order":10,"comment_status":"closed","ping_status":"closed","template":"","meta":{"_acf_changed":false,"_relevanssi_hide_post":"","_relevanssi_hide_content":"","_relevanssi_pin_for_all":"","_relevanssi_pin_keywords":"","_relevanssi_unpin_keywords":"","_relevanssi_related_keywords":"","_relevanssi_related_include_ids":"","_relevanssi_related_exclude_ids":"","_relevanssi_related_no_append":"","_relevanssi_related_not_related":"","_relevanssi_related_posts":"1","_relevanssi_noindex_reason":"","footnotes":""},"class_list":["post-58","page","type-page","status-publish","hentry"],"acf":[],"_links":{"self":[{"href":"https:\/\/www.vyl.fi\/green-flag-award\/wp-json\/wp\/v2\/pages\/58","targetHints":{"allow":["GET"]}}],"collection":[{"href":"https:\/\/www.vyl.fi\/green-flag-award\/wp-json\/wp\/v2\/pages"}],"about":[{"href":"https:\/\/www.vyl.fi\/green-flag-award\/wp-json\/wp\/v2\/types\/page"}],"author":[{"embeddable":true,"href":"https:\/\/www.vyl.fi\/green-flag-award\/wp-json\/wp\/v2\/users\/7"}],"replies":[{"embeddable":true,"href":"https:\/\/www.vyl.fi\/green-flag-award\/wp-json\/wp\/v2\/comments?post=58"}],"version-history":[{"count":3,"href":"https:\/\/www.vyl.fi\/green-flag-award\/wp-json\/wp\/v2\/pages\/58\/revisions"}],"predecessor-version":[{"id":62,"href":"https:\/\/www.vyl.fi\/green-flag-award\/wp-json\/wp\/v2\/pages\/58\/revisions\/62"}],"up":[{"embeddable":true,"href":"https:\/\/www.vyl.fi\/green-flag-award\/wp-json\/wp\/v2\/pages\/24"}],"wp:attachment":[{"href":"https:\/\/www.vyl.fi\/green-flag-award\/wp-json\/wp\/v2\/media?parent=58"}],"curies":[{"name":"wp","href":"https:\/\/api.w.org\/{rel}","templated":true}]}}