{"id":63,"date":"2024-10-04T10:48:02","date_gmt":"2024-10-04T07:48:02","guid":{"rendered":"https:\/\/u79114.www2.webdomain.fi\/green-flag-award\/?page_id=63"},"modified":"2024-10-04T10:49:49","modified_gmt":"2024-10-04T07:49:49","slug":"tunnuksen-hallinnoija","status":"publish","type":"page","link":"https:\/\/www.vyl.fi\/green-flag-award\/mika-on-green-flag-award\/tunnuksen-hallinnoija\/","title":{"rendered":"Tunnuksen hallinnoija"},"content":{"rendered":"\n<p>Green Flag Award -tunnusta hallinnoi Iso-Britannian asumis-, yhteis\u00f6- ja paikallishallinnon ministeri\u00f6n (UK Government Ministry of Housing, Communities &amp; Local Government) lisenssill\u00e4 Keep Britain Tidy -organisaatio Englannissa. KBT solmii yhteisty\u00f6sopimuksia&nbsp;kansainv\u00e4lisesti muissa maissa hankkeen toimittamiseksi muissa maissa.&nbsp;<a href=\"https:\/\/www.greenflagaward.org\/\">Tutustu koko GFA verkostoon ymp\u00e4ri maailmaa.<\/a><\/p>\n\n\n\n<p>Vuonna 2019 Viherymp\u00e4rist\u00f6liitto ry solmi Keep Britain Tidy -j\u00e4rjest\u00f6n kanssa yhteisty\u00f6sopimuksen, ett\u00e4&nbsp;Viherymp\u00e4rist\u00f6liitto hallinnoi&nbsp;Green Flag -hanketta&nbsp;Suomessa. Tavoitteena on kehitt\u00e4\u00e4 palkinnosta koko viheralan ja suomalaisten tuntema tunnus.<\/p>\n\n\n\n<p>Viherymp\u00e4rist\u00f6liitto on vuonna 1991 Tampereella perustettu viheralan valtakunnallinen keskusj\u00e4rjest\u00f6, jonka\u00a0t\u00e4rkeimpi\u00e4 teht\u00e4vi\u00e4 ovat viheralan ammatillinen kehitt\u00e4minen ja ammattialan tunnetuksi tekeminen.\u00a0<a href=\"https:\/\/www.vyl.fi\/\" data-type=\"link\" data-id=\"https:\/\/www.vyl.fi\/\" target=\"_blank\" rel=\"noreferrer noopener\">Tutustu lis\u00e4\u00e4 Viherymp\u00e4rist\u00f6liiton toimintaan<\/a>.\u00a0<\/p>\n","protected":false},"excerpt":{"rendered":"<p>Green Flag Award -tunnusta hallinnoi Iso-Britannian asumis-, yhteis\u00f6- ja paikallishallinnon ministeri\u00f6n (UK Government Ministry of Housing, Communities &amp; Local Government) lisenssill\u00e4 Keep Britain Tidy -organisaatio Englannissa. KBT solmii yhteisty\u00f6sopimuksia&nbsp;kansainv\u00e4lisesti muissa maissa hankkeen toimittamiseksi muissa maissa.&nbsp;Tutustu koko GFA verkostoon ymp\u00e4ri maailmaa. Vuonna 2019 Viherymp\u00e4rist\u00f6liitto ry solmi Keep Britain Tidy -j\u00e4rjest\u00f6n kanssa yhteisty\u00f6sopimuksen, ett\u00e4&nbsp;Viherymp\u00e4rist\u00f6liitto hallinnoi&nbsp;Green Flag -hanketta&nbsp;Suomessa. [&hellip;]<\/p>\n","protected":false},"author":7,"featured_media":0,"parent":24,"menu_order":20,"comment_status":"closed","ping_status":"closed","template":"","meta":{"_acf_changed":false,"_relevanssi_hide_post":"","_relevanssi_hide_content":"","_relevanssi_pin_for_all":"","_relevanssi_pin_keywords":"","_relevanssi_unpin_keywords":"","_relevanssi_related_keywords":"","_relevanssi_related_include_ids":"","_relevanssi_related_exclude_ids":"","_relevanssi_related_no_append":"","_relevanssi_related_not_related":"","_relevanssi_related_posts":"1","_relevanssi_noindex_reason":"","footnotes":""},"class_list":["post-63","page","type-page","status-publish","hentry"],"acf":[],"_links":{"self":[{"href":"https:\/\/www.vyl.fi\/green-flag-award\/wp-json\/wp\/v2\/pages\/63","targetHints":{"allow":["GET"]}}],"collection":[{"href":"https:\/\/www.vyl.fi\/green-flag-award\/wp-json\/wp\/v2\/pages"}],"about":[{"href":"https:\/\/www.vyl.fi\/green-flag-award\/wp-json\/wp\/v2\/types\/page"}],"author":[{"embeddable":true,"href":"https:\/\/www.vyl.fi\/green-flag-award\/wp-json\/wp\/v2\/users\/7"}],"replies":[{"embeddable":true,"href":"https:\/\/www.vyl.fi\/green-flag-award\/wp-json\/wp\/v2\/comments?post=63"}],"version-history":[{"count":3,"href":"https:\/\/www.vyl.fi\/green-flag-award\/wp-json\/wp\/v2\/pages\/63\/revisions"}],"predecessor-version":[{"id":66,"href":"https:\/\/www.vyl.fi\/green-flag-award\/wp-json\/wp\/v2\/pages\/63\/revisions\/66"}],"up":[{"embeddable":true,"href":"https:\/\/www.vyl.fi\/green-flag-award\/wp-json\/wp\/v2\/pages\/24"}],"wp:attachment":[{"href":"https:\/\/www.vyl.fi\/green-flag-award\/wp-json\/wp\/v2\/media?parent=63"}],"curies":[{"name":"wp","href":"https:\/\/api.w.org\/{rel}","templated":true}]}}