{"id":67,"date":"2024-10-04T10:51:03","date_gmt":"2024-10-04T07:51:03","guid":{"rendered":"https:\/\/u79114.www2.webdomain.fi\/green-flag-award\/?page_id=67"},"modified":"2024-10-04T10:52:23","modified_gmt":"2024-10-04T07:52:23","slug":"tunnuksen-historia","status":"publish","type":"page","link":"https:\/\/www.vyl.fi\/green-flag-award\/mika-on-green-flag-award\/tunnuksen-historia\/","title":{"rendered":"Tunnuksen historia"},"content":{"rendered":"\n<p>Green Flag -hanke on k\u00e4ynnistetty ensimm\u00e4isen kerran vuonna 1997 Britanniassa. Tarkoituksena oli vakiinnuttaa yleiset standardit laadukkaasti yll\u00e4pidetyille viheralueille, joiden avulla voi perustella ja kehitt\u00e4\u00e4 alueiden vaatimaa rahoitusta sek\u00e4 houkutella lis\u00e4\u00e4 k\u00e4ytt\u00e4ji\u00e4 viheralueille.&nbsp;Green Flag Award t\u00e4ytti tarkoituksensa,&nbsp;ja kun standardit vakiintuivat, yh\u00e4 useampi puisto osallistui hankkeeseen ja haki tunnusta. Nyt&nbsp;palkintoa voi hakea melkein mik\u00e4 tahansa viheralue: hautausmaat, kampukset, sairaalan puutarhat, kansallispuistot ja esimerkiksi siirtolapuutarhat.<\/p>\n\n\n\n<p>Vuonna 2008 hanke laajeni pilottina ulkomaille ja nykyp\u00e4iv\u00e4n\u00e4&nbsp;Green Flag liehuu yli 2400&nbsp;kohteessa&nbsp;17 eri maassa, kuten Australiassa, Uudessa-Seelannissa, Meksikossa, Turkissa, Belgiassa, Espanjassa ja Yhdysvalloissa.&nbsp;<\/p>\n\n\n\n<div class=\"wp-block-buttons is-layout-flex wp-block-buttons-is-layout-flex\">\n<div class=\"wp-block-button\"><a class=\"wp-block-button__link wp-element-button\" href=\"https:\/\/www.greenflagaward.org\/about-the-award\/award-history\/\" target=\"_blank\" rel=\"noreferrer noopener\">Lue lis\u00e4\u00e4 GFA:n historiasta (englanniksi)<\/a><\/div>\n<\/div>\n\n\n\n<p><\/p>\n","protected":false},"excerpt":{"rendered":"<p>Green Flag -hanke on k\u00e4ynnistetty ensimm\u00e4isen kerran vuonna 1997 Britanniassa. Tarkoituksena oli vakiinnuttaa yleiset standardit laadukkaasti yll\u00e4pidetyille viheralueille, joiden avulla voi perustella ja kehitt\u00e4\u00e4 alueiden vaatimaa rahoitusta sek\u00e4 houkutella lis\u00e4\u00e4 k\u00e4ytt\u00e4ji\u00e4 viheralueille.&nbsp;Green Flag Award t\u00e4ytti tarkoituksensa,&nbsp;ja kun standardit vakiintuivat, yh\u00e4 useampi puisto osallistui hankkeeseen ja haki tunnusta. Nyt&nbsp;palkintoa voi hakea melkein mik\u00e4 tahansa viheralue: hautausmaat, [&hellip;]<\/p>\n","protected":false},"author":7,"featured_media":0,"parent":24,"menu_order":30,"comment_status":"closed","ping_status":"closed","template":"","meta":{"_acf_changed":false,"_relevanssi_hide_post":"","_relevanssi_hide_content":"","_relevanssi_pin_for_all":"","_relevanssi_pin_keywords":"","_relevanssi_unpin_keywords":"","_relevanssi_related_keywords":"","_relevanssi_related_include_ids":"","_relevanssi_related_exclude_ids":"","_relevanssi_related_no_append":"","_relevanssi_related_not_related":"","_relevanssi_related_posts":"1","_relevanssi_noindex_reason":"","footnotes":""},"class_list":["post-67","page","type-page","status-publish","hentry"],"acf":[],"_links":{"self":[{"href":"https:\/\/www.vyl.fi\/green-flag-award\/wp-json\/wp\/v2\/pages\/67","targetHints":{"allow":["GET"]}}],"collection":[{"href":"https:\/\/www.vyl.fi\/green-flag-award\/wp-json\/wp\/v2\/pages"}],"about":[{"href":"https:\/\/www.vyl.fi\/green-flag-award\/wp-json\/wp\/v2\/types\/page"}],"author":[{"embeddable":true,"href":"https:\/\/www.vyl.fi\/green-flag-award\/wp-json\/wp\/v2\/users\/7"}],"replies":[{"embeddable":true,"href":"https:\/\/www.vyl.fi\/green-flag-award\/wp-json\/wp\/v2\/comments?post=67"}],"version-history":[{"count":2,"href":"https:\/\/www.vyl.fi\/green-flag-award\/wp-json\/wp\/v2\/pages\/67\/revisions"}],"predecessor-version":[{"id":69,"href":"https:\/\/www.vyl.fi\/green-flag-award\/wp-json\/wp\/v2\/pages\/67\/revisions\/69"}],"up":[{"embeddable":true,"href":"https:\/\/www.vyl.fi\/green-flag-award\/wp-json\/wp\/v2\/pages\/24"}],"wp:attachment":[{"href":"https:\/\/www.vyl.fi\/green-flag-award\/wp-json\/wp\/v2\/media?parent=67"}],"curies":[{"name":"wp","href":"https:\/\/api.w.org\/{rel}","templated":true}]}}