{"id":70,"date":"2024-10-04T10:55:00","date_gmt":"2024-10-04T07:55:00","guid":{"rendered":"https:\/\/u79114.www2.webdomain.fi\/green-flag-award\/?page_id=70"},"modified":"2024-10-04T12:59:48","modified_gmt":"2024-10-04T09:59:48","slug":"hakuprosessi","status":"publish","type":"page","link":"https:\/\/www.vyl.fi\/green-flag-award\/hae-tunnusta\/hakuprosessi\/","title":{"rendered":"Hakuprosessi"},"content":{"rendered":"\n<p class=\"wp-block-lala-blocks-lala-ingressi\">GFA-tunnus uusitaan vuosittain, n\u00e4in varmistetaan pitk\u00e4kestoinen, laadukas kehitys viheralueiden ja yhteis\u00f6n hyv\u00e4ksi.<\/p>\n\n\n\n<p>Haku alkaa rekister\u00f6itym\u00e4ll\u00e4 GFA-hakijaksi. Rekister\u00f6ityminen tehd\u00e4\u00e4n hankkeen kansainv\u00e4lisill\u00e4 verkkosivuilla,&nbsp;<a href=\"https:\/\/www.greenflagaward.org\/organisation-summary\/?organisation=22\" target=\"_blank\" rel=\"noreferrer noopener\">Suomen omalta organisaatiosivulta<\/a>. Rekister\u00f6itymisen j\u00e4lkeen saat tunnukset GFA-j\u00e4rjestelm\u00e4\u00e4n, mihin varsinainen hakemus kirjataan.<\/p>\n\n\n\n<p>J\u00e4rjestelm\u00e4\u00e4n tulee toimittaa ja kirjata seuraava materiaali:&nbsp;<\/p>\n\n\n\n<ul class=\"wp-block-list\">\n<li>Kohdekuvaus<\/li>\n\n\n\n<li>Yhteystiedot<\/li>\n\n\n\n<li>Julkaisutiedot<\/li>\n\n\n\n<li>Laskutustiedot<\/li>\n\n\n\n<li>\u201dManagement Plan\u201d eli hallinnointi- ja kunnossapitosuunnitelma<\/li>\n<\/ul>\n\n\n\n<p>Hallinnointi- ja kunnossapitosuunnitelma on kriteerist\u00f6n mukainen selvitys viheralueen toiminnasta kunnossapidon eri osa-alueilla. Suunnitelma on kirjallinen kuvaus, joka liitet\u00e4\u00e4n hakemukseen ja se arvioidaan erikseen.<\/p>\n\n\n\n<p><strong>Hakuprosessi tulee tehd\u00e4 vuosittain, eli GFA \u2013tunnus my\u00f6nnet\u00e4\u00e4n vain vuodeksi kerrallaan<\/strong>. Hakuprosessi on ty\u00f6l\u00e4in ensimm\u00e4isen\u00e4 hakuvuonna, kun hanke on uusi ja toiminnanohjaussuunnitelma tulee laatia ensimm\u00e4isen kerran. Seuraavina vuonna haku on suunnitelman p\u00e4ivitt\u00e4mist\u00e4 ja edist\u00e4mist\u00e4 laadukkaampaan suuntaan.<\/p>\n\n\n\n<p>Haku maksaa 650\u00a0euroa (+alv 25,5%) vuodessa, sis\u00e4lt\u00e4en\u00a0koko hakemusprosessin, my\u00f6s tuomarointikulut.<\/p>\n\n\n\n<p>Auditointi suoritetaan vuosittain touko-hein\u00e4kuussa, tuomareiden kanssa erikseen sovittuna ajankohtana.<\/p>\n\n\n\n<div class=\"wp-block-lala-blocks-lala-infobox-with-title\">\n<h2 class=\"wp-block-heading\">hae mukaan <\/h2>\n\n\n\n<p>Aiemmin tunnusta hakenut? Kirjaudu&nbsp;<a href=\"https:\/\/www.greenflagaward.org\/\" target=\"_blank\" rel=\"noreferrer noopener\">GFA:n verkkosivuille<\/a>&nbsp;ja t\u00e4yt\u00e4 hakemus.<br>Uusi hakija?&nbsp;<a href=\"https:\/\/www.greenflagaward.org\/organisation-summary\/?organisation=22\" target=\"_blank\" rel=\"noreferrer noopener\">Rekister\u00f6idy hakijaksi<\/a>&nbsp;t\u00e4ytt\u00e4m\u00e4ll\u00e4 lomake APPLY FOR AN AWARD<\/p>\n<\/div>\n","protected":false},"excerpt":{"rendered":"<p>Haku alkaa rekister\u00f6itym\u00e4ll\u00e4 GFA-hakijaksi. Rekister\u00f6ityminen tehd\u00e4\u00e4n hankkeen kansainv\u00e4lisill\u00e4 verkkosivuilla,&nbsp;Suomen omalta organisaatiosivulta. Rekister\u00f6itymisen j\u00e4lkeen saat tunnukset GFA-j\u00e4rjestelm\u00e4\u00e4n, mihin varsinainen hakemus kirjataan. J\u00e4rjestelm\u00e4\u00e4n tulee toimittaa ja kirjata seuraava materiaali:&nbsp; Hallinnointi- ja kunnossapitosuunnitelma on kriteerist\u00f6n mukainen selvitys viheralueen toiminnasta kunnossapidon eri osa-alueilla. Suunnitelma on kirjallinen kuvaus, joka liitet\u00e4\u00e4n hakemukseen ja se arvioidaan erikseen. Hakuprosessi tulee tehd\u00e4 vuosittain, eli [&hellip;]<\/p>\n","protected":false},"author":7,"featured_media":0,"parent":28,"menu_order":10,"comment_status":"closed","ping_status":"closed","template":"","meta":{"_acf_changed":false,"_relevanssi_hide_post":"","_relevanssi_hide_content":"","_relevanssi_pin_for_all":"","_relevanssi_pin_keywords":"","_relevanssi_unpin_keywords":"","_relevanssi_related_keywords":"","_relevanssi_related_include_ids":"","_relevanssi_related_exclude_ids":"","_relevanssi_related_no_append":"","_relevanssi_related_not_related":"","_relevanssi_related_posts":"1","_relevanssi_noindex_reason":"","footnotes":""},"class_list":["post-70","page","type-page","status-publish","hentry"],"acf":[],"_links":{"self":[{"href":"https:\/\/www.vyl.fi\/green-flag-award\/wp-json\/wp\/v2\/pages\/70","targetHints":{"allow":["GET"]}}],"collection":[{"href":"https:\/\/www.vyl.fi\/green-flag-award\/wp-json\/wp\/v2\/pages"}],"about":[{"href":"https:\/\/www.vyl.fi\/green-flag-award\/wp-json\/wp\/v2\/types\/page"}],"author":[{"embeddable":true,"href":"https:\/\/www.vyl.fi\/green-flag-award\/wp-json\/wp\/v2\/users\/7"}],"replies":[{"embeddable":true,"href":"https:\/\/www.vyl.fi\/green-flag-award\/wp-json\/wp\/v2\/comments?post=70"}],"version-history":[{"count":2,"href":"https:\/\/www.vyl.fi\/green-flag-award\/wp-json\/wp\/v2\/pages\/70\/revisions"}],"predecessor-version":[{"id":108,"href":"https:\/\/www.vyl.fi\/green-flag-award\/wp-json\/wp\/v2\/pages\/70\/revisions\/108"}],"up":[{"embeddable":true,"href":"https:\/\/www.vyl.fi\/green-flag-award\/wp-json\/wp\/v2\/pages\/28"}],"wp:attachment":[{"href":"https:\/\/www.vyl.fi\/green-flag-award\/wp-json\/wp\/v2\/media?parent=70"}],"curies":[{"name":"wp","href":"https:\/\/api.w.org\/{rel}","templated":true}]}}