{"id":72,"date":"2024-10-04T11:03:09","date_gmt":"2024-10-04T08:03:09","guid":{"rendered":"https:\/\/u79114.www2.webdomain.fi\/green-flag-award\/?page_id=72"},"modified":"2024-10-04T11:50:07","modified_gmt":"2024-10-04T08:50:07","slug":"tuomarointi","status":"publish","type":"page","link":"https:\/\/www.vyl.fi\/green-flag-award\/hae-tunnusta\/hakuprosessi\/tuomarointi\/","title":{"rendered":"Tuomarointi"},"content":{"rendered":"\n<p class=\"wp-block-lala-blocks-lala-ingressi\">Jokainen viheralue arvioidaan vuosittain kokeneiden tuomareiden toimesta.<\/p>\n\n\n\n<p>Ensimm\u00e4isen\u00e4 hakuvuonna suoritetaan&nbsp;<strong>kokonaisarviointi<\/strong>, jossa kaksi tuomaria arvioivat kirjallisen hallinnointi- ja kunnossapitosuunnitelman sek\u00e4 matkustavat paikan p\u00e4\u00e4lle suorittamaan kohdearvioinnin sek\u00e4 tapaamaan henkil\u00f6kuntaa, ty\u00f6ntekij\u00f6it\u00e4 sek\u00e4 vapaaehtoisia.<\/p>\n\n\n\n<p>Seuraavana vuonna tuomarointi suoritetaan&nbsp;<strong>pistokokeella<\/strong>, jossa yksi tuomari arvioi kirjallisen, p\u00e4ivitetyn hallinnointi- ja kunnossapitosuunnitelman sek\u00e4 k\u00e4y omatoimisesti paikan p\u00e4\u00e4ll\u00e4 tarkistamassa GFA-kriteerist\u00f6n tason ilman ohjattua kierrosta.<\/p>\n\n\n\n<p>Tulevina vuosina arvioinnin muoto vuorottelee kokonaisarvioinnin sek\u00e4 pistokokeen v\u00e4lill\u00e4.<\/p>\n\n\n\n<hr class=\"wp-block-separator has-alpha-channel-opacity\" \/>\n\n\n\n<p>Kohteen kokonaisarvioinnissa on kaksi osaa:&nbsp;<\/p>\n\n\n\n<p><strong>Osa 1: Kirjallinen arviointi &#8211; &#8221;Desk Assessment&#8221;<\/strong><\/p>\n\n\n\n<p>Ensimm\u00e4isess\u00e4 osassa tuomarit arvioivat kohteen kirjallisen hallinnointi- ja kunnossapitosuunnitelman (&#8221;management plan&#8221;), siihen liittyv\u00e4n materiaalin sek\u00e4 mahdolliset aikaisemmat tuomaripalautteet (jos kohde ei hae tunnusta ensimm\u00e4ist\u00e4 kertaa).<\/p>\n\n\n\n<p>Hallinnointi- ja kunnossapitosuunnitelman&nbsp;arviointi muodostaa 30\/100 pistett\u00e4.<\/p>\n\n\n\n<p>Hyv\u00e4ksytty tulos on ka. 15 pistett\u00e4 tai enemm\u00e4n.<\/p>\n\n\n\n<p><strong>Osa 2: Kohdearviointi &#8211; &#8221;Site Assessment&#8221;<\/strong><\/p>\n\n\n\n<p>Toisessa arvioinnin osassa j\u00e4rjestet\u00e4\u00e4n vierailu kohteeseen. Paikan p\u00e4\u00e4ll\u00e4 suoritettavassa auditoinnissa tuomarit arvioivat, onko hallinnointi- ja kunnossapitosuunnitelma paikkansapit\u00e4v\u00e4 kohteessa ja vastaako viheralue Green Flag Award -tunnuksen kriteerist\u00f6\u00e4. T\u00e4m\u00e4 m\u00e4\u00e4ritell\u00e4\u00e4n havainnoimalla viheraluetta sek\u00e4 haastatellen henkil\u00f6kuntaa, vapaaehtoisia sek\u00e4 k\u00e4ytt\u00e4ji\u00e4.<\/p>\n\n\n\n<p>Kohdearviointi muodostaa 70\/100 pistett\u00e4.<\/p>\n\n\n\n<p>Hyv\u00e4ksytty tulos on ka. 42 pistett\u00e4 tai enemm\u00e4n.<\/p>\n\n\n\n<p><em>Jotta viheralue voi voittaa Green Flag Award -tunnuksen, vaaditaan kokonaispistem\u00e4\u00e4r\u00e4ksi v\u00e4hint\u00e4\u00e4n 66\/100 pistett\u00e4. Jokainen hakemus arvioidaan kirjallisesti ja kohdek\u00e4ynnill\u00e4 sek\u00e4 kohde saa t\u00e4ydellisen palauteraportin tuomareilta \u2013 tuloksesta riippumatta. Hakijoille ei luovuteta pistem\u00e4\u00e4r\u00e4ist\u00e4 tulostaulukkoa, mutta kirjallisesta raportista n\u00e4kee parhaiten menestyneet kriteerit sek\u00e4 kehityst\u00e4 vaativat toimet.<\/em><\/p>\n","protected":false},"excerpt":{"rendered":"<p>Ensimm\u00e4isen\u00e4 hakuvuonna suoritetaan&nbsp;kokonaisarviointi, jossa kaksi tuomaria arvioivat kirjallisen hallinnointi- ja kunnossapitosuunnitelman sek\u00e4 matkustavat paikan p\u00e4\u00e4lle suorittamaan kohdearvioinnin sek\u00e4 tapaamaan henkil\u00f6kuntaa, ty\u00f6ntekij\u00f6it\u00e4 sek\u00e4 vapaaehtoisia. Seuraavana vuonna tuomarointi suoritetaan&nbsp;pistokokeella, jossa yksi tuomari arvioi kirjallisen, p\u00e4ivitetyn hallinnointi- ja kunnossapitosuunnitelman sek\u00e4 k\u00e4y omatoimisesti paikan p\u00e4\u00e4ll\u00e4 tarkistamassa GFA-kriteerist\u00f6n tason ilman ohjattua kierrosta. Tulevina vuosina arvioinnin muoto vuorottelee kokonaisarvioinnin sek\u00e4 pistokokeen [&hellip;]<\/p>\n","protected":false},"author":7,"featured_media":83,"parent":70,"menu_order":20,"comment_status":"closed","ping_status":"closed","template":"","meta":{"_acf_changed":false,"_relevanssi_hide_post":"","_relevanssi_hide_content":"","_relevanssi_pin_for_all":"","_relevanssi_pin_keywords":"","_relevanssi_unpin_keywords":"","_relevanssi_related_keywords":"","_relevanssi_related_include_ids":"","_relevanssi_related_exclude_ids":"","_relevanssi_related_no_append":"","_relevanssi_related_not_related":"","_relevanssi_related_posts":"1","_relevanssi_noindex_reason":"","footnotes":""},"class_list":["post-72","page","type-page","status-publish","has-post-thumbnail","hentry"],"acf":[],"_links":{"self":[{"href":"https:\/\/www.vyl.fi\/green-flag-award\/wp-json\/wp\/v2\/pages\/72","targetHints":{"allow":["GET"]}}],"collection":[{"href":"https:\/\/www.vyl.fi\/green-flag-award\/wp-json\/wp\/v2\/pages"}],"about":[{"href":"https:\/\/www.vyl.fi\/green-flag-award\/wp-json\/wp\/v2\/types\/page"}],"author":[{"embeddable":true,"href":"https:\/\/www.vyl.fi\/green-flag-award\/wp-json\/wp\/v2\/users\/7"}],"replies":[{"embeddable":true,"href":"https:\/\/www.vyl.fi\/green-flag-award\/wp-json\/wp\/v2\/comments?post=72"}],"version-history":[{"count":2,"href":"https:\/\/www.vyl.fi\/green-flag-award\/wp-json\/wp\/v2\/pages\/72\/revisions"}],"predecessor-version":[{"id":74,"href":"https:\/\/www.vyl.fi\/green-flag-award\/wp-json\/wp\/v2\/pages\/72\/revisions\/74"}],"up":[{"embeddable":true,"href":"https:\/\/www.vyl.fi\/green-flag-award\/wp-json\/wp\/v2\/pages\/70"}],"wp:featuredmedia":[{"embeddable":true,"href":"https:\/\/www.vyl.fi\/green-flag-award\/wp-json\/wp\/v2\/media\/83"}],"wp:attachment":[{"href":"https:\/\/www.vyl.fi\/green-flag-award\/wp-json\/wp\/v2\/media?parent=72"}],"curies":[{"name":"wp","href":"https:\/\/api.w.org\/{rel}","templated":true}]}}