{"id":75,"date":"2024-10-04T11:06:41","date_gmt":"2024-10-04T08:06:41","guid":{"rendered":"https:\/\/u79114.www2.webdomain.fi\/green-flag-award\/?page_id=75"},"modified":"2026-02-18T15:33:50","modified_gmt":"2026-02-18T13:33:50","slug":"aikataulu-2025","status":"publish","type":"page","link":"https:\/\/www.vyl.fi\/green-flag-award\/hae-tunnusta\/hakuprosessi\/aikataulu-2025\/","title":{"rendered":"Aikataulu 2026"},"content":{"rendered":"\n<figure class=\"wp-block-table\"><table><thead><tr><th>P\u00e4iv\u00e4m\u00e4\u00e4r\u00e4<\/th><th>Hakuvaihe<\/th><\/tr><\/thead><tbody><tr><td>1.2.2026<\/td><td>Rekister\u00f6ityminen hakijaksi alkaa<\/td><\/tr><tr><td>16.4.2026<\/td><td>Rekister\u00f6ityminen hakijaksi p\u00e4\u00e4ttyy <\/td><\/tr><tr><td>16.4.2026<\/td><td>Kaikki hakumateriaali tulee olla toimitettuna GFA j\u00e4rjestelm\u00e4\u00e4n<\/td><\/tr><tr><td>5-7\/2026<\/td><td>Tuomarointiaika<\/td><\/tr><tr><td>1.8.2026<\/td><td>Tuomareiden raportit j\u00e4rjestelm\u00e4ss\u00e4 viimeist\u00e4\u00e4n<\/td><\/tr><tr><td>13.8.2026 klo 12:30<\/td><td>Tunnuksen voittaneiden viheralueiden julkaiseminen &nbsp;Lepaa2026&nbsp;-n\u00e4yttelyss\u00e4<\/td><\/tr><\/tbody><\/table><\/figure>\n","protected":false},"excerpt":{"rendered":"<p>P\u00e4iv\u00e4m\u00e4\u00e4r\u00e4 Hakuvaihe 1.2.2026 Rekister\u00f6ityminen hakijaksi alkaa 16.4.2026 Rekister\u00f6ityminen hakijaksi p\u00e4\u00e4ttyy 16.4.2026 Kaikki hakumateriaali tulee olla toimitettuna GFA j\u00e4rjestelm\u00e4\u00e4n 5-7\/2026 Tuomarointiaika 1.8.2026 Tuomareiden raportit j\u00e4rjestelm\u00e4ss\u00e4 viimeist\u00e4\u00e4n 13.8.2026 klo 12:30 Tunnuksen voittaneiden viheralueiden julkaiseminen &nbsp;Lepaa2026&nbsp;-n\u00e4yttelyss\u00e4<\/p>\n","protected":false},"author":7,"featured_media":0,"parent":70,"menu_order":30,"comment_status":"closed","ping_status":"closed","template":"","meta":{"_acf_changed":false,"_relevanssi_hide_post":"","_relevanssi_hide_content":"","_relevanssi_pin_for_all":"","_relevanssi_pin_keywords":"","_relevanssi_unpin_keywords":"","_relevanssi_related_keywords":"","_relevanssi_related_include_ids":"","_relevanssi_related_exclude_ids":"","_relevanssi_related_no_append":"","_relevanssi_related_not_related":"","_relevanssi_related_posts":"1","_relevanssi_noindex_reason":"","footnotes":""},"class_list":["post-75","page","type-page","status-publish","hentry"],"acf":[],"_links":{"self":[{"href":"https:\/\/www.vyl.fi\/green-flag-award\/wp-json\/wp\/v2\/pages\/75","targetHints":{"allow":["GET"]}}],"collection":[{"href":"https:\/\/www.vyl.fi\/green-flag-award\/wp-json\/wp\/v2\/pages"}],"about":[{"href":"https:\/\/www.vyl.fi\/green-flag-award\/wp-json\/wp\/v2\/types\/page"}],"author":[{"embeddable":true,"href":"https:\/\/www.vyl.fi\/green-flag-award\/wp-json\/wp\/v2\/users\/7"}],"replies":[{"embeddable":true,"href":"https:\/\/www.vyl.fi\/green-flag-award\/wp-json\/wp\/v2\/comments?post=75"}],"version-history":[{"count":6,"href":"https:\/\/www.vyl.fi\/green-flag-award\/wp-json\/wp\/v2\/pages\/75\/revisions"}],"predecessor-version":[{"id":254,"href":"https:\/\/www.vyl.fi\/green-flag-award\/wp-json\/wp\/v2\/pages\/75\/revisions\/254"}],"up":[{"embeddable":true,"href":"https:\/\/www.vyl.fi\/green-flag-award\/wp-json\/wp\/v2\/pages\/70"}],"wp:attachment":[{"href":"https:\/\/www.vyl.fi\/green-flag-award\/wp-json\/wp\/v2\/media?parent=75"}],"curies":[{"name":"wp","href":"https:\/\/api.w.org\/{rel}","templated":true}]}}