{"id":80,"date":"2024-10-04T11:14:30","date_gmt":"2024-10-04T08:14:30","guid":{"rendered":"https:\/\/u79114.www2.webdomain.fi\/green-flag-award\/?page_id=80"},"modified":"2024-10-04T11:51:39","modified_gmt":"2024-10-04T08:51:39","slug":"kriteeristo","status":"publish","type":"page","link":"https:\/\/www.vyl.fi\/green-flag-award\/hae-tunnusta\/kriteeristo\/","title":{"rendered":"Kriteerist\u00f6"},"content":{"rendered":"\n<p><a href=\"https:\/\/www.greenflagaward.org\/how-it-works\/judging-criteria\/green-flag-award\/\" data-type=\"link\" data-id=\"https:\/\/www.greenflagaward.org\/how-it-works\/judging-criteria\/green-flag-award\/\" target=\"_blank\" rel=\"noreferrer noopener\">Green Flag Award kriteerist\u00f6n<\/a>&nbsp;avulla mitataan koko alueen toimintaa, jossa t\u00e4rkeit\u00e4 asioita ovat kest\u00e4v\u00e4n kehityksen mukainen toiminta sek\u00e4 k\u00e4ytt\u00e4jille tarjotut toimintamahdollisuudet ja osallistumismahdollisuudet.<\/p>\n\n\n\n<p>Green Flag -tunnusta&nbsp;hakevat viheralueet arvioidaan tuomareiden toimesta 27 kohtaa sis\u00e4lt\u00e4v\u00e4ll\u00e4&nbsp;kriteerist\u00f6ll\u00e4, joka jakautuu&nbsp;kahdeksaan eri osioon. Kriteerist\u00f6 ei toimi vaatimuslistana mit\u00e4 viheralueella tulee olla, vaan se tarjoaa puitteet laadukkaalle kunnossapidolle ja toiminnalle, johon tulisi pyrki\u00e4 ja jota ammattilaiset voivat kehitt\u00e4\u00e4 ja soveltaa viheralueillaan. Viheralueen tulee pyrki\u00e4 saavuttamaan hyv\u00e4 kunnossapidon taso kaikilla kriteerist\u00f6n toiminta-alueilla.<\/p>\n\n\n\n<p>Viheralue ei todenn\u00e4k\u00f6isesti koskaan tule valmiiksi tai t\u00e4ydelliseksi \u2013 sen t\u00e4ytyy aktiivisesti vastata muutoksiin ja k\u00e4ytt\u00e4jien tarpeisiin, samalla kun aktiivisesti yll\u00e4pit\u00e4\u00e4 omaa identiteetti\u00e4\u00e4n.<\/p>\n\n\n\n<figure class=\"wp-block-table\"><table class=\"has-fixed-layout\"><tbody><tr><td>V<strong>iihtyisyys ja k\u00e4ytett\u00e4vyys<\/strong><\/td><td>1. K\u00e4ytt\u00e4j\u00e4yst\u00e4v\u00e4llisyys<br>2. Helppo ja turvallinen kulku<br>3. Opasteet &nbsp;&nbsp; &nbsp;<br>4. Yhdenvertainen kulku kaikille<\/td><\/tr><tr><td><strong>Terveys, hyvinvointi ja turvallisuus<\/strong><\/td><td>5. Asianmukaiset tilat ja toiminnot<br>6. Turvalliset kalusteet, varusteet, laitteet ja tilat&nbsp;<br>7. K\u00e4ytt\u00e4j\u00e4n turvallisuus&nbsp;<br>8. Koirien valvonta<\/td><\/tr><tr><td><strong>Kunnossapito ja puhtaanapito<\/strong><\/td><td>9. Roskat ja j\u00e4tehuolto &nbsp;&nbsp; &nbsp;<br>10. Viheralueiden kunnossapito<br>11. Puiden ja taajamametsien hoito<br>12. Rakennusten ja infran kunnossapito&nbsp;<br>13. V\u00e4lineiden kunnossapito&nbsp;<\/td><\/tr><tr><td><strong>Ymp\u00e4rist\u00f6vaikutusten hallinta<\/strong><\/td><td>14. Ymp\u00e4rist\u00f6vaikutusten hallinta&nbsp; &nbsp; &nbsp; &nbsp; &nbsp; &nbsp;<br>15. J\u00e4tteen v\u00e4hent\u00e4minen&nbsp; &nbsp; &nbsp; &nbsp;&nbsp;<br>16. Kemikaalien k\u00e4ytt\u00f6<br>17. Turpeen k\u00e4ytt\u00f6&nbsp;&nbsp; &nbsp; &nbsp; &nbsp;&nbsp;<br>18. Ilmastonmuutokseen sopeutuminen<\/td><\/tr><tr><td><strong>Luonnon monimuotoisuus, maisema ja kulttuuriperint\u00f6<\/strong><\/td><td>19. Luonnon kasvi- ja el\u00e4inekosysteemien hoito&nbsp;<br>20. Maiseman s\u00e4ilytt\u00e4minen &nbsp;&nbsp; &nbsp;<br>21. Rakennusten ja rakenteiden s\u00e4ilytt\u00e4minen&nbsp;<\/td><\/tr><tr><td><strong>Osallisuus ja yhteis\u00f6llisyys<\/strong><\/td><td>22. Osallistaminen viheralueen kunnossapitoon ja kehitt\u00e4miseen&nbsp;<br>23. Asianmukainen tarjonta k\u00e4ytt\u00e4jille&nbsp;&nbsp;<\/td><\/tr><tr><td><strong>Markkinointi ja viestint\u00e4<\/strong><\/td><td>24. Markkinointi ja kampanjat &nbsp;&nbsp; &nbsp;<br>25. Asianmukaiset viestint\u00e4kanavat<br>26. Asianmukainen opetuksellinen ja tiedotuksellinen viestint\u00e4<\/td><\/tr><tr><td><strong>Kunnossapidon kehitt\u00e4minen<\/strong><\/td><td>27.&nbsp;Kunnossapidon kehitt\u00e4missuunnitelman toteutuminen<\/td><\/tr><\/tbody><\/table><\/figure>\n\n\n\n<figure class=\"wp-block-image size-large\"><img loading=\"lazy\" decoding=\"async\" width=\"1024\" height=\"683\" src=\"https:\/\/u79114.www2.webdomain.fi\/green-flag-award\/wp-content\/uploads\/sites\/6\/2024\/10\/tuomarointi-2-2024-pieni-kuva-1024x683.jpg\" alt=\"\" class=\"wp-image-84\" srcset=\"https:\/\/www.vyl.fi\/green-flag-award\/wp-content\/uploads\/sites\/6\/2024\/10\/tuomarointi-2-2024-pieni-kuva-1024x683.jpg 1024w, https:\/\/www.vyl.fi\/green-flag-award\/wp-content\/uploads\/sites\/6\/2024\/10\/tuomarointi-2-2024-pieni-kuva-300x200.jpg 300w, https:\/\/www.vyl.fi\/green-flag-award\/wp-content\/uploads\/sites\/6\/2024\/10\/tuomarointi-2-2024-pieni-kuva-768x512.jpg 768w, https:\/\/www.vyl.fi\/green-flag-award\/wp-content\/uploads\/sites\/6\/2024\/10\/tuomarointi-2-2024-pieni-kuva-1536x1024.jpg 1536w, https:\/\/www.vyl.fi\/green-flag-award\/wp-content\/uploads\/sites\/6\/2024\/10\/tuomarointi-2-2024-pieni-kuva-2048x1365.jpg 2048w\" sizes=\"(max-width: 1024px) 100vw, 1024px\" \/><\/figure>\n","protected":false},"excerpt":{"rendered":"<p>Green Flag Award kriteerist\u00f6n&nbsp;avulla mitataan koko alueen toimintaa, jossa t\u00e4rkeit\u00e4 asioita ovat kest\u00e4v\u00e4n kehityksen mukainen toiminta sek\u00e4 k\u00e4ytt\u00e4jille tarjotut toimintamahdollisuudet ja osallistumismahdollisuudet. Green Flag -tunnusta&nbsp;hakevat viheralueet arvioidaan tuomareiden toimesta 27 kohtaa sis\u00e4lt\u00e4v\u00e4ll\u00e4&nbsp;kriteerist\u00f6ll\u00e4, joka jakautuu&nbsp;kahdeksaan eri osioon. Kriteerist\u00f6 ei toimi vaatimuslistana mit\u00e4 viheralueella tulee olla, vaan se tarjoaa puitteet laadukkaalle kunnossapidolle ja toiminnalle, johon tulisi pyrki\u00e4 [&hellip;]<\/p>\n","protected":false},"author":7,"featured_media":0,"parent":28,"menu_order":30,"comment_status":"closed","ping_status":"closed","template":"","meta":{"_acf_changed":false,"_relevanssi_hide_post":"","_relevanssi_hide_content":"","_relevanssi_pin_for_all":"","_relevanssi_pin_keywords":"","_relevanssi_unpin_keywords":"","_relevanssi_related_keywords":"","_relevanssi_related_include_ids":"","_relevanssi_related_exclude_ids":"","_relevanssi_related_no_append":"","_relevanssi_related_not_related":"","_relevanssi_related_posts":"1","_relevanssi_noindex_reason":"","footnotes":""},"class_list":["post-80","page","type-page","status-publish","hentry"],"acf":[],"_links":{"self":[{"href":"https:\/\/www.vyl.fi\/green-flag-award\/wp-json\/wp\/v2\/pages\/80","targetHints":{"allow":["GET"]}}],"collection":[{"href":"https:\/\/www.vyl.fi\/green-flag-award\/wp-json\/wp\/v2\/pages"}],"about":[{"href":"https:\/\/www.vyl.fi\/green-flag-award\/wp-json\/wp\/v2\/types\/page"}],"author":[{"embeddable":true,"href":"https:\/\/www.vyl.fi\/green-flag-award\/wp-json\/wp\/v2\/users\/7"}],"replies":[{"embeddable":true,"href":"https:\/\/www.vyl.fi\/green-flag-award\/wp-json\/wp\/v2\/comments?post=80"}],"version-history":[{"count":3,"href":"https:\/\/www.vyl.fi\/green-flag-award\/wp-json\/wp\/v2\/pages\/80\/revisions"}],"predecessor-version":[{"id":85,"href":"https:\/\/www.vyl.fi\/green-flag-award\/wp-json\/wp\/v2\/pages\/80\/revisions\/85"}],"up":[{"embeddable":true,"href":"https:\/\/www.vyl.fi\/green-flag-award\/wp-json\/wp\/v2\/pages\/28"}],"wp:attachment":[{"href":"https:\/\/www.vyl.fi\/green-flag-award\/wp-json\/wp\/v2\/media?parent=80"}],"curies":[{"name":"wp","href":"https:\/\/api.w.org\/{rel}","templated":true}]}}