{"id":93,"date":"2024-10-04T12:06:01","date_gmt":"2024-10-04T09:06:01","guid":{"rendered":"https:\/\/u79114.www2.webdomain.fi\/green-flag-award\/?page_id=93"},"modified":"2024-10-11T12:01:17","modified_gmt":"2024-10-11T09:01:17","slug":"tutustu-tuomareihin","status":"publish","type":"page","link":"https:\/\/www.vyl.fi\/green-flag-award\/tuomarit\/tutustu-tuomareihin\/","title":{"rendered":"Tutustu tuomareihin"},"content":{"rendered":"\n<p>Vapaaehtoisten tuomarien roolia Green Flag Award-toiminnassa ei voi liikaa korostaa. Tuomarit luovat linkin viheralueen k\u00e4ytt\u00e4jien ja toimijoiden v\u00e4lille ja voivat vahvasti vaikuttaa alueen kehitt\u00e4miseen. Tuomareita on monenlaisista taustoista, mutta heit\u00e4 yhdist\u00e4\u00e4 osaaminen viheralueiden hoito- ja yll\u00e4pitoteht\u00e4vist\u00e4, maisemanhoidosta, puutarhataloudesta, ymp\u00e4rist\u00f6tieteist\u00e4 tai luonnonsuojelusta ja kiinnostus viherymp\u00e4rist\u00f6jen kehitt\u00e4misen tukemiseen.<\/p>\n\n\n\n<p>Alla tuomarit kertovat omin sanoin miksi he ovat mukana ohjelmassa vapaaehtoisina tuomareina ja millaisia kokemuksia heill\u00e4 on tuomaroinnista.<\/p>\n\n\n\n<figure class=\"wp-block-image size-large is-resized\"><img loading=\"lazy\" decoding=\"async\" width=\"1024\" height=\"1024\" src=\"http:\/\/u79114.www2.webdomain.fi\/green-flag-award\/wp-content\/uploads\/sites\/6\/2024\/10\/gfa-tuomari_Taina-1024x1024.png\" alt=\"\" class=\"wp-image-95\" style=\"width:300px\" srcset=\"https:\/\/www.vyl.fi\/green-flag-award\/wp-content\/uploads\/sites\/6\/2024\/10\/gfa-tuomari_Taina-1024x1024.png 1024w, https:\/\/www.vyl.fi\/green-flag-award\/wp-content\/uploads\/sites\/6\/2024\/10\/gfa-tuomari_Taina-300x300.png 300w, https:\/\/www.vyl.fi\/green-flag-award\/wp-content\/uploads\/sites\/6\/2024\/10\/gfa-tuomari_Taina-150x150.png 150w, https:\/\/www.vyl.fi\/green-flag-award\/wp-content\/uploads\/sites\/6\/2024\/10\/gfa-tuomari_Taina-768x768.png 768w, https:\/\/www.vyl.fi\/green-flag-award\/wp-content\/uploads\/sites\/6\/2024\/10\/gfa-tuomari_Taina-826x826.png 826w, https:\/\/www.vyl.fi\/green-flag-award\/wp-content\/uploads\/sites\/6\/2024\/10\/gfa-tuomari_Taina.png 1080w\" sizes=\"(max-width: 1024px) 100vw, 1024px\" \/><\/figure>\n\n\n\n<details class=\"wp-block-details is-layout-flow wp-block-details-is-layout-flow\"><summary><strong>Taina Suonio, maisemasuunnittelija:<\/strong> Koen, ett\u00e4 GFA-tuomarina minulla on mahdollisuus edist\u00e4\u00e4, kehitt\u00e4\u00e4 ja tukea kaupunkien, kuntien ja muiden relevanttien toimijoiden ty\u00f6t\u00e4 ja samalla my\u00f6s jakaa tietoa kuntalaisille siit\u00e4, kuinka verorahoja k\u00e4ytet\u00e4\u00e4n yhteisen viihtyvyyden suunnitteluun, toteutukseen ja yll\u00e4pitoon.<\/summary>\n<p>Tunnen GFA:n pitk\u00e4n ajan takaa, asuttuani yli 13 vuotta, ty\u00f6skennelty\u00e4ni ja opiskeltuani viheralaa Pohjois-Irlannissa 90-luvun lopulta alkaen. Opin tuolloin n\u00e4kem\u00e4\u00e4n sen erinomaisena sosiaalisena ty\u00f6kaluna ymp\u00e4rist\u00f6st\u00e4 huolehtimisen, kasvitietoisuuden ja yleisen vihreyden, meid\u00e4n kaikkien viihtyvyyden ja turvallisuudenkin kehitt\u00e4misess\u00e4. Kutsuin kurssinjohtajani Claire Woods\u2019inkin luennoimaan GFA -toiminnasta Kaupunginpuutarhurien Kes\u00e4p\u00e4iville Porvoossa 2007.<\/p>\n\n\n\n<p>Ty\u00f6ni maisemasuunnittelijana ja Helsingin yliopiston tutkimusryhm\u00e4n j\u00e4senen\u00e4 sis\u00e4lt\u00e4\u00e4 paljon tietokoneen \u00e4\u00e4rell\u00e4 olemista, yksin\u00e4ist\u00e4 puurtamista, ja on&nbsp;hienoa p\u00e4\u00e4st\u00e4 ulos kauniiseen ymp\u00e4rist\u00f6\u00f6n n\u00e4kem\u00e4\u00e4n ja kokemaan maisemasuunnittelun merkityksellisyytt\u00e4. My\u00f6s kollegoiden kanssa vaihdetut mielipiteet siit\u00e4, mit\u00e4 suunnittelu-, kunnossapito-, tai kehitystoimia on kohteessa tehty tai voitaisiin tehd\u00e4, jotta tuomaroitu kohde n\u00e4ytt\u00e4ytyisi edukseen, on antoisaa ja mielenkiintoista. Siin\u00e4 joutuu ammattilaisena laittamaan itsens\u00e4 toimijoiden ja k\u00e4ytt\u00e4jien asemaan ja miettim\u00e4\u00e4n asioita hyvin monesta n\u00e4k\u00f6kulmasta, mutta kuitenkin kokonaisuus kirkkaana mieless\u00e4.<\/p>\n\n\n\n<p>Koen, ett\u00e4 GFA-tuomarina minulla on mahdollisuus edist\u00e4\u00e4, kehitt\u00e4\u00e4 ja tukea kaupunkien, kuntien ja muiden relevanttien toimijoiden ty\u00f6t\u00e4 ja samalla my\u00f6s jakaa tietoa kuntalaisille siit\u00e4, kuinka verorahoja k\u00e4ytet\u00e4\u00e4n yhteisen viihtyvyyden suunnitteluun, toteutukseen ja yll\u00e4pitoon.<\/p>\n\n\n\n<hr class=\"wp-block-separator has-text-color has-vivid-green-cyan-color has-alpha-channel-opacity has-vivid-green-cyan-background-color has-background\" \/>\n<\/details>\n\n\n\n<div class=\"wp-block-columns is-layout-flex wp-container-core-columns-is-layout-9d6595d7 wp-block-columns-is-layout-flex\">\n<div class=\"wp-block-column is-layout-flow wp-block-column-is-layout-flow\">\n<figure class=\"wp-block-image size-large is-resized\"><img loading=\"lazy\" decoding=\"async\" width=\"1024\" height=\"1024\" src=\"https:\/\/u79114.www2.webdomain.fi\/green-flag-award\/wp-content\/uploads\/sites\/6\/2024\/10\/gfa-tuomari_-Hanna-1024x1024.png\" alt=\"\" class=\"wp-image-159\" style=\"width:300px\" srcset=\"https:\/\/www.vyl.fi\/green-flag-award\/wp-content\/uploads\/sites\/6\/2024\/10\/gfa-tuomari_-Hanna-1024x1024.png 1024w, https:\/\/www.vyl.fi\/green-flag-award\/wp-content\/uploads\/sites\/6\/2024\/10\/gfa-tuomari_-Hanna-300x300.png 300w, https:\/\/www.vyl.fi\/green-flag-award\/wp-content\/uploads\/sites\/6\/2024\/10\/gfa-tuomari_-Hanna-150x150.png 150w, https:\/\/www.vyl.fi\/green-flag-award\/wp-content\/uploads\/sites\/6\/2024\/10\/gfa-tuomari_-Hanna-768x768.png 768w, https:\/\/www.vyl.fi\/green-flag-award\/wp-content\/uploads\/sites\/6\/2024\/10\/gfa-tuomari_-Hanna-826x826.png 826w, https:\/\/www.vyl.fi\/green-flag-award\/wp-content\/uploads\/sites\/6\/2024\/10\/gfa-tuomari_-Hanna.png 1080w\" sizes=\"(max-width: 1024px) 100vw, 1024px\" \/><\/figure>\n<\/div>\n<\/div>\n\n\n\n<details class=\"wp-block-details is-layout-flow wp-block-details-is-layout-flow\"><summary><strong>Hanna Tajakka, yritt\u00e4j\u00e4 Viher-Arkki<\/strong>: GFA-tuomarointi vaikutti mielenkiintoiselta teht\u00e4v\u00e4lt\u00e4 ja se tuo omaan ammattiosaamiseen uutta n\u00e4k\u00f6kulmaa.<\/summary>\n<p>On mielenkiintoista&nbsp;p\u00e4\u00e4st\u00e4 tutustumaan viheralueisiin kunnossapidon n\u00e4k\u00f6kulmasta ja vaihtaa ajatuksia kunnossapidon ammattilaisten kanssa. Oma osaaminen karttuu ja kollegaverkosto vahvistuu. Lis\u00e4ksi hyvin hoidetut ja monimuotoiset viheralueet ovat aina tutustumisenarvoisia!&nbsp;<\/p>\n\n\n\n<p><\/p>\n<\/details>\n\n\n\n<figure class=\"wp-block-image size-large is-resized\"><img loading=\"lazy\" decoding=\"async\" width=\"1024\" height=\"1024\" src=\"http:\/\/u79114.www2.webdomain.fi\/green-flag-award\/wp-content\/uploads\/sites\/6\/2024\/10\/gfa-tuomari_Tuula-1024x1024.png\" alt=\"\" class=\"wp-image-164\" style=\"width:300px\" srcset=\"https:\/\/www.vyl.fi\/green-flag-award\/wp-content\/uploads\/sites\/6\/2024\/10\/gfa-tuomari_Tuula-1024x1024.png 1024w, https:\/\/www.vyl.fi\/green-flag-award\/wp-content\/uploads\/sites\/6\/2024\/10\/gfa-tuomari_Tuula-300x300.png 300w, https:\/\/www.vyl.fi\/green-flag-award\/wp-content\/uploads\/sites\/6\/2024\/10\/gfa-tuomari_Tuula-150x150.png 150w, https:\/\/www.vyl.fi\/green-flag-award\/wp-content\/uploads\/sites\/6\/2024\/10\/gfa-tuomari_Tuula-768x768.png 768w, https:\/\/www.vyl.fi\/green-flag-award\/wp-content\/uploads\/sites\/6\/2024\/10\/gfa-tuomari_Tuula-826x826.png 826w, https:\/\/www.vyl.fi\/green-flag-award\/wp-content\/uploads\/sites\/6\/2024\/10\/gfa-tuomari_Tuula.png 1080w\" sizes=\"(max-width: 1024px) 100vw, 1024px\" \/><\/figure>\n\n\n\n<details class=\"wp-block-details is-layout-flow wp-block-details-is-layout-flow\"><summary><strong>Tuula Ihamuotila, maisemasuunnittelija ja yritt\u00e4j\u00e4<\/strong>: Hain tuomariksi heti kun kuulin, ett\u00e4 Suomessa j\u00e4rjestet\u00e4\u00e4n ensimm\u00e4inen tuomarikoulutus.<\/summary>\n<p>Kuulosti hienolta, ett\u00e4 puistoille on olemassa t\u00e4llainen kansainv\u00e4linen sertifiointij\u00e4rjestelm\u00e4, jossa puistoja arvioidaan monipuolisten kriteereiden pohjalta. T\u00e4rke\u00e4\u00e4 oli sekin, ett\u00e4 puistojen eteen t\u00f6it\u00e4 tekev\u00e4t saavat toiminnastaan rakentavaa palautetta. Se edist\u00e4\u00e4 puistojen toimintaa pitk\u00e4j\u00e4nteisesti.<\/p>\n<\/details>\n\n\n\n<figure class=\"wp-block-image size-large is-resized\"><img loading=\"lazy\" decoding=\"async\" width=\"1024\" height=\"1024\" src=\"https:\/\/u79114.www2.webdomain.fi\/green-flag-award\/wp-content\/uploads\/sites\/6\/2024\/10\/gfa-tuomari_Sari-1024x1024.png\" alt=\"\" class=\"wp-image-170\" style=\"width:300px\" srcset=\"https:\/\/www.vyl.fi\/green-flag-award\/wp-content\/uploads\/sites\/6\/2024\/10\/gfa-tuomari_Sari-1024x1024.png 1024w, https:\/\/www.vyl.fi\/green-flag-award\/wp-content\/uploads\/sites\/6\/2024\/10\/gfa-tuomari_Sari-300x300.png 300w, https:\/\/www.vyl.fi\/green-flag-award\/wp-content\/uploads\/sites\/6\/2024\/10\/gfa-tuomari_Sari-150x150.png 150w, https:\/\/www.vyl.fi\/green-flag-award\/wp-content\/uploads\/sites\/6\/2024\/10\/gfa-tuomari_Sari-768x768.png 768w, https:\/\/www.vyl.fi\/green-flag-award\/wp-content\/uploads\/sites\/6\/2024\/10\/gfa-tuomari_Sari-826x826.png 826w, https:\/\/www.vyl.fi\/green-flag-award\/wp-content\/uploads\/sites\/6\/2024\/10\/gfa-tuomari_Sari.png 1080w\" sizes=\"(max-width: 1024px) 100vw, 1024px\" \/><\/figure>\n\n\n\n<details class=\"wp-block-details is-layout-flow wp-block-details-is-layout-flow\"><summary><strong>Sari Suomalainen, lehtori, Rakennettu ymp\u00e4rist\u00f6, H\u00e4meen ammattikorkeakoulu<\/strong>: Tein yhteisty\u00f6t\u00e4 Isossa- Britanniassa sijaitsevan Birkenhead Parkin kanssa ja tutustuin GFA- j\u00e4rjestelm\u00e4\u00e4n vuonna 2015. <\/summary>\n<p>Kouluttauduin tuomariksi Lontoossa samalla kurssilla muiden paikallisten tuomareiden kanssa. Sain kansainv\u00e4lisen tuomarin statuksen, ja minulla valmius on my\u00f6s l\u00e4hte\u00e4 toisen kansainv\u00e4lisen tuomarin kanssa tuomaroimaan eri maihin.<\/p>\n<\/details>\n\n\n\n<p><\/p>\n\n\n\n<figure class=\"wp-block-image size-large is-resized\"><img loading=\"lazy\" decoding=\"async\" width=\"1024\" height=\"1024\" src=\"https:\/\/u79114.www2.webdomain.fi\/green-flag-award\/wp-content\/uploads\/sites\/6\/2024\/10\/gfa-tuomari_tuija-1024x1024.png\" alt=\"\" class=\"wp-image-174\" style=\"width:300px\" srcset=\"https:\/\/www.vyl.fi\/green-flag-award\/wp-content\/uploads\/sites\/6\/2024\/10\/gfa-tuomari_tuija-1024x1024.png 1024w, https:\/\/www.vyl.fi\/green-flag-award\/wp-content\/uploads\/sites\/6\/2024\/10\/gfa-tuomari_tuija-300x300.png 300w, https:\/\/www.vyl.fi\/green-flag-award\/wp-content\/uploads\/sites\/6\/2024\/10\/gfa-tuomari_tuija-150x150.png 150w, https:\/\/www.vyl.fi\/green-flag-award\/wp-content\/uploads\/sites\/6\/2024\/10\/gfa-tuomari_tuija-768x768.png 768w, https:\/\/www.vyl.fi\/green-flag-award\/wp-content\/uploads\/sites\/6\/2024\/10\/gfa-tuomari_tuija-826x826.png 826w, https:\/\/www.vyl.fi\/green-flag-award\/wp-content\/uploads\/sites\/6\/2024\/10\/gfa-tuomari_tuija.png 1080w\" sizes=\"(max-width: 1024px) 100vw, 1024px\" \/><\/figure>\n\n\n\n<details class=\"wp-block-details is-layout-flow wp-block-details-is-layout-flow\"><summary><strong>Tuija Jakonen, asiakasneuvoja, puutarhuri, hortonomi AMK<\/strong>: Ty\u00f6skentelen viheralan ulkopuolella asiakasneuvojana Helsingin seudun liikenteess\u00e4. Olen kuitenkin huomannut, ett\u00e4 p\u00e4iv\u00e4ty\u00f6ni liippaa yll\u00e4tt\u00e4v\u00e4n l\u00e4helt\u00e4 viheralaa, sill\u00e4 julkinen liikenne ja viheralueet kaupungissa on syyt\u00e4 suunnitella ja toteuttaa k\u00e4si k\u00e4dess\u00e4.<\/summary>\n<p>Olen tyypillinen aikuisi\u00e4n alan vaihtaja: haaveilin tekev\u00e4ni puutarhaharrastuksestani ammatin. Valmistuin Lepaan puutarhuriksi vuonna 2015 ja rakennetun ymp\u00e4rist\u00f6n hortonomiksi vuonna 2019 samasta opinahjosta eli H\u00e4meen ammattikorkeakoulusta. Sopivaa ty\u00f6t\u00e4 viheralalta ei kuitenkaan minulle l\u00f6ytynyt ja niinp\u00e4 jatkoin p\u00e4iv\u00e4ty\u00f6t\u00e4 entisess\u00e4 ammatissani. Kiinnostukseni viheralaan ei ole kuitenkaan kadonnut mihink\u00e4\u00e4n ja harrastustoiminnan lis\u00e4ksi halusin s\u00e4ilytt\u00e4\u00e4 my\u00f6s ammatillisen kontaktin siihen: GFA-tuomarointi vapaehtoisty\u00f6n\u00e4 antoi minulle erinomaisen mahdollisuuden t\u00e4h\u00e4n.<br><br><\/p>\n<\/details>\n\n\n\n<p><\/p>\n","protected":false},"excerpt":{"rendered":"<p>Vapaaehtoisten tuomarien roolia Green Flag Award-toiminnassa ei voi liikaa korostaa. Tuomarit luovat linkin viheralueen k\u00e4ytt\u00e4jien ja toimijoiden v\u00e4lille ja voivat vahvasti vaikuttaa alueen kehitt\u00e4miseen. Tuomareita on monenlaisista taustoista, mutta heit\u00e4 yhdist\u00e4\u00e4 osaaminen viheralueiden hoito- ja yll\u00e4pitoteht\u00e4vist\u00e4, maisemanhoidosta, puutarhataloudesta, ymp\u00e4rist\u00f6tieteist\u00e4 tai luonnonsuojelusta ja kiinnostus viherymp\u00e4rist\u00f6jen kehitt\u00e4misen tukemiseen. Alla tuomarit kertovat omin sanoin miksi he ovat mukana [&hellip;]<\/p>\n","protected":false},"author":7,"featured_media":0,"parent":38,"menu_order":10,"comment_status":"closed","ping_status":"closed","template":"","meta":{"_acf_changed":false,"_relevanssi_hide_post":"","_relevanssi_hide_content":"","_relevanssi_pin_for_all":"","_relevanssi_pin_keywords":"","_relevanssi_unpin_keywords":"","_relevanssi_related_keywords":"","_relevanssi_related_include_ids":"","_relevanssi_related_exclude_ids":"","_relevanssi_related_no_append":"","_relevanssi_related_not_related":"","_relevanssi_related_posts":"1","_relevanssi_noindex_reason":"","footnotes":""},"class_list":["post-93","page","type-page","status-publish","hentry"],"acf":[],"_links":{"self":[{"href":"https:\/\/www.vyl.fi\/green-flag-award\/wp-json\/wp\/v2\/pages\/93","targetHints":{"allow":["GET"]}}],"collection":[{"href":"https:\/\/www.vyl.fi\/green-flag-award\/wp-json\/wp\/v2\/pages"}],"about":[{"href":"https:\/\/www.vyl.fi\/green-flag-award\/wp-json\/wp\/v2\/types\/page"}],"author":[{"embeddable":true,"href":"https:\/\/www.vyl.fi\/green-flag-award\/wp-json\/wp\/v2\/users\/7"}],"replies":[{"embeddable":true,"href":"https:\/\/www.vyl.fi\/green-flag-award\/wp-json\/wp\/v2\/comments?post=93"}],"version-history":[{"count":20,"href":"https:\/\/www.vyl.fi\/green-flag-award\/wp-json\/wp\/v2\/pages\/93\/revisions"}],"predecessor-version":[{"id":177,"href":"https:\/\/www.vyl.fi\/green-flag-award\/wp-json\/wp\/v2\/pages\/93\/revisions\/177"}],"up":[{"embeddable":true,"href":"https:\/\/www.vyl.fi\/green-flag-award\/wp-json\/wp\/v2\/pages\/38"}],"wp:attachment":[{"href":"https:\/\/www.vyl.fi\/green-flag-award\/wp-json\/wp\/v2\/media?parent=93"}],"curies":[{"name":"wp","href":"https:\/\/api.w.org\/{rel}","templated":true}]}}