{"id":97,"date":"2024-10-04T12:11:01","date_gmt":"2024-10-04T09:11:01","guid":{"rendered":"https:\/\/u79114.www2.webdomain.fi\/green-flag-award\/?page_id=97"},"modified":"2024-10-11T12:20:53","modified_gmt":"2024-10-11T09:20:53","slug":"kokemuksia-tuomaroinnista","status":"publish","type":"page","link":"https:\/\/www.vyl.fi\/green-flag-award\/tuomarit\/kokemuksia-tuomaroinnista\/","title":{"rendered":"Kokemuksia tuomaroinnista"},"content":{"rendered":"\n<p>Kysyimme Green Flag Award-ohjelmassa vapaaehtoisina olevilta tuomareilta kokemuksia tuomaroinnista. Mit\u00e4 he ovat oppineet tuomaroinnin kautta? Mink\u00e4laisia haasteita he ovat kohdanneet tuomaroinnin aikana ja mink\u00e4laisia GFA-viheralueita he haluaisivat n\u00e4hd\u00e4 ja tuomaroida tulevaisuudessa?<\/p>\n\n\n\n<figure class=\"wp-block-image size-large is-resized\"><img loading=\"lazy\" decoding=\"async\" width=\"1024\" height=\"1024\" src=\"http:\/\/u79114.www2.webdomain.fi\/green-flag-award\/wp-content\/uploads\/sites\/6\/2024\/10\/gfa-tuomari_tuija-1024x1024.png\" alt=\"\" class=\"wp-image-174\" style=\"width:300px\" srcset=\"https:\/\/www.vyl.fi\/green-flag-award\/wp-content\/uploads\/sites\/6\/2024\/10\/gfa-tuomari_tuija-1024x1024.png 1024w, https:\/\/www.vyl.fi\/green-flag-award\/wp-content\/uploads\/sites\/6\/2024\/10\/gfa-tuomari_tuija-300x300.png 300w, https:\/\/www.vyl.fi\/green-flag-award\/wp-content\/uploads\/sites\/6\/2024\/10\/gfa-tuomari_tuija-150x150.png 150w, https:\/\/www.vyl.fi\/green-flag-award\/wp-content\/uploads\/sites\/6\/2024\/10\/gfa-tuomari_tuija-768x768.png 768w, https:\/\/www.vyl.fi\/green-flag-award\/wp-content\/uploads\/sites\/6\/2024\/10\/gfa-tuomari_tuija-826x826.png 826w, https:\/\/www.vyl.fi\/green-flag-award\/wp-content\/uploads\/sites\/6\/2024\/10\/gfa-tuomari_tuija.png 1080w\" sizes=\"(max-width: 1024px) 100vw, 1024px\" \/><\/figure>\n\n\n\n<details class=\"wp-block-details is-layout-flow wp-block-details-is-layout-flow\"><summary><strong>Tuija Jakonen, asiakasneuvoja, puutarhuri, hortonomi AMK<\/strong>: T\u00e4rkein anti on kontakti niin tuomarikollegoihin kuin tuomaroitavien puistojen ammattilaisiin. Koen keskustelut heid\u00e4n kanssaan eritt\u00e4in antoisiksi ja tunnen ylpeytt\u00e4 hienosta viheralasta, johon min\u00e4kin n\u00e4iden kontaktien johdosta tunnen edelleen kuuluvani.<\/summary>\n<p>Olen toki aiemminkin kierrellyt erilaisia puistoja ja katsellut niit\u00e4 hortonomin silmin, mutta tuomarointilomakkeen mukainen j\u00e4rjestelm\u00e4llinen eri osa-alueiden l\u00e4pik\u00e4ynti avaa ne hortonomin silm\u00e4t ihan uudella tavalla asioihin, jotka muuten ehk\u00e4 j\u00e4isiv\u00e4t huomioimatta. Yksi esimerkki t\u00e4st\u00e4 on vaikkapa puiston markkinointi &#8211; olen huomannut, ett\u00e4 siihen ei v\u00e4ltt\u00e4m\u00e4tt\u00e4 toimialalla ole resursseja, vaikka halua ja osaamistakin l\u00f6ytyisi.<\/p>\n\n\n\n<p>Tuomaroinnissa kokemakseni haasteeksi olen huomannut, ett\u00e4 kaikki joutuvat toimimaan jatkuvasti v\u00e4henevill\u00e4 niin henkil\u00f6st\u00f6- kuin taloudellisilla resursseilla ja se n\u00e4kyy kiireen tuntuna ja ep\u00e4toivon huokauksina: &#8221;Tuokin pit\u00e4isi tehd\u00e4, mutta kun meill\u00e4 ei ole siihen osoitettuja varoja&#8221;. T\u00e4m\u00e4 on varmasti ihan totta, eik\u00e4 pelk\u00e4st\u00e4\u00e4n viheralalla vaan kaikkialla nykyajan ty\u00f6el\u00e4m\u00e4ss\u00e4. Jollain tavalla meid\u00e4n lienee siis pakko asennoitua uudestaan ja keksi\u00e4 parhaat k\u00e4yt\u00e4nn\u00f6t p\u00e4rj\u00e4t\u00e4 saaduilla resursseilla. Toivottavasti niukkuuden kanssa p\u00e4rj\u00e4\u00e4misen vinkkej\u00e4 my\u00f6s jollain foorumilla&nbsp;jaetaan alalla esimerkiksi eri kuntien kesken. Olen tuomarina nyt kolmatta kes\u00e4\u00e4 ja toistaiseksi olen p\u00e4\u00e4ssyt tuomaroimaan vain aivan ihastuttavia Kotkan puistoja, joita on mukana GFA-ohjelmassa iso osa. Kohteet ovat olleet kaikki kesken\u00e4\u00e4n erilaisia puistoja ja eritt\u00e4in mielenkiintoisia. Mutta ehk\u00e4 ensi vuonna olisi kiva tehd\u00e4 tuomarointireissu johonkin muuhun kaupunkiin, tai vaikka omaan kotikaupunkiini Helsinkiin! Tai sitten johonkin toisenlaiseen kohteeseen, esimerkiksi hautausmaalle tai oppilaitoksen puistoon. Toivotaan, ett\u00e4 saadaan lis\u00e4\u00e4 erilaisia kohteita eri puolelta Suomea mukaan!<\/p>\n<\/details>\n\n\n\n<figure class=\"wp-block-image size-large is-resized\"><img loading=\"lazy\" decoding=\"async\" width=\"1024\" height=\"1024\" src=\"http:\/\/u79114.www2.webdomain.fi\/green-flag-award\/wp-content\/uploads\/sites\/6\/2024\/10\/gfa-tuomari_Tuula-1024x1024.png\" alt=\"\" class=\"wp-image-164\" style=\"width:300px\" srcset=\"https:\/\/www.vyl.fi\/green-flag-award\/wp-content\/uploads\/sites\/6\/2024\/10\/gfa-tuomari_Tuula-1024x1024.png 1024w, https:\/\/www.vyl.fi\/green-flag-award\/wp-content\/uploads\/sites\/6\/2024\/10\/gfa-tuomari_Tuula-300x300.png 300w, https:\/\/www.vyl.fi\/green-flag-award\/wp-content\/uploads\/sites\/6\/2024\/10\/gfa-tuomari_Tuula-150x150.png 150w, https:\/\/www.vyl.fi\/green-flag-award\/wp-content\/uploads\/sites\/6\/2024\/10\/gfa-tuomari_Tuula-768x768.png 768w, https:\/\/www.vyl.fi\/green-flag-award\/wp-content\/uploads\/sites\/6\/2024\/10\/gfa-tuomari_Tuula-826x826.png 826w, https:\/\/www.vyl.fi\/green-flag-award\/wp-content\/uploads\/sites\/6\/2024\/10\/gfa-tuomari_Tuula.png 1080w\" sizes=\"(max-width: 1024px) 100vw, 1024px\" \/><\/figure>\n\n\n\n<details class=\"wp-block-details is-layout-flow wp-block-details-is-layout-flow\"><summary><strong>Tuula Ihamuotila, maisemasuunnittelija ja yritt\u00e4j\u00e4<\/strong>: Minulle tuomaroinnissa merkityksellisint\u00e4 on yhteisty\u00f6 osapuolten v\u00e4lill\u00e4. Tuomarina on upeaa kuulla puistoista vastaavien kertovan innostuneena ty\u00f6st\u00e4\u00e4n, siin\u00e4 kohtaamistaan haasteista ja siit\u00e4, miten ne on ratkaistu.<\/summary>\n<p>Olen oppinut, ett\u00e4 asiat eiv\u00e4t koskaan ole pelk\u00e4st\u00e4\u00e4n oikein tai v\u00e4\u00e4rin, vaan puistokohtaisia ratkaisuja on teht\u00e4v\u00e4. N\u00e4ist\u00e4 keskustellaan tuomaroinnin yhteydess\u00e4. Tuomarina koen olevani osa suurta kansainv\u00e4list\u00e4 yhteis\u00f6\u00e4, jolle puistot ja viheralueet ovat eritt\u00e4in t\u00e4rkeit\u00e4 paikkoja. Pid\u00e4n my\u00f6s siit\u00e4, ett\u00e4 kunnossapitoty\u00f6 korostuu t\u00e4ss\u00e4 teht\u00e4v\u00e4ss\u00e4 ja sit\u00e4 tekev\u00e4t saavat ansaitsemaansa huomiota ja arvostusta. Ilman kunnossapitoa ei ole puistoja.<\/p>\n<\/details>\n\n\n\n<figure class=\"wp-block-image size-large is-resized\"><img loading=\"lazy\" decoding=\"async\" width=\"1024\" height=\"1024\" src=\"http:\/\/u79114.www2.webdomain.fi\/green-flag-award\/wp-content\/uploads\/sites\/6\/2024\/10\/gfa-tuomari_Sari-1024x1024.png\" alt=\"\" class=\"wp-image-170\" style=\"width:300px\" srcset=\"https:\/\/www.vyl.fi\/green-flag-award\/wp-content\/uploads\/sites\/6\/2024\/10\/gfa-tuomari_Sari-1024x1024.png 1024w, https:\/\/www.vyl.fi\/green-flag-award\/wp-content\/uploads\/sites\/6\/2024\/10\/gfa-tuomari_Sari-300x300.png 300w, https:\/\/www.vyl.fi\/green-flag-award\/wp-content\/uploads\/sites\/6\/2024\/10\/gfa-tuomari_Sari-150x150.png 150w, https:\/\/www.vyl.fi\/green-flag-award\/wp-content\/uploads\/sites\/6\/2024\/10\/gfa-tuomari_Sari-768x768.png 768w, https:\/\/www.vyl.fi\/green-flag-award\/wp-content\/uploads\/sites\/6\/2024\/10\/gfa-tuomari_Sari-826x826.png 826w, https:\/\/www.vyl.fi\/green-flag-award\/wp-content\/uploads\/sites\/6\/2024\/10\/gfa-tuomari_Sari.png 1080w\" sizes=\"(max-width: 1024px) 100vw, 1024px\" \/><\/figure>\n\n\n\n<details class=\"wp-block-details is-layout-flow wp-block-details-is-layout-flow\"><summary><strong>Sari Suomalainen, lehtori, Rakennettu ymp\u00e4rist\u00f6, H\u00e4meen ammattikorkeakoulu<\/strong>: GFA- j\u00e4rjestelm\u00e4n t\u00e4rke\u00e4 osa on GFA- hakijoiden kanssa yhteisty\u00f6ss\u00e4 teht\u00e4v\u00e4t H\u00e4meen ammattikorkeakoulun opiskelijaprojektit, joissa kootaan paikan tietoa hallinnointi- ja kunnossapitosuunnitelmaan. Tuomarointi erilaisilla viheralueilla auttaa tietenkin n\u00e4kem\u00e4\u00e4n asioita t\u00e4t\u00e4 ty\u00f6t\u00e4 ajatellen.<\/summary>\n<p>Oma pitk\u00e4 ty\u00f6kokemukseni viheralueiden hallinnoinnista on perusteena my\u00f6s GFA- viheralueiden arvioinnissa. Suomessa on jo muutamia kampusalueita, ja jos niit\u00e4 olisi viel\u00e4 muutama lis\u00e4\u00e4, ne voisivat olla omassa GFA- sarjassa arvioitavia. My\u00f6s muutamia erilaisia viheralueita kaupunkipuistojen lis\u00e4ksi olisi hienoa saada mukaan.<\/p>\n<\/details>\n\n\n\n<figure class=\"wp-block-image size-large is-resized\"><img loading=\"lazy\" decoding=\"async\" width=\"1024\" height=\"1024\" src=\"http:\/\/u79114.www2.webdomain.fi\/green-flag-award\/wp-content\/uploads\/sites\/6\/2024\/10\/gfa-tuomari_Taina-1024x1024.png\" alt=\"\" class=\"wp-image-95\" style=\"width:300px\" srcset=\"https:\/\/www.vyl.fi\/green-flag-award\/wp-content\/uploads\/sites\/6\/2024\/10\/gfa-tuomari_Taina-1024x1024.png 1024w, https:\/\/www.vyl.fi\/green-flag-award\/wp-content\/uploads\/sites\/6\/2024\/10\/gfa-tuomari_Taina-300x300.png 300w, https:\/\/www.vyl.fi\/green-flag-award\/wp-content\/uploads\/sites\/6\/2024\/10\/gfa-tuomari_Taina-150x150.png 150w, https:\/\/www.vyl.fi\/green-flag-award\/wp-content\/uploads\/sites\/6\/2024\/10\/gfa-tuomari_Taina-768x768.png 768w, https:\/\/www.vyl.fi\/green-flag-award\/wp-content\/uploads\/sites\/6\/2024\/10\/gfa-tuomari_Taina-826x826.png 826w, https:\/\/www.vyl.fi\/green-flag-award\/wp-content\/uploads\/sites\/6\/2024\/10\/gfa-tuomari_Taina.png 1080w\" sizes=\"(max-width: 1024px) 100vw, 1024px\" \/><\/figure>\n\n\n\n<details class=\"wp-block-details is-layout-flow wp-block-details-is-layout-flow\"><summary><strong>Taina Suonio, maisemasuunnittelija<\/strong>: Kes\u00e4 2024 on kolmas vuosi, kun toimin GFA -tuomarina. Koen, ett\u00e4 on t\u00e4rke\u00e4\u00e4 kertoa niin kansallisesti kuin kansainv\u00e4lisesti GFA -tunnuksen avulla siit\u00e4 hienosta ty\u00f6st\u00e4, jota kaupungit ja muut toimijat tekev\u00e4t viheralueiden ja my\u00f6s muiden alueiden eteen. Tuomarointi tehd\u00e4\u00e4n usein&nbsp;parity\u00f6n\u00e4 ja minulle se on ollut suuri anti, kuten my\u00f6s rehelliset, vilpitt\u00f6m\u00e4t keskustelut kaupungin edustajien kanssa.<\/summary>\n<p>Olen oppinut tuomaroinnin kautta, ett\u00e4 kaupunkien m\u00e4\u00e4r\u00e4rahat ovat tiukat. Olen n\u00e4hnyt my\u00f6s sen, kuinka intohimoisesti ty\u00f6ntekij\u00e4t suhtautuvat ty\u00f6h\u00f6ns\u00e4 sek\u00e4 kuinka ilahtuneita ja ansaitusti my\u00f6s ylpeit\u00e4 he ovat kuin saavat GFA:n tuomaa tunnustusta. Joka kerta tuomaroidessani opin aina jotain uutta ja joka kerta koen, ett\u00e4 GFA:n tuomarointi my\u00f6s antaa kohteelle uutta.<\/p>\n\n\n\n<p>Tuomaroinnissa en ole kokenut varsinaisia haasteita. Aivan alussa yll\u00e4tyksen\u00e4 kenties tuli se, ett\u00e4 kuinka paljon aikaa menee kohteeseen liittyv\u00e4\u00e4n taustamateriaaliin tutustumiseen, joka on eritt\u00e4in t\u00e4rke\u00e4 osa tuomarointia. Tuomarity\u00f6skentelyss\u00e4 pit\u00e4\u00e4 huomioida monia asioita, joita ei kenties normaalisti puistossa k\u00e4velless\u00e4\u00e4n ajattelisi. Riippumatta viheralueen laadusta, haluaisin tuomaroidessani luonnollisesti n\u00e4hd\u00e4 vieraslajien poistuneen, luonnon monimuotoisuuden tukemisen otetun huomioon, ja ett\u00e4 lis\u00e4\u00e4ntyv\u00e4 tieto ja vahvistuva luontosuhde ylip\u00e4\u00e4ns\u00e4 n\u00e4kyisi suunnittelussa ja toteutuksessa. My\u00f6s luovuudelle ja leikkisyydelle pit\u00e4\u00e4 olla sijansa, mutta ymp\u00e4rist\u00f6n ehdoilla.&#8221;<\/p>\n<\/details>\n\n\n\n<figure class=\"wp-block-image size-large is-resized\"><img loading=\"lazy\" decoding=\"async\" width=\"1024\" height=\"1024\" src=\"http:\/\/u79114.www2.webdomain.fi\/green-flag-award\/wp-content\/uploads\/sites\/6\/2024\/10\/gfa-tuomari_-Hanna-1024x1024.png\" alt=\"\" class=\"wp-image-159\" style=\"width:300px\" srcset=\"https:\/\/www.vyl.fi\/green-flag-award\/wp-content\/uploads\/sites\/6\/2024\/10\/gfa-tuomari_-Hanna-1024x1024.png 1024w, https:\/\/www.vyl.fi\/green-flag-award\/wp-content\/uploads\/sites\/6\/2024\/10\/gfa-tuomari_-Hanna-300x300.png 300w, https:\/\/www.vyl.fi\/green-flag-award\/wp-content\/uploads\/sites\/6\/2024\/10\/gfa-tuomari_-Hanna-150x150.png 150w, https:\/\/www.vyl.fi\/green-flag-award\/wp-content\/uploads\/sites\/6\/2024\/10\/gfa-tuomari_-Hanna-768x768.png 768w, https:\/\/www.vyl.fi\/green-flag-award\/wp-content\/uploads\/sites\/6\/2024\/10\/gfa-tuomari_-Hanna-826x826.png 826w, https:\/\/www.vyl.fi\/green-flag-award\/wp-content\/uploads\/sites\/6\/2024\/10\/gfa-tuomari_-Hanna.png 1080w\" sizes=\"(max-width: 1024px) 100vw, 1024px\" \/><\/figure>\n\n\n\n<details class=\"wp-block-details is-layout-flow wp-block-details-is-layout-flow\"><summary><strong>Hanna Tajakka, yritt\u00e4j\u00e4 Viher-Arkki<\/strong>: Tuomarointi on avannut n\u00e4kem\u00e4\u00e4n viheralueita laajemmasta n\u00e4k\u00f6kulmasta. Tuomareiden kesken sek\u00e4 viheralueiden kunnossapit\u00e4jien kanssa k\u00e4ydyt keskustelut ovat lis\u00e4nneet tiet\u00e4myst\u00e4, millaisia haasteita viheralueiden kunnossapidossa voi tulla vastaan.<\/summary>\n<p>Tuomaroinnin kautta on ollut mahdollisuus my\u00f6s kurkistaa, miten RAMS-kunnossapitoluokitus ja VKT-laatuvaatimukset taipuvat k\u00e4yt\u00e4nn\u00f6ss\u00e4 kunnossapidon ty\u00f6kaluiksi. Toivoisin, ett\u00e4 jatkossa GFA-tuomaroitavaksi tulisi lis\u00e4\u00e4 muun muassa hautausmaaymp\u00e4rist\u00f6j\u00e4, oppilaitosten kampuspuistoja, kartanopuistoja ja muita kulttuurikohteita sek\u00e4 liikuntapuistoja.<\/p>\n<\/details>\n","protected":false},"excerpt":{"rendered":"<p>Kysyimme Green Flag Award-ohjelmassa vapaaehtoisina olevilta tuomareilta kokemuksia tuomaroinnista. Mit\u00e4 he ovat oppineet tuomaroinnin kautta? Mink\u00e4laisia haasteita he ovat kohdanneet tuomaroinnin aikana ja mink\u00e4laisia GFA-viheralueita he haluaisivat n\u00e4hd\u00e4 ja tuomaroida tulevaisuudessa?<\/p>\n","protected":false},"author":7,"featured_media":0,"parent":38,"menu_order":20,"comment_status":"closed","ping_status":"closed","template":"","meta":{"_acf_changed":false,"_relevanssi_hide_post":"","_relevanssi_hide_content":"","_relevanssi_pin_for_all":"","_relevanssi_pin_keywords":"","_relevanssi_unpin_keywords":"","_relevanssi_related_keywords":"","_relevanssi_related_include_ids":"","_relevanssi_related_exclude_ids":"","_relevanssi_related_no_append":"","_relevanssi_related_not_related":"","_relevanssi_related_posts":"1","_relevanssi_noindex_reason":"","footnotes":""},"class_list":["post-97","page","type-page","status-publish","hentry"],"acf":[],"_links":{"self":[{"href":"https:\/\/www.vyl.fi\/green-flag-award\/wp-json\/wp\/v2\/pages\/97","targetHints":{"allow":["GET"]}}],"collection":[{"href":"https:\/\/www.vyl.fi\/green-flag-award\/wp-json\/wp\/v2\/pages"}],"about":[{"href":"https:\/\/www.vyl.fi\/green-flag-award\/wp-json\/wp\/v2\/types\/page"}],"author":[{"embeddable":true,"href":"https:\/\/www.vyl.fi\/green-flag-award\/wp-json\/wp\/v2\/users\/7"}],"replies":[{"embeddable":true,"href":"https:\/\/www.vyl.fi\/green-flag-award\/wp-json\/wp\/v2\/comments?post=97"}],"version-history":[{"count":7,"href":"https:\/\/www.vyl.fi\/green-flag-award\/wp-json\/wp\/v2\/pages\/97\/revisions"}],"predecessor-version":[{"id":188,"href":"https:\/\/www.vyl.fi\/green-flag-award\/wp-json\/wp\/v2\/pages\/97\/revisions\/188"}],"up":[{"embeddable":true,"href":"https:\/\/www.vyl.fi\/green-flag-award\/wp-json\/wp\/v2\/pages\/38"}],"wp:attachment":[{"href":"https:\/\/www.vyl.fi\/green-flag-award\/wp-json\/wp\/v2\/media?parent=97"}],"curies":[{"name":"wp","href":"https:\/\/api.w.org\/{rel}","templated":true}]}}