{"id":8,"date":"2024-08-15T09:07:57","date_gmt":"2024-08-15T06:07:57","guid":{"rendered":"http:\/\/u79114.www2.webdomain.fi\/?page_id=8"},"modified":"2026-04-20T19:12:16","modified_gmt":"2026-04-20T16:12:16","slug":"etusivu","status":"publish","type":"page","link":"https:\/\/www.vyl.fi\/","title":{"rendered":"Viherymp\u00e4rist\u00f6liitto"},"content":{"rendered":"\n<h2 class=\"wp-block-heading\">Rakennamme parempaa elin\u00adymp\u00e4rist\u00f6\u00e4 ihmisille ja luonnolle.<\/h2>\n\n\n\n<p>Vestibulum ac diam sit amet quam vehicula elementum sed sit amet dui.<\/p>\n\n\n\n<div class=\"wp-block-buttons is-layout-flex wp-block-buttons-is-layout-flex\">\n<div class=\"wp-block-button\"><a class=\"wp-block-button__link wp-element-button\">Lue lis\u00e4\u00e4 teht\u00e4v\u00e4st\u00e4mme<\/a><\/div>\n<\/div>\n","protected":false},"excerpt":{"rendered":"<p>Rakennamme parempaa elin\u00adymp\u00e4rist\u00f6\u00e4 ihmisille ja luonnolle. Vestibulum ac diam sit amet quam vehicula elementum sed sit amet dui.<\/p>\n","protected":false},"author":1,"featured_media":2261,"parent":0,"menu_order":0,"comment_status":"closed","ping_status":"closed","template":"page-front.php","meta":{"_acf_changed":false,"_relevanssi_hide_post":"","_relevanssi_hide_content":"","_relevanssi_pin_for_all":"","_relevanssi_pin_keywords":"","_relevanssi_unpin_keywords":"","_relevanssi_related_keywords":"","_relevanssi_related_include_ids":"","_relevanssi_related_exclude_ids":"","_relevanssi_related_no_append":"","_relevanssi_related_not_related":"","_relevanssi_related_posts":"","_relevanssi_noindex_reason":"","footnotes":""},"class_list":["post-8","page","type-page","status-publish","has-post-thumbnail","hentry"],"acf":[],"_links":{"self":[{"href":"https:\/\/www.vyl.fi\/wp-json\/wp\/v2\/pages\/8","targetHints":{"allow":["GET"]}}],"collection":[{"href":"https:\/\/www.vyl.fi\/wp-json\/wp\/v2\/pages"}],"about":[{"href":"https:\/\/www.vyl.fi\/wp-json\/wp\/v2\/types\/page"}],"author":[{"embeddable":true,"href":"https:\/\/www.vyl.fi\/wp-json\/wp\/v2\/users\/1"}],"replies":[{"embeddable":true,"href":"https:\/\/www.vyl.fi\/wp-json\/wp\/v2\/comments?post=8"}],"version-history":[{"count":23,"href":"https:\/\/www.vyl.fi\/wp-json\/wp\/v2\/pages\/8\/revisions"}],"predecessor-version":[{"id":3432,"href":"https:\/\/www.vyl.fi\/wp-json\/wp\/v2\/pages\/8\/revisions\/3432"}],"wp:featuredmedia":[{"embeddable":true,"href":"https:\/\/www.vyl.fi\/wp-json\/wp\/v2\/media\/2261"}],"wp:attachment":[{"href":"https:\/\/www.vyl.fi\/wp-json\/wp\/v2\/media?parent=8"}],"curies":[{"name":"wp","href":"https:\/\/api.w.org\/{rel}","templated":true}]}}