{"id":116,"date":"2024-10-16T14:43:10","date_gmt":"2024-10-16T11:43:10","guid":{"rendered":"https:\/\/u79114.www2.webdomain.fi\/kesy\/?page_id=116"},"modified":"2024-10-16T14:43:11","modified_gmt":"2024-10-16T11:43:11","slug":"vedenkulutuksen-vahentaminen-vesialtaissa-ja-rakenteissa","status":"publish","type":"page","link":"https:\/\/www.vyl.fi\/kesy\/teemat\/vesiolosuhteet\/vedenkulutuksen-vahentaminen-vesialtaissa-ja-rakenteissa\/","title":{"rendered":"Vedenkulutuksen v\u00e4hent\u00e4minen vesialtaissa ja -rakenteissa"},"content":{"rendered":"\n<p><strong>TAVOITTEET<\/strong><\/p>\n\n\n\n<ul class=\"wp-block-list\">\n<li>S\u00e4\u00e4stet\u00e4\u00e4n vesivaroja, erityisesti hyv\u00e4laatuisia pinta- ja pohjavesivaroja sek\u00e4 talousvett\u00e4.<\/li>\n\n\n\n<li>V\u00e4hennet\u00e4\u00e4n energian k\u00e4ytt\u00f6\u00e4.<\/li>\n\n\n\n<li>V\u00e4hennet\u00e4\u00e4n kunnossapidon kustannuksia.<\/li>\n<\/ul>\n\n\n\n<p>Tavoitteena voi tilanteesta riippuen olla talousveden:<\/p>\n\n\n\n<ul class=\"wp-block-list\">\n<li><em>kulutuksen v\u00e4hent\u00e4minen,<\/em><\/li>\n\n\n\n<li><em>kulutuksen merkitt\u00e4v\u00e4 v\u00e4hent\u00e4minen,<\/em><\/li>\n\n\n\n<li><em>k\u00e4yt\u00f6n lopettaminen kokonaan vesialtaissa ja -rakenteissa.<\/em><\/li>\n<\/ul>\n\n\n\n<p><strong>YLEISET TOIMINTAPERIAATTEET<\/strong><\/p>\n\n\n\n<ul class=\"wp-block-list\">\n<li>V\u00e4ltet\u00e4\u00e4n talousveden k\u00e4ytt\u00f6\u00e4 vesialtaissa ja -rakenteissa hy\u00f6dynt\u00e4m\u00e4ll\u00e4 vaihtoehtoisia vesil\u00e4hteit\u00e4, kuten esimerkiksi hulevett\u00e4.<\/li>\n\n\n\n<li>V\u00e4hennet\u00e4\u00e4n luonnonmukaisten pintavesien, kuten j\u00e4rvi-, joki- ja purovesien sek\u00e4 pohjavesien k\u00e4ytt\u00f6\u00e4 vesialtaissa ja -rakenteissa.<\/li>\n\n\n\n<li>Katso soveltaen Toimintaperiaate 1.5 Vedenkulutuksen v\u00e4hent\u00e4minen kasvillisuusalueiden hoidossa.<\/li>\n<\/ul>\n\n\n\n<p><\/p>\n","protected":false},"excerpt":{"rendered":"<p>TAVOITTEET Tavoitteena voi tilanteesta riippuen olla talousveden: YLEISET TOIMINTAPERIAATTEET<\/p>\n","protected":false},"author":7,"featured_media":0,"parent":87,"menu_order":60,"comment_status":"closed","ping_status":"closed","template":"","meta":{"_acf_changed":false,"_relevanssi_hide_post":"","_relevanssi_hide_content":"","_relevanssi_pin_for_all":"","_relevanssi_pin_keywords":"","_relevanssi_unpin_keywords":"","_relevanssi_related_keywords":"","_relevanssi_related_include_ids":"","_relevanssi_related_exclude_ids":"","_relevanssi_related_no_append":"","_relevanssi_related_not_related":"","_relevanssi_related_posts":"1","_relevanssi_noindex_reason":"","footnotes":""},"class_list":["post-116","page","type-page","status-publish","hentry"],"acf":[],"_links":{"self":[{"href":"https:\/\/www.vyl.fi\/kesy\/wp-json\/wp\/v2\/pages\/116","targetHints":{"allow":["GET"]}}],"collection":[{"href":"https:\/\/www.vyl.fi\/kesy\/wp-json\/wp\/v2\/pages"}],"about":[{"href":"https:\/\/www.vyl.fi\/kesy\/wp-json\/wp\/v2\/types\/page"}],"author":[{"embeddable":true,"href":"https:\/\/www.vyl.fi\/kesy\/wp-json\/wp\/v2\/users\/7"}],"replies":[{"embeddable":true,"href":"https:\/\/www.vyl.fi\/kesy\/wp-json\/wp\/v2\/comments?post=116"}],"version-history":[{"count":1,"href":"https:\/\/www.vyl.fi\/kesy\/wp-json\/wp\/v2\/pages\/116\/revisions"}],"predecessor-version":[{"id":117,"href":"https:\/\/www.vyl.fi\/kesy\/wp-json\/wp\/v2\/pages\/116\/revisions\/117"}],"up":[{"embeddable":true,"href":"https:\/\/www.vyl.fi\/kesy\/wp-json\/wp\/v2\/pages\/87"}],"wp:attachment":[{"href":"https:\/\/www.vyl.fi\/kesy\/wp-json\/wp\/v2\/media?parent=116"}],"curies":[{"name":"wp","href":"https:\/\/api.w.org\/{rel}","templated":true}]}}