{"id":147,"date":"2024-10-18T14:24:27","date_gmt":"2024-10-18T11:24:27","guid":{"rendered":"https:\/\/u79114.www2.webdomain.fi\/kesy\/?page_id=147"},"modified":"2024-10-18T14:24:28","modified_gmt":"2024-10-18T11:24:28","slug":"toimenpiteet-suunnittelussa","status":"publish","type":"page","link":"https:\/\/www.vyl.fi\/kesy\/teemat\/vesiolosuhteet\/vesiekosysteemien-kunnostus\/toimenpiteet-suunnittelussa\/","title":{"rendered":"Toimenpiteet suunnittelussa"},"content":{"rendered":"\n<ul class=\"wp-block-list\">\n<li>Laaditaan alueelle vesiekosysteemin kunnostussuunnitelma, joka pohjautuu esimerkiksi Kunnostettujen ekosysteemien ominaisuudet -ohjeisiin (Ks. tietolaatikko sivulla 26).<\/li>\n\n\n\n<li>Kuvataan kunnostussuunnitelmassa kunnostettavan vesiekosysteemin alkuper\u00e4iset kasviyhdyskunnat, soveltuvat vesilajistot, vedenlaadun kehitys ja rantapengerten ja rantaviivan kunto.<\/li>\n\n\n\n<li>Sis\u00e4llytet\u00e4\u00e4n jokien ja purojen kunnostussuunnitelmaan niiden tulva-alueet ja rantavy\u00f6hykkeet.<\/li>\n\n\n\n<li>Sis\u00e4llytet\u00e4\u00e4n j\u00e4rvien ja lampien kunnostusuunnitelmaan niiden rantaviivat.<\/li>\n\n\n\n<li>K\u00e4ytet\u00e4\u00e4n kunnostusmenetelmi\u00e4 ja -tekniikoita, jotka ovat yhdenmukaisia olemassa olevien ekosysteemien kunnostusta koskevan tiedon ja toimintatapojen kanssa ja soveltuvat kunnostuksen kohteena olevaan vesiekosysteemiin ja sen sijaintiin.<\/li>\n<\/ul>\n","protected":false},"excerpt":{"rendered":"","protected":false},"author":7,"featured_media":0,"parent":108,"menu_order":20,"comment_status":"closed","ping_status":"closed","template":"","meta":{"_acf_changed":false,"_relevanssi_hide_post":"","_relevanssi_hide_content":"","_relevanssi_pin_for_all":"","_relevanssi_pin_keywords":"","_relevanssi_unpin_keywords":"","_relevanssi_related_keywords":"","_relevanssi_related_include_ids":"","_relevanssi_related_exclude_ids":"","_relevanssi_related_no_append":"","_relevanssi_related_not_related":"","_relevanssi_related_posts":"1","_relevanssi_noindex_reason":"","footnotes":""},"class_list":["post-147","page","type-page","status-publish","hentry"],"acf":[],"_links":{"self":[{"href":"https:\/\/www.vyl.fi\/kesy\/wp-json\/wp\/v2\/pages\/147","targetHints":{"allow":["GET"]}}],"collection":[{"href":"https:\/\/www.vyl.fi\/kesy\/wp-json\/wp\/v2\/pages"}],"about":[{"href":"https:\/\/www.vyl.fi\/kesy\/wp-json\/wp\/v2\/types\/page"}],"author":[{"embeddable":true,"href":"https:\/\/www.vyl.fi\/kesy\/wp-json\/wp\/v2\/users\/7"}],"replies":[{"embeddable":true,"href":"https:\/\/www.vyl.fi\/kesy\/wp-json\/wp\/v2\/comments?post=147"}],"version-history":[{"count":1,"href":"https:\/\/www.vyl.fi\/kesy\/wp-json\/wp\/v2\/pages\/147\/revisions"}],"predecessor-version":[{"id":148,"href":"https:\/\/www.vyl.fi\/kesy\/wp-json\/wp\/v2\/pages\/147\/revisions\/148"}],"up":[{"embeddable":true,"href":"https:\/\/www.vyl.fi\/kesy\/wp-json\/wp\/v2\/pages\/108"}],"wp:attachment":[{"href":"https:\/\/www.vyl.fi\/kesy\/wp-json\/wp\/v2\/media?parent=147"}],"curies":[{"name":"wp","href":"https:\/\/api.w.org\/{rel}","templated":true}]}}