{"id":15,"date":"2024-10-09T10:34:05","date_gmt":"2024-10-09T07:34:05","guid":{"rendered":"https:\/\/u79114.www2.webdomain.fi\/kesy\/?page_id=15"},"modified":"2024-10-16T12:41:56","modified_gmt":"2024-10-16T09:41:56","slug":"mika-on-kesy","status":"publish","type":"page","link":"https:\/\/www.vyl.fi\/kesy\/mika-on-kesy\/","title":{"rendered":"Mik\u00e4 on KESY?"},"content":{"rendered":"\n<p class=\"wp-block-lala-blocks-lala-ingressi\">KESY eli kest\u00e4v\u00e4n ymp\u00e4rist\u00f6rakentamisen toimintamalli on luotu edist\u00e4m\u00e4\u00e4n kest\u00e4v\u00e4n kehityksen mukaisia toimintatapoja viher- ja rakennusalalla.<\/p>\n\n\n\n<p>KESY-toimintamallin&nbsp;pdf-versio on vapaasti k\u00e4ytett\u00e4viss\u00e4.<\/p>\n\n\n\n<div class=\"wp-block-buttons is-layout-flex wp-block-buttons-is-layout-flex\">\n<div class=\"wp-block-button\"><a class=\"wp-block-button__link wp-element-button\" href=\"https:\/\/www.vyl.fi\/hallinta\/wp-content\/uploads\/2024\/10\/KESY_toimintamalli-web.pdf\" target=\"_blank\" rel=\"noreferrer noopener\">KESY-TOIMINTAMALLI<\/a><\/div>\n<\/div>\n\n\n\n<p>Toimintamalli m\u00e4\u00e4rittelee miten hankkeen tilaaja, suunnittelija, rakentaja ja kunnossapit\u00e4j\u00e4 voivat kussakin hankkeen vaiheessa\u00a0huomioida kest\u00e4v\u00e4n ymp\u00e4rist\u00f6rakentamisen mukaisen toiminnan. <\/p>\n\n\n\n<p>Kest\u00e4v\u00e4n ymp\u00e4rist\u00f6rakentamisen tarkoituksena on v\u00e4ltt\u00e4\u00e4, lievent\u00e4\u00e4 tai est\u00e4\u00e4 rakentamisen ymp\u00e4rist\u00f6lle haitallisia vaikutuksia. Kest\u00e4v\u00e4n kehityksen n\u00e4k\u00f6kulmista ymp\u00e4rist\u00f6rakentamisessa korostuu erityisesti ekologinen kest\u00e4vyys. Puutumme rakentamisessa luonnonprosesseihin: veden kiertokulkuun, maaper\u00e4\u00e4n ja kasvillisuusalueisiin eli ekosysteemipalvelujen kannalta keskeisiin tekij\u00f6ihin. Tavoitteena onkin pyrki\u00e4 vaalimaan n\u00e4iden prosessien elinvoimaisuutta ja jatkuvuutta. T\u00e4m\u00e4 edellytt\u00e4\u00e4 kokonaisuuksien ymm\u00e4rt\u00e4mist\u00e4 ja huomioon ottamista kaikessa toiminnassa.<\/p>\n\n\n\n<p>KESY-toimintamalli on merkitt\u00e4v\u00e4 askel pohdittaessa, miten voimme vastata kasvaviin globaaleihin&nbsp;haasteisiin. Ilmastonmuutos, resurssien tehokkaampi&nbsp;k\u00e4ytt\u00f6, energiankulutuksen v\u00e4hent\u00e4minen, saastumisen ehk\u00e4isy, luonnon monimuotoisuuden turvaaminen, ihmisten osallistaminen sek\u00e4&nbsp;viihtyisien elinymp\u00e4rist\u00f6jen saavutettavuus ja monipuolisuus ovat kaikki esimerkkej\u00e4 toimintamallissa huomioiduista&nbsp;n\u00e4k\u00f6kulmista.&nbsp;<\/p>\n\n\n\n<p>Toimintamalli perustuu amerikkalaisiin SITES-kriteereihin, joita on muokattu Suomen olosuhteisiin sopiviksi ty\u00f6pajoissa k\u00e4yt\u00e4nn\u00f6n ammattilaisten kanssa.<\/p>\n","protected":false},"excerpt":{"rendered":"<p>KESY-toimintamallin&nbsp;pdf-versio on vapaasti k\u00e4ytett\u00e4viss\u00e4. Toimintamalli m\u00e4\u00e4rittelee miten hankkeen tilaaja, suunnittelija, rakentaja ja kunnossapit\u00e4j\u00e4 voivat kussakin hankkeen vaiheessa\u00a0huomioida kest\u00e4v\u00e4n ymp\u00e4rist\u00f6rakentamisen mukaisen toiminnan. Kest\u00e4v\u00e4n ymp\u00e4rist\u00f6rakentamisen tarkoituksena on v\u00e4ltt\u00e4\u00e4, lievent\u00e4\u00e4 tai est\u00e4\u00e4 rakentamisen ymp\u00e4rist\u00f6lle haitallisia vaikutuksia. Kest\u00e4v\u00e4n kehityksen n\u00e4k\u00f6kulmista ymp\u00e4rist\u00f6rakentamisessa korostuu erityisesti ekologinen kest\u00e4vyys. Puutumme rakentamisessa luonnonprosesseihin: veden kiertokulkuun, maaper\u00e4\u00e4n ja kasvillisuusalueisiin eli ekosysteemipalvelujen kannalta keskeisiin tekij\u00f6ihin. Tavoitteena [&hellip;]<\/p>\n","protected":false},"author":7,"featured_media":36,"parent":0,"menu_order":0,"comment_status":"closed","ping_status":"closed","template":"","meta":{"_acf_changed":false,"_relevanssi_hide_post":"","_relevanssi_hide_content":"","_relevanssi_pin_for_all":"","_relevanssi_pin_keywords":"","_relevanssi_unpin_keywords":"","_relevanssi_related_keywords":"","_relevanssi_related_include_ids":"","_relevanssi_related_exclude_ids":"","_relevanssi_related_no_append":"","_relevanssi_related_not_related":"","_relevanssi_related_posts":"1","_relevanssi_noindex_reason":"","footnotes":""},"class_list":["post-15","page","type-page","status-publish","has-post-thumbnail","hentry"],"acf":[],"_links":{"self":[{"href":"https:\/\/www.vyl.fi\/kesy\/wp-json\/wp\/v2\/pages\/15","targetHints":{"allow":["GET"]}}],"collection":[{"href":"https:\/\/www.vyl.fi\/kesy\/wp-json\/wp\/v2\/pages"}],"about":[{"href":"https:\/\/www.vyl.fi\/kesy\/wp-json\/wp\/v2\/types\/page"}],"author":[{"embeddable":true,"href":"https:\/\/www.vyl.fi\/kesy\/wp-json\/wp\/v2\/users\/7"}],"replies":[{"embeddable":true,"href":"https:\/\/www.vyl.fi\/kesy\/wp-json\/wp\/v2\/comments?post=15"}],"version-history":[{"count":6,"href":"https:\/\/www.vyl.fi\/kesy\/wp-json\/wp\/v2\/pages\/15\/revisions"}],"predecessor-version":[{"id":43,"href":"https:\/\/www.vyl.fi\/kesy\/wp-json\/wp\/v2\/pages\/15\/revisions\/43"}],"wp:featuredmedia":[{"embeddable":true,"href":"https:\/\/www.vyl.fi\/kesy\/wp-json\/wp\/v2\/media\/36"}],"wp:attachment":[{"href":"https:\/\/www.vyl.fi\/kesy\/wp-json\/wp\/v2\/media?parent=15"}],"curies":[{"name":"wp","href":"https:\/\/api.w.org\/{rel}","templated":true}]}}