{"id":151,"date":"2024-10-18T14:26:44","date_gmt":"2024-10-18T11:26:44","guid":{"rendered":"https:\/\/u79114.www2.webdomain.fi\/kesy\/?page_id=151"},"modified":"2024-10-18T14:27:27","modified_gmt":"2024-10-18T11:27:27","slug":"toimenpiteet-kunnossapidossa","status":"publish","type":"page","link":"https:\/\/www.vyl.fi\/kesy\/teemat\/vesiolosuhteet\/vesiekosysteemien-kunnostus\/toimenpiteet-kunnossapidossa\/","title":{"rendered":"Toimenpiteet kunnossapidossa"},"content":{"rendered":"\n<ul class=\"wp-block-list\">\n<li>Vaalitaan vesiekosysteemien luontaista kasvillisuutta.<\/li>\n\n\n\n<li>Suunnitellaan kunnossapitotoimenpiteet, kuten materiaalien v\u00e4livarastointi, ajoneuvoreitit, pys\u00e4k\u00f6inti ja kunnossapitokohteen taukotilat siten, etteiv\u00e4t ne:\n<ul class=\"wp-block-list\">\n<li>vaikuta kielteisesti veden kulkureitteihin&nbsp;<\/li>\n\n\n\n<li>vaikuta kielteisesti alueen kykyyn varastoida tulva- ja hulevesi\u00e4<\/li>\n\n\n\n<li>edist\u00e4 maaper\u00e4n eroosiota<\/li>\n\n\n\n<li>nopeuta sedimenttien ja hulevesien ep\u00e4puhtauksien kulkeutumista vastaanottaviin vesist\u00f6ihin.<\/li>\n<\/ul>\n<\/li>\n\n\n\n<li>Suojataan alueen vesist\u00f6 tarvittaessa kunnossapidon aikana.<\/li>\n\n\n\n<li>Otetaan huomioon s\u00e4\u00e4olosuhteet kunnossapidon aikana.<\/li>\n<\/ul>\n\n\n\n<p><\/p>\n","protected":false},"excerpt":{"rendered":"","protected":false},"author":7,"featured_media":0,"parent":108,"menu_order":40,"comment_status":"closed","ping_status":"closed","template":"","meta":{"_acf_changed":false,"_relevanssi_hide_post":"","_relevanssi_hide_content":"","_relevanssi_pin_for_all":"","_relevanssi_pin_keywords":"","_relevanssi_unpin_keywords":"","_relevanssi_related_keywords":"","_relevanssi_related_include_ids":"","_relevanssi_related_exclude_ids":"","_relevanssi_related_no_append":"","_relevanssi_related_not_related":"","_relevanssi_related_posts":"1","_relevanssi_noindex_reason":"","footnotes":""},"class_list":["post-151","page","type-page","status-publish","hentry"],"acf":[],"_links":{"self":[{"href":"https:\/\/www.vyl.fi\/kesy\/wp-json\/wp\/v2\/pages\/151","targetHints":{"allow":["GET"]}}],"collection":[{"href":"https:\/\/www.vyl.fi\/kesy\/wp-json\/wp\/v2\/pages"}],"about":[{"href":"https:\/\/www.vyl.fi\/kesy\/wp-json\/wp\/v2\/types\/page"}],"author":[{"embeddable":true,"href":"https:\/\/www.vyl.fi\/kesy\/wp-json\/wp\/v2\/users\/7"}],"replies":[{"embeddable":true,"href":"https:\/\/www.vyl.fi\/kesy\/wp-json\/wp\/v2\/comments?post=151"}],"version-history":[{"count":2,"href":"https:\/\/www.vyl.fi\/kesy\/wp-json\/wp\/v2\/pages\/151\/revisions"}],"predecessor-version":[{"id":153,"href":"https:\/\/www.vyl.fi\/kesy\/wp-json\/wp\/v2\/pages\/151\/revisions\/153"}],"up":[{"embeddable":true,"href":"https:\/\/www.vyl.fi\/kesy\/wp-json\/wp\/v2\/pages\/108"}],"wp:attachment":[{"href":"https:\/\/www.vyl.fi\/kesy\/wp-json\/wp\/v2\/media?parent=151"}],"curies":[{"name":"wp","href":"https:\/\/api.w.org\/{rel}","templated":true}]}}