{"id":155,"date":"2024-10-18T14:28:32","date_gmt":"2024-10-18T11:28:32","guid":{"rendered":"https:\/\/u79114.www2.webdomain.fi\/kesy\/?page_id=155"},"modified":"2024-10-18T14:30:18","modified_gmt":"2024-10-18T11:30:18","slug":"kunnostettujen-ekosysteemien-ominaisuudet","status":"publish","type":"page","link":"https:\/\/www.vyl.fi\/kesy\/teemat\/vesiolosuhteet\/vesiekosysteemien-kunnostus\/kunnostettujen-ekosysteemien-ominaisuudet\/","title":{"rendered":"Kunnostettujen ekosysteemien ominaisuudet"},"content":{"rendered":"\n<p><strong>Kunnostettujen ekosysteemien ominaisuudet<\/strong><\/p>\n\n\n\n<p>(Society for Ecological Restoration\u2019s International Primer on Ecological Restoration mukaillen)<\/p>\n\n\n\n<ol class=\"wp-block-list\">\n<li>Kunnostetussa ekosysteemiss\u00e4 on sille tyypillinen lajisto, joka tukee my\u00f6s ekosysteemille sopivaa eli\u00f6yhteis\u00f6n rakennetta. Kunnostetun ekosysteemin lajisto on vertailukohteena oleva ekosysteemin lajistoa vastaava.<\/li>\n\n\n\n<li>Kunnostettu ekosysteemi koostuu lajirunsaussuhteiden puitteissa mahdollisimman kattavasti kotoper\u00e4isist\u00e4 lajeista.<\/li>\n\n\n\n<li>Kaikki kunnostetun ekosysteemin kehitykseen ja\/tai nykyisen tilan yll\u00e4pit\u00e4miseen vaadittavat tekij\u00e4t ovat edustettuina alueella. Mik\u00e4li jokin vaadittavista tekij\u00f6ist\u00e4 puuttuu, on sill\u00e4 oltava mahdollisuus muodostua osaksi ekosysteemi\u00e4 luonnollisen kehityksen my\u00f6t\u00e4.<\/li>\n\n\n\n<li>Kunnostetun ekosysteemin fyysinen ymp\u00e4rist\u00f6 on kykenev\u00e4 yll\u00e4pit\u00e4m\u00e4\u00e4n lis\u00e4\u00e4ntymiskykyisi\u00e4 eri lajien populaatioita, jotka ovat v\u00e4ltt\u00e4m\u00e4tt\u00f6mi\u00e4 ekosysteemin vakauden tai tavoitellun kehityskaaren kannalta.<\/li>\n\n\n\n<li>Kunnostettu ekosysteemi toimii silminn\u00e4ht\u00e4v\u00e4sti normaalisti sen ekologisen sukkession aikana ja toimintah\u00e4iri\u00f6ihin viittaavia merkkej\u00e4 ei ole.<\/li>\n\n\n\n<li>Kunnostettu ekosysteemi soveltuu yhdistett\u00e4v\u00e4ksi suurempaan ekologiseen kokonaisuuteen tai maisemaan, jossa se toimii osana luonnon elollisia ja elottomia vuorovaikutusprosesseja.<\/li>\n\n\n\n<li>Ymp\u00e4rist\u00f6st\u00e4 tulevat, kunnostetun ekosysteemin terveytt\u00e4 ja koskemattomuutta uhkaavat riskitekij\u00e4t on poistettu tai tehty mahdollisimman pieniksi.<\/li>\n\n\n\n<li>Kunnostetulla ekosysteemill\u00e4 on riitt\u00e4v\u00e4 muutoksensietokyky kest\u00e4m\u00e4\u00e4n ymp\u00e4rist\u00f6n normaalit, kausittaiset tapahtumat, jotka lis\u00e4\u00e4v\u00e4t ekosysteemin kuormitusta hetkellisesti. Kuormitusta lis\u00e4\u00e4v\u00e4t tapahtumat eiv\u00e4t uhkaa ekosysteemin koskemattomuutta.<\/li>\n\n\n\n<li>Kunnostettu ekosysteemi toimii omavaraisesti samalla tasolla kuin vertailukohteena oleva ekosysteemi. Kunnostetun ekosysteemin toiminta jatkuu kest\u00e4v\u00e4sti ymp\u00e4rist\u00f6n nykyisen kaltaisissa olosuhteissa.<\/li>\n<\/ol>\n\n\n\n<hr class=\"wp-block-separator has-alpha-channel-opacity\" \/>\n\n\n\n<div class=\"wp-block-buttons is-layout-flex wp-block-buttons-is-layout-flex\">\n<div class=\"wp-block-button\"><a class=\"wp-block-button__link wp-element-button\" href=\"https:\/\/www.ser.org\/\">Society for Ecological Restoration<\/a><\/div>\n<\/div>\n","protected":false},"excerpt":{"rendered":"<p>Kunnostettujen ekosysteemien ominaisuudet (Society for Ecological Restoration\u2019s International Primer on Ecological Restoration mukaillen)<\/p>\n","protected":false},"author":7,"featured_media":0,"parent":108,"menu_order":50,"comment_status":"closed","ping_status":"closed","template":"","meta":{"_acf_changed":false,"_relevanssi_hide_post":"","_relevanssi_hide_content":"","_relevanssi_pin_for_all":"","_relevanssi_pin_keywords":"","_relevanssi_unpin_keywords":"","_relevanssi_related_keywords":"","_relevanssi_related_include_ids":"","_relevanssi_related_exclude_ids":"","_relevanssi_related_no_append":"","_relevanssi_related_not_related":"","_relevanssi_related_posts":"1","_relevanssi_noindex_reason":"","footnotes":""},"class_list":["post-155","page","type-page","status-publish","hentry"],"acf":[],"_links":{"self":[{"href":"https:\/\/www.vyl.fi\/kesy\/wp-json\/wp\/v2\/pages\/155","targetHints":{"allow":["GET"]}}],"collection":[{"href":"https:\/\/www.vyl.fi\/kesy\/wp-json\/wp\/v2\/pages"}],"about":[{"href":"https:\/\/www.vyl.fi\/kesy\/wp-json\/wp\/v2\/types\/page"}],"author":[{"embeddable":true,"href":"https:\/\/www.vyl.fi\/kesy\/wp-json\/wp\/v2\/users\/7"}],"replies":[{"embeddable":true,"href":"https:\/\/www.vyl.fi\/kesy\/wp-json\/wp\/v2\/comments?post=155"}],"version-history":[{"count":3,"href":"https:\/\/www.vyl.fi\/kesy\/wp-json\/wp\/v2\/pages\/155\/revisions"}],"predecessor-version":[{"id":158,"href":"https:\/\/www.vyl.fi\/kesy\/wp-json\/wp\/v2\/pages\/155\/revisions\/158"}],"up":[{"embeddable":true,"href":"https:\/\/www.vyl.fi\/kesy\/wp-json\/wp\/v2\/pages\/108"}],"wp:attachment":[{"href":"https:\/\/www.vyl.fi\/kesy\/wp-json\/wp\/v2\/media?parent=155"}],"curies":[{"name":"wp","href":"https:\/\/api.w.org\/{rel}","templated":true}]}}