{"id":161,"date":"2024-10-18T14:34:50","date_gmt":"2024-10-18T11:34:50","guid":{"rendered":"https:\/\/u79114.www2.webdomain.fi\/kesy\/?page_id=161"},"modified":"2024-10-18T14:34:51","modified_gmt":"2024-10-18T11:34:51","slug":"toimintaohjeet-suunnittelussa","status":"publish","type":"page","link":"https:\/\/www.vyl.fi\/kesy\/teemat\/vesiolosuhteet\/hulevesien-hallinta\/toimintaohjeet-suunnittelussa\/","title":{"rendered":"Toimintaohjeet suunnittelussa"},"content":{"rendered":"\n<ul class=\"wp-block-list\">\n<li>Noudatetaan suunnittelussa alueelle laadittua hulevesiohjelmaa tai -strategiaa.<\/li>\n\n\n\n<li>Hy\u00f6dynnet\u00e4\u00e4n suunnittelussa hulevesimallinnuksia, alan tutkimustietoa, innovaatioita ja pilottikohteista saatuja kokemuksia.<\/li>\n\n\n\n<li>Suunnitellaan luonnonmukaiset hulevesirakenteet alueen k\u00e4ytt\u00e4jille visuaalisesti n\u00e4kyviksi ja fyysisesti l\u00e4hestytt\u00e4viksi.<\/li>\n\n\n\n<li>Suunnitellaan hulevesirakenteet luonnonmukaisen ekosysteemin tavoin, vesil\u00e4hteit\u00e4, alkuper\u00e4isi\u00e4 kasvilajeja ja kasviyhdyskuntia sek\u00e4 muita paikallisiin olosuhteisiin soveltuvia vesieli\u00f6it\u00e4 hy\u00f6dynt\u00e4en.<\/li>\n\n\n\n<li>S\u00e4ilytet\u00e4\u00e4n vesist\u00f6t mahdollisimman luonnonmukaisina eik\u00e4 hy\u00f6dynnet\u00e4 niit\u00e4 hulevesirakenteiden toteutuksessa.<\/li>\n\n\n\n<li>Suunnitellaan hulevesij\u00e4rjestelm\u00e4t k\u00e4sittelem\u00e4\u00e4n hulevesien mukana kulkeutuvat ep\u00e4puhtaudet siten, etteiv\u00e4t ne kulkeudu edelleen vastaanottaviin vesist\u00f6ihin.<\/li>\n\n\n\n<li>V\u00e4hennet\u00e4\u00e4n ep\u00e4puhtauksien kertymist\u00e4 alueella muodostuviin hulevesiin yhdistelem\u00e4ll\u00e4 erilaisia luonnonmukaisia hulevesien k\u00e4sittelymenetelmi\u00e4 ja -rakenteita kohteeseen sopivalla tavalla.<\/li>\n\n\n\n<li>Hy\u00f6dynnet\u00e4\u00e4n hulevesien k\u00e4sittelyketjua, joka tukee erilaisia ep\u00e4puhtauksien poistomekanismeja, kuten hulevesien:\n<ul class=\"wp-block-list\">\n<li>haihduttaminen<\/li>\n\n\n\n<li>viivytt\u00e4minen ja pid\u00e4tt\u00e4minen<\/li>\n\n\n\n<li>imeytt\u00e4minen<\/li>\n\n\n\n<li>laskeuttaminen<\/li>\n\n\n\n<li>suodattaminen<\/li>\n\n\n\n<li>biologinen sitominen, pilkkominen ja muuntaminen<\/li>\n\n\n\n<li>varastointi esim. biomassaan.<\/li>\n<\/ul>\n<\/li>\n\n\n\n<li>Kiinnitet\u00e4\u00e4n huomio hulevesien hallintamenetelmien valinnassa maaper\u00e4n ja kasvillisuuden kykyyn viivytt\u00e4\u00e4 valuntaa ja ep\u00e4puhtauksia kokonaishaihdunnan sek\u00e4 biopuhdistuksen kautta.<\/li>\n\n\n\n<li>K\u00e4ytet\u00e4\u00e4n menetelmi\u00e4, jotka yll\u00e4pit\u00e4v\u00e4t alueen luonnollista virtaamaa sek\u00e4 pohjaveden uusiutumisnopeutta.<\/li>\n\n\n\n<li>Pienennet\u00e4\u00e4n hulevesien valunnan m\u00e4\u00e4r\u00e4\u00e4 ja voimakkuutta ker\u00e4\u00e4m\u00e4ll\u00e4 hulevesi\u00e4.<\/li>\n\n\n\n<li>Huomioidaan suunnittelussa, ett\u00e4 purkuvesien voimakkuus ja m\u00e4\u00e4r\u00e4 eiv\u00e4t:\n<ul class=\"wp-block-list\">\n<li>lis\u00e4\u00e4 eroosiota vastaanottavissa purku-uomissa<\/li>\n\n\n\n<li>vaikuta kielteisesti purku-uomien luonnolliseen virtaamaan tai pohjaveden m\u00e4\u00e4r\u00e4\u00e4n ja tasoon.<\/li>\n<\/ul>\n<\/li>\n\n\n\n<li>Puretaan k\u00e4sitellyt ja k\u00e4sittelem\u00e4tt\u00f6m\u00e4t hulevedet purku-uomien luonnollista virtaamaa mukaillen.<\/li>\n\n\n\n<li>V\u00e4hennet\u00e4\u00e4n syntyvien hulevesien m\u00e4\u00e4r\u00e4\u00e4 esimerkiksi p\u00e4\u00e4llystemateriaalivalinnoilla.<\/li>\n\n\n\n<li>V\u00e4hennet\u00e4\u00e4n vett\u00e4 l\u00e4p\u00e4isem\u00e4tt\u00f6mien p\u00e4\u00e4llysteiden m\u00e4\u00e4r\u00e4\u00e4 korvaamalla ne esimerkiksi vett\u00e4 l\u00e4p\u00e4isev\u00e4ll\u00e4 betonilla, asfaltilla ja kiveyksell\u00e4.<\/li>\n\n\n\n<li>V\u00e4ltet\u00e4\u00e4n alueen rakennuksissa, rakenteissa ja pinnoissa k\u00e4ytett\u00e4vi\u00e4 materiaaleja ja tuotteita, joista voi vapautua ep\u00e4puhtauksia hulevesiin, kuten:\n<ul class=\"wp-block-list\">\n<li>kuparisia ja sinkittyj\u00e4 katttoja, r\u00e4yst\u00e4skouruja, sy\u00f6ksytorvia ja verhouksia<\/li>\n\n\n\n<li>galvanoituja materiaaleja, kuten aidat, tolpat, suojakaiteet, suuntaviitat<\/li>\n\n\n\n<li>kyll\u00e4stetty\u00e4 puutavaraa.<\/li>\n<\/ul>\n<\/li>\n<\/ul>\n\n\n\n<ul class=\"wp-block-list\">\n<li>Johdetaan hulevedet kovilta pinnoilta kasvillisuusalueille osoittamalla suunnitelmassa tietyt kasvillisuusalueet vastaanottamaan hulevesi\u00e4.<\/li>\n\n\n\n<li>Suunnitellaan hulevesien viivytt\u00e4minen ja imeytt\u00e4minen kasvillisuutta ja maaper\u00e4\u00e4 hy\u00f6dynt\u00e4en k\u00e4ytt\u00e4m\u00e4ll\u00e4 esimerkiksi ratkaisuja, kuten:\n<ul class=\"wp-block-list\">\n<li>viivytysaltaita<\/li>\n\n\n\n<li>sadepuutarhoja<\/li>\n\n\n\n<li>lampia ja muita pid\u00e4tysaltaita<\/li>\n\n\n\n<li>kosteikkoja<\/li>\n\n\n\n<li>suodatuskaistoja<\/li>\n\n\n\n<li>viherpainanteita<\/li>\n\n\n\n<li>kanavia ja kouruja<\/li>\n\n\n\n<li>ojia ja hulevesiuomia<\/li>\n\n\n\n<li>viherkattoja ja viherseini\u00e4<\/li>\n\n\n\n<li>puukujanteita.<\/li>\n<\/ul>\n<\/li>\n\n\n\n<li>V\u00e4ltet\u00e4\u00e4n putkien, kourujen ja viem\u00e4reiden k\u00e4ytt\u00f6\u00e4 ja suositaan maanp\u00e4\u00e4llisi\u00e4 ratkaisuja.<\/li>\n\n\n\n<li>Suositaan kasvivalinnoissa lajeja, jotka\n<ul class=\"wp-block-list\">\n<li>kest\u00e4v\u00e4t ajoittaista tulvimista ja maaper\u00e4n kyll\u00e4stymist\u00e4 vedell\u00e4 sek\u00e4 my\u00f6s ajoittaista kuivuutta<\/li>\n\n\n\n<li>kest\u00e4v\u00e4t tai ovat v\u00e4hemm\u00e4n alttiita tyypillisille hulevesien sis\u00e4lt\u00e4mille ep\u00e4puhtauksille<\/li>\n\n\n\n<li>kykenev\u00e4t v\u00e4hent\u00e4m\u00e4\u00e4n hulevesien tyypillisimpi\u00e4, vastaanottavia vesist\u00f6j\u00e4 kuormittavia ep\u00e4puhtauksia.<\/li>\n<\/ul>\n<\/li>\n\n\n\n<li>Hulevesien imeytymist\u00e4 yll\u00e4pidet\u00e4\u00e4n elvytt\u00e4m\u00e4ll\u00e4 tai uudistamalla maaper\u00e4n imeytyskapasiteettia\/vedenpid\u00e4tyskyky\u00e4 mm. suojaamalla maaper\u00e4\u00e4 tiivistymiselt\u00e4.\u00a0<\/li>\n\n\n\n<li>Otetaan suunnittelussa huomioon luonnonmukaisten hulevesirakenteiden kunnossapidon toteutus suunnittelemalla alue siten, ett\u00e4 muun muassa hulevesipainanteiden ja altaiden pohjalle laskeutuneen sedimenttikerroksen poistaminen tehd\u00e4\u00e4n vesist\u00f6n ekologista tasapainoa h\u00e4iritsem\u00e4tt\u00e4 ja kest\u00e4v\u00e4ll\u00e4 tavalla.<\/li>\n<\/ul>\n","protected":false},"excerpt":{"rendered":"","protected":false},"author":7,"featured_media":0,"parent":111,"menu_order":20,"comment_status":"closed","ping_status":"closed","template":"","meta":{"_acf_changed":false,"_relevanssi_hide_post":"","_relevanssi_hide_content":"","_relevanssi_pin_for_all":"","_relevanssi_pin_keywords":"","_relevanssi_unpin_keywords":"","_relevanssi_related_keywords":"","_relevanssi_related_include_ids":"","_relevanssi_related_exclude_ids":"","_relevanssi_related_no_append":"","_relevanssi_related_not_related":"","_relevanssi_related_posts":"1","_relevanssi_noindex_reason":"","footnotes":""},"class_list":["post-161","page","type-page","status-publish","hentry"],"acf":[],"_links":{"self":[{"href":"https:\/\/www.vyl.fi\/kesy\/wp-json\/wp\/v2\/pages\/161","targetHints":{"allow":["GET"]}}],"collection":[{"href":"https:\/\/www.vyl.fi\/kesy\/wp-json\/wp\/v2\/pages"}],"about":[{"href":"https:\/\/www.vyl.fi\/kesy\/wp-json\/wp\/v2\/types\/page"}],"author":[{"embeddable":true,"href":"https:\/\/www.vyl.fi\/kesy\/wp-json\/wp\/v2\/users\/7"}],"replies":[{"embeddable":true,"href":"https:\/\/www.vyl.fi\/kesy\/wp-json\/wp\/v2\/comments?post=161"}],"version-history":[{"count":1,"href":"https:\/\/www.vyl.fi\/kesy\/wp-json\/wp\/v2\/pages\/161\/revisions"}],"predecessor-version":[{"id":162,"href":"https:\/\/www.vyl.fi\/kesy\/wp-json\/wp\/v2\/pages\/161\/revisions\/162"}],"up":[{"embeddable":true,"href":"https:\/\/www.vyl.fi\/kesy\/wp-json\/wp\/v2\/pages\/111"}],"wp:attachment":[{"href":"https:\/\/www.vyl.fi\/kesy\/wp-json\/wp\/v2\/media?parent=161"}],"curies":[{"name":"wp","href":"https:\/\/api.w.org\/{rel}","templated":true}]}}