{"id":167,"date":"2024-10-18T14:39:46","date_gmt":"2024-10-18T11:39:46","guid":{"rendered":"https:\/\/u79114.www2.webdomain.fi\/kesy\/?page_id=167"},"modified":"2024-10-18T14:39:47","modified_gmt":"2024-10-18T11:39:47","slug":"toimenpiteet-tilaamisessa","status":"publish","type":"page","link":"https:\/\/www.vyl.fi\/kesy\/teemat\/vesiolosuhteet\/vedenkulutuksen-vahentaminen-kasvillisuusalueiden-hoidossa\/toimenpiteet-tilaamisessa\/","title":{"rendered":"Toimenpiteet tilaamisessa"},"content":{"rendered":"\n<ul class=\"wp-block-list\">\n<li>Ohjataan suunnittelijoita valitsemaan alueelle kasvillisuutta, joka ei tarvitse rakentamisvaiheen j\u00e4lkeen kastelua.<\/li>\n\n\n\n<li>M\u00e4\u00e4ritet\u00e4\u00e4n rakennus- ja kunnossapitot\u00f6iden tarjouspyynt\u00f6asiakirjoihin tavoitteet ja mahdolliset rajoitteet kasvillisuusalueiden kastelulle ja kastelussa k\u00e4ytett\u00e4v\u00e4lle vesil\u00e4hteelle.<\/li>\n\n\n\n<li>Osoitetaan rakennus- ja kunnossapitourakoitsijoiden k\u00e4ytt\u00f6\u00f6n vaihtoehtoisia vesil\u00e4hteit\u00e4, joilla korvataan talousvett\u00e4, luonnollisia pintavesi\u00e4 tai pohjavett\u00e4.<\/li>\n<\/ul>\n\n\n\n<p><\/p>\n","protected":false},"excerpt":{"rendered":"","protected":false},"author":7,"featured_media":0,"parent":114,"menu_order":10,"comment_status":"closed","ping_status":"closed","template":"","meta":{"_acf_changed":false,"_relevanssi_hide_post":"","_relevanssi_hide_content":"","_relevanssi_pin_for_all":"","_relevanssi_pin_keywords":"","_relevanssi_unpin_keywords":"","_relevanssi_related_keywords":"","_relevanssi_related_include_ids":"","_relevanssi_related_exclude_ids":"","_relevanssi_related_no_append":"","_relevanssi_related_not_related":"","_relevanssi_related_posts":"1","_relevanssi_noindex_reason":"","footnotes":""},"class_list":["post-167","page","type-page","status-publish","hentry"],"acf":[],"_links":{"self":[{"href":"https:\/\/www.vyl.fi\/kesy\/wp-json\/wp\/v2\/pages\/167","targetHints":{"allow":["GET"]}}],"collection":[{"href":"https:\/\/www.vyl.fi\/kesy\/wp-json\/wp\/v2\/pages"}],"about":[{"href":"https:\/\/www.vyl.fi\/kesy\/wp-json\/wp\/v2\/types\/page"}],"author":[{"embeddable":true,"href":"https:\/\/www.vyl.fi\/kesy\/wp-json\/wp\/v2\/users\/7"}],"replies":[{"embeddable":true,"href":"https:\/\/www.vyl.fi\/kesy\/wp-json\/wp\/v2\/comments?post=167"}],"version-history":[{"count":1,"href":"https:\/\/www.vyl.fi\/kesy\/wp-json\/wp\/v2\/pages\/167\/revisions"}],"predecessor-version":[{"id":168,"href":"https:\/\/www.vyl.fi\/kesy\/wp-json\/wp\/v2\/pages\/167\/revisions\/168"}],"up":[{"embeddable":true,"href":"https:\/\/www.vyl.fi\/kesy\/wp-json\/wp\/v2\/pages\/114"}],"wp:attachment":[{"href":"https:\/\/www.vyl.fi\/kesy\/wp-json\/wp\/v2\/media?parent=167"}],"curies":[{"name":"wp","href":"https:\/\/api.w.org\/{rel}","templated":true}]}}