{"id":173,"date":"2024-10-18T14:42:37","date_gmt":"2024-10-18T11:42:37","guid":{"rendered":"https:\/\/u79114.www2.webdomain.fi\/kesy\/?page_id=173"},"modified":"2024-10-18T14:42:38","modified_gmt":"2024-10-18T11:42:38","slug":"toimenpiteet-kunnossapidossa","status":"publish","type":"page","link":"https:\/\/www.vyl.fi\/kesy\/teemat\/vesiolosuhteet\/vedenkulutuksen-vahentaminen-kasvillisuusalueiden-hoidossa\/toimenpiteet-kunnossapidossa\/","title":{"rendered":"Toimenpiteet kunnossapidossa"},"content":{"rendered":"\n<ul class=\"wp-block-list\">\n<li>Ajoitetaan kastelu hoitoluokituksen, kasvupaikan ja kasvilajin vaatimusten mukaan siten, ettei kuivumisesta ole haittaa kasvin hyvinvoinnille.<\/li>\n\n\n\n<li>Huolehditaan k\u00e4yt\u00f6ss\u00e4 olevien kasteluj\u00e4rjestelmien moitteettomasta toimintakunnosta.<\/li>\n\n\n\n<li>Hy\u00f6dynnet\u00e4\u00e4n kastelussa l\u00e4hialueen harmaat j\u00e4tevedet, talteen otetut hulevedet, j\u00e4\u00e4hdytysvedet tai kondensoituneet vedet.\u00a0 Harmaiden j\u00e4tevesien ja\/tai teollisuusvesien soveltuvuus kasteluvedeksi varmennetaan vesianalyysin avulla.<\/li>\n\n\n\n<li>Huolehditaan katekerrosten riitt\u00e4v\u00e4st\u00e4 paksuudesta kunnossapitosuunnitelman mukaan niin kauan kunnes istutettu kasvillisuus peitt\u00e4\u00e4 kasvualustan t\u00e4ysin.<\/li>\n\n\n\n<li>Kastellaan ajankohtana (esim. aamulla tai illalla), jolloin vedenhaihdunta on pienint\u00e4.<\/li>\n\n\n\n<li>Kastellaan kasvit huolellisesti k\u00e4ytt\u00e4en pient\u00e4 vedenpainetta ja v\u00e4ltt\u00e4en veden valumista pois kasvin juuristoalueelta.<\/li>\n\n\n\n<li>K\u00e4ytet\u00e4\u00e4n tihkukasteluj\u00e4rjestelm\u00e4\u00e4 tai muita kasteluv\u00e4lineit\u00e4, jotka ohjaavat veden tehokkaasti kasvillisuuden juuristolle, kuten maahan upotettava kastelupiikki, -putki tai kastelupussi.<\/li>\n<\/ul>\n","protected":false},"excerpt":{"rendered":"","protected":false},"author":7,"featured_media":0,"parent":114,"menu_order":40,"comment_status":"closed","ping_status":"closed","template":"","meta":{"_acf_changed":false,"_relevanssi_hide_post":"","_relevanssi_hide_content":"","_relevanssi_pin_for_all":"","_relevanssi_pin_keywords":"","_relevanssi_unpin_keywords":"","_relevanssi_related_keywords":"","_relevanssi_related_include_ids":"","_relevanssi_related_exclude_ids":"","_relevanssi_related_no_append":"","_relevanssi_related_not_related":"","_relevanssi_related_posts":"1","_relevanssi_noindex_reason":"","footnotes":""},"class_list":["post-173","page","type-page","status-publish","hentry"],"acf":[],"_links":{"self":[{"href":"https:\/\/www.vyl.fi\/kesy\/wp-json\/wp\/v2\/pages\/173","targetHints":{"allow":["GET"]}}],"collection":[{"href":"https:\/\/www.vyl.fi\/kesy\/wp-json\/wp\/v2\/pages"}],"about":[{"href":"https:\/\/www.vyl.fi\/kesy\/wp-json\/wp\/v2\/types\/page"}],"author":[{"embeddable":true,"href":"https:\/\/www.vyl.fi\/kesy\/wp-json\/wp\/v2\/users\/7"}],"replies":[{"embeddable":true,"href":"https:\/\/www.vyl.fi\/kesy\/wp-json\/wp\/v2\/comments?post=173"}],"version-history":[{"count":1,"href":"https:\/\/www.vyl.fi\/kesy\/wp-json\/wp\/v2\/pages\/173\/revisions"}],"predecessor-version":[{"id":174,"href":"https:\/\/www.vyl.fi\/kesy\/wp-json\/wp\/v2\/pages\/173\/revisions\/174"}],"up":[{"embeddable":true,"href":"https:\/\/www.vyl.fi\/kesy\/wp-json\/wp\/v2\/pages\/114"}],"wp:attachment":[{"href":"https:\/\/www.vyl.fi\/kesy\/wp-json\/wp\/v2\/media?parent=173"}],"curies":[{"name":"wp","href":"https:\/\/api.w.org\/{rel}","templated":true}]}}