{"id":188,"date":"2024-10-21T08:18:51","date_gmt":"2024-10-21T05:18:51","guid":{"rendered":"https:\/\/u79114.www2.webdomain.fi\/kesy\/?page_id=188"},"modified":"2024-10-21T08:18:51","modified_gmt":"2024-10-21T05:18:51","slug":"toimenpiteet-tilaamisessa","status":"publish","type":"page","link":"https:\/\/www.vyl.fi\/kesy\/teemat\/maapera-ja-kasvillisuus\/maaperan-sailyttaminen-kunnostus-ja-hoito\/toimenpiteet-tilaamisessa\/","title":{"rendered":"Toimenpiteet tilaamisessa"},"content":{"rendered":"\n<p><strong><em>Maaper\u00e4n s\u00e4ilytt\u00e4miseen liittyen:<\/em><\/strong><\/p>\n\n\n\n<ul class=\"wp-block-list\">\n<li>Tehd\u00e4\u00e4n alueen nykytilan arviointi, jossa paikannetaan ja kuvataan alueella oleva maaper\u00e4. Teetet\u00e4\u00e4n selvitys terveest\u00e4 maaper\u00e4st\u00e4.<\/li>\n\n\n\n<li>Asetetaan tavoitteet terveen maaper\u00e4n m\u00e4\u00e4r\u00e4lle ja laadulle.<\/li>\n\n\n\n<li>M\u00e4\u00e4ritet\u00e4\u00e4n mittarit ja\/tai seurantamenetelm\u00e4t, joilla mitataan maaper\u00e4lle asetettujen tavoitteiden toteutumista.<\/li>\n\n\n\n<li>Ohjataan suunnittelijaa suunnittelemaan toimintojen sijoittaminen ja alueen rakentaminen siten, ett\u00e4 ne varmistavat terveen maaper\u00e4n m\u00e4\u00e4r\u00e4n ja laadun toteutumisen asetettujen tavoitteiden mukaan.<\/li>\n\n\n\n<li>Ohjataan rakentajaa suunnittelemaan ja toteuttamaan rakennusty\u00f6 siten, ett\u00e4 teht\u00e4v\u00e4t toimenpiteet varmistavat terveen maaper\u00e4n m\u00e4\u00e4r\u00e4n ja laadun toteutumisen asetettujen tavoitteiden mukaan.<\/li>\n\n\n\n<li>Ohjeistetaan suunnittelu-, rakentamis- ja kunnossapitoty\u00f6ss\u00e4 kielletyt ja sallitut toimenpiteet suojavy\u00f6hykkeill\u00e4.<\/li>\n\n\n\n<li>Ohjeistetaan maaper\u00e4n suojaaminen rakentamis- ja kunnossapitot\u00f6iss\u00e4 yleisten laatuvaatimusten mukaisesti.<\/li>\n\n\n\n<li>Valvotaan terveen maaper\u00e4n m\u00e4\u00e4r\u00e4n ja laadun toteutumista suunnittelu-, rakentamis- ja kunnossapitovaiheessa.<\/li>\n\n\n\n<li>Valvotaan suojavy\u00f6hykkeiden koskemattomuutta ja kuntoa suunnittelu-, rakentamis- ja kunnossapitot\u00f6iden aikana.<\/li>\n\n\n\n<li>Valvotaan maaper\u00e4n suojaustoimenpiteiden toteuttamista rakentamis- ja kunnossapitovaiheessa.<\/li>\n<\/ul>\n\n\n\n<p><strong><em>Maaper\u00e4n kunnostukseen ja hoitoon liittyen:<\/em><\/strong><\/p>\n\n\n\n<ul class=\"wp-block-list\">\n<li>Teetet\u00e4\u00e4n tarvittavat maaper\u00e4n kunnostus- ja hoitosuunnitelmat.<\/li>\n\n\n\n<li>Asetetaan tavoitteet maaper\u00e4n kunnostukselle ja hoidolle.<\/li>\n\n\n\n<li>M\u00e4\u00e4ritet\u00e4\u00e4n mittarit ja\/tai seurantamenetelm\u00e4t, joilla mitataan maaper\u00e4n kunnostuksen ja hoidon toteutumista.<\/li>\n\n\n\n<li>Ohjataan suunnittelijaa suunnittelemaan alueen kasvualustat ja muut maaper\u00e4\u00e4n liittyv\u00e4t toiminnot siten, ett\u00e4 maaper\u00e4n kunnostus ja hoito toteutuvat asetettujen tavoitteiden mukaan.<\/li>\n\n\n\n<li>Ohjataan rakentajaa suunnittelemaan ja toteuttamaan rakennusty\u00f6 siten, ett\u00e4 teht\u00e4v\u00e4t toimenpiteet varmistavat rakentamisenaikaisen maaper\u00e4n kunnostuksen ja hoidon toteutumisen asetettujen tavoitteiden mukaan.<\/li>\n\n\n\n<li>Ohjeistetaan kunnossapit\u00e4j\u00e4\u00e4 hoitamaan ja kunnostamaan maaper\u00e4\u00e4 asetettujen tavoitteiden mukaan.<\/li>\n\n\n\n<li>Valvotaan maaper\u00e4n kunnostuksessa k\u00e4ytett\u00e4vien maa-aineksien, maanparannusaineksien, lannoitteiden alkuper\u00e4\u00e4, laatua ja m\u00e4\u00e4r\u00e4\u00e4 rakentamis- ja kunnossapitot\u00f6iden aikana.<\/li>\n<\/ul>\n\n\n\n<p><strong>Valvotaan maanper\u00e4n kunnostusta ja hoitoa rakentamis- ja kunnossapitovaiheessa.<\/strong><\/p>\n","protected":false},"excerpt":{"rendered":"<p>Maaper\u00e4n s\u00e4ilytt\u00e4miseen liittyen: Maaper\u00e4n kunnostukseen ja hoitoon liittyen: Valvotaan maanper\u00e4n kunnostusta ja hoitoa rakentamis- ja kunnossapitovaiheessa.<\/p>\n","protected":false},"author":7,"featured_media":0,"parent":186,"menu_order":10,"comment_status":"closed","ping_status":"closed","template":"","meta":{"_acf_changed":false,"_relevanssi_hide_post":"","_relevanssi_hide_content":"","_relevanssi_pin_for_all":"","_relevanssi_pin_keywords":"","_relevanssi_unpin_keywords":"","_relevanssi_related_keywords":"","_relevanssi_related_include_ids":"","_relevanssi_related_exclude_ids":"","_relevanssi_related_no_append":"","_relevanssi_related_not_related":"","_relevanssi_related_posts":"1","_relevanssi_noindex_reason":"","footnotes":""},"class_list":["post-188","page","type-page","status-publish","hentry"],"acf":[],"_links":{"self":[{"href":"https:\/\/www.vyl.fi\/kesy\/wp-json\/wp\/v2\/pages\/188","targetHints":{"allow":["GET"]}}],"collection":[{"href":"https:\/\/www.vyl.fi\/kesy\/wp-json\/wp\/v2\/pages"}],"about":[{"href":"https:\/\/www.vyl.fi\/kesy\/wp-json\/wp\/v2\/types\/page"}],"author":[{"embeddable":true,"href":"https:\/\/www.vyl.fi\/kesy\/wp-json\/wp\/v2\/users\/7"}],"replies":[{"embeddable":true,"href":"https:\/\/www.vyl.fi\/kesy\/wp-json\/wp\/v2\/comments?post=188"}],"version-history":[{"count":1,"href":"https:\/\/www.vyl.fi\/kesy\/wp-json\/wp\/v2\/pages\/188\/revisions"}],"predecessor-version":[{"id":189,"href":"https:\/\/www.vyl.fi\/kesy\/wp-json\/wp\/v2\/pages\/188\/revisions\/189"}],"up":[{"embeddable":true,"href":"https:\/\/www.vyl.fi\/kesy\/wp-json\/wp\/v2\/pages\/186"}],"wp:attachment":[{"href":"https:\/\/www.vyl.fi\/kesy\/wp-json\/wp\/v2\/media?parent=188"}],"curies":[{"name":"wp","href":"https:\/\/api.w.org\/{rel}","templated":true}]}}