{"id":19,"date":"2024-10-09T10:34:51","date_gmt":"2024-10-09T07:34:51","guid":{"rendered":"https:\/\/u79114.www2.webdomain.fi\/kesy\/?page_id=19"},"modified":"2024-10-17T18:33:39","modified_gmt":"2024-10-17T15:33:39","slug":"toimintaperiaatteet","status":"publish","type":"page","link":"https:\/\/www.vyl.fi\/kesy\/toimintaperiaatteet\/","title":{"rendered":"Toimintaperiaatteet"},"content":{"rendered":"\n<p class=\"wp-block-lala-blocks-lala-ingressi\">T\u00e4ss\u00e4 kuvataan keskeisimm\u00e4t yleiset toimintaperiaatteet ja toimenpiteet, joilla kest\u00e4v\u00e4 kehitys voidaan huomioida ymp\u00e4rist\u00f6rakentamisen hankkeessa ja sen eri vaiheissa.<\/p>\n\n\n\n<p>Keskeinen toimija ymp\u00e4rist\u00f6rakentamishankkeiden kest\u00e4v\u00e4n kehityksen edist\u00e4j\u00e4n\u00e4 on tilaaja. Tilaaja m\u00e4\u00e4ritt\u00e4\u00e4 hankkeelle tavoitteet. Jos tavoitteisiin ei ole m\u00e4\u00e4ritelty kest\u00e4v\u00e4n kehityksen mukaisia asioita, ei niit\u00e4 my\u00f6sk\u00e4\u00e4n tuoteta suunnittelu-, rakennus- tai kunnossapitovaiheessa. Hankintakriteerit pit\u00e4\u00e4 m\u00e4\u00e4ritt\u00e4\u00e4 ja kilpailutus tehd\u00e4 tasapuolisesti ekologisin, sosiaalisin ja eettisin, kulttuurisin ja taloudellisin perustein.<\/p>\n\n\n\n<p>Valvontaty\u00f6t\u00e4 tekev\u00e4n teht\u00e4v\u00e4n\u00e4 on varmistaa, ett\u00e4 tilaajan edellytt\u00e4m\u00e4t kest\u00e4v\u00e4n kehityksen n\u00e4k\u00f6kannat ja tavoitteet tulevat huomioiduksi rakennusprosessin aikana.<\/p>\n\n\n\n<p>Tilaajan ohella suunnittelijalla on suuri merkitys ymp\u00e4rist\u00f6rakentamishankkeen kest\u00e4v\u00e4n kehityksen mukaisissa toimenpiteiss\u00e4. Suunnittelija vaikuttaa tekemill\u00e4\u00e4n ratkaisuilla muun muassa kohteen materiaalivalintoihin, toteutusmenetelmiin ja kunnossapidon intensiivisyyteen sek\u00e4 kohteen koko elinkaaren aikaiseen kest\u00e4vyyteen ja kustannuksiin.<\/p>\n\n\n\n<p>Rakentamis- ja kunnossapitovaiheissa ty\u00f6skentelymenetelmien valinnalla, ty\u00f6koneiden valinnalla ja kunnolla, hankintojen toteuttamisella sek\u00e4 kasvillisuuden ja kasvualustan hoito-osaamisella on keskeinen vaikutus kest\u00e4v\u00e4n kehityksen toteutumiseen.<\/p>\n","protected":false},"excerpt":{"rendered":"<p>Keskeinen toimija ymp\u00e4rist\u00f6rakentamishankkeiden kest\u00e4v\u00e4n kehityksen edist\u00e4j\u00e4n\u00e4 on tilaaja. Tilaaja m\u00e4\u00e4ritt\u00e4\u00e4 hankkeelle tavoitteet. Jos tavoitteisiin ei ole m\u00e4\u00e4ritelty kest\u00e4v\u00e4n kehityksen mukaisia asioita, ei niit\u00e4 my\u00f6sk\u00e4\u00e4n tuoteta suunnittelu-, rakennus- tai kunnossapitovaiheessa. Hankintakriteerit pit\u00e4\u00e4 m\u00e4\u00e4ritt\u00e4\u00e4 ja kilpailutus tehd\u00e4 tasapuolisesti ekologisin, sosiaalisin ja eettisin, kulttuurisin ja taloudellisin perustein. Valvontaty\u00f6t\u00e4 tekev\u00e4n teht\u00e4v\u00e4n\u00e4 on varmistaa, ett\u00e4 tilaajan edellytt\u00e4m\u00e4t kest\u00e4v\u00e4n kehityksen n\u00e4k\u00f6kannat [&hellip;]<\/p>\n","protected":false},"author":7,"featured_media":144,"parent":0,"menu_order":0,"comment_status":"closed","ping_status":"closed","template":"","meta":{"_acf_changed":false,"_relevanssi_hide_post":"","_relevanssi_hide_content":"","_relevanssi_pin_for_all":"","_relevanssi_pin_keywords":"","_relevanssi_unpin_keywords":"","_relevanssi_related_keywords":"","_relevanssi_related_include_ids":"","_relevanssi_related_exclude_ids":"","_relevanssi_related_no_append":"","_relevanssi_related_not_related":"","_relevanssi_related_posts":"1","_relevanssi_noindex_reason":"","footnotes":""},"class_list":["post-19","page","type-page","status-publish","has-post-thumbnail","hentry"],"acf":[],"_links":{"self":[{"href":"https:\/\/www.vyl.fi\/kesy\/wp-json\/wp\/v2\/pages\/19","targetHints":{"allow":["GET"]}}],"collection":[{"href":"https:\/\/www.vyl.fi\/kesy\/wp-json\/wp\/v2\/pages"}],"about":[{"href":"https:\/\/www.vyl.fi\/kesy\/wp-json\/wp\/v2\/types\/page"}],"author":[{"embeddable":true,"href":"https:\/\/www.vyl.fi\/kesy\/wp-json\/wp\/v2\/users\/7"}],"replies":[{"embeddable":true,"href":"https:\/\/www.vyl.fi\/kesy\/wp-json\/wp\/v2\/comments?post=19"}],"version-history":[{"count":2,"href":"https:\/\/www.vyl.fi\/kesy\/wp-json\/wp\/v2\/pages\/19\/revisions"}],"predecessor-version":[{"id":135,"href":"https:\/\/www.vyl.fi\/kesy\/wp-json\/wp\/v2\/pages\/19\/revisions\/135"}],"wp:featuredmedia":[{"embeddable":true,"href":"https:\/\/www.vyl.fi\/kesy\/wp-json\/wp\/v2\/media\/144"}],"wp:attachment":[{"href":"https:\/\/www.vyl.fi\/kesy\/wp-json\/wp\/v2\/media?parent=19"}],"curies":[{"name":"wp","href":"https:\/\/api.w.org\/{rel}","templated":true}]}}