{"id":207,"date":"2024-10-21T08:28:09","date_gmt":"2024-10-21T05:28:09","guid":{"rendered":"https:\/\/u79114.www2.webdomain.fi\/kesy\/?page_id=207"},"modified":"2024-10-21T08:28:32","modified_gmt":"2024-10-21T05:28:32","slug":"kasvupaikkaan-soveltuvan-kasvillisuuden-kaytto","status":"publish","type":"page","link":"https:\/\/www.vyl.fi\/kesy\/teemat\/maapera-ja-kasvillisuus\/kasvupaikkaan-soveltuvan-kasvillisuuden-kaytto\/","title":{"rendered":"Kasvupaikkaan soveltuvan kasvillisuuden k\u00e4ytt\u00f6"},"content":{"rendered":"\n<p><strong>TAVOITTEET<\/strong><\/p>\n\n\n\n<ul class=\"wp-block-list\">\n<li>Edistet\u00e4\u00e4n Suomen luonnolle luontaisten kasvien ja kasvuymp\u00e4rist\u00f6\u00f6n sopivien kasvien monimuotoisuutta.<\/li>\n\n\n\n<li>Lis\u00e4t\u00e4\u00e4n kasvillisuuden lajistollista monimuotoisuutta, biotooppien monimuotoisuutta, ja lajinsis\u00e4ist\u00e4 perinn\u00f6llist\u00e4 monimuotoisuutta.<\/li>\n\n\n\n<li>Varmistetaan kasvillisuuden menestyminen ja lajityypillinen kasvu kasvupaikallaan.\u00a0<\/li>\n\n\n\n<li>V\u00e4hennet\u00e4\u00e4n kasvillisuusalueiden kunnossapitotarvetta.<\/li>\n<\/ul>\n\n\n\n<p><strong>YLEISET TOIMINTAPERIAATTEET<\/strong><\/p>\n\n\n\n<ul class=\"wp-block-list\">\n<li>K\u00e4ytet\u00e4\u00e4n alueelle luontaisia kasvilajeja, jotka sopivat alueen olosuhteisiin, ilmastoon, suunniteltuun k\u00e4ytt\u00f6\u00f6n ja suunnitteluratkaisuihin sek\u00e4 tukevat luonnon monimuotoisuutta.<\/li>\n\n\n\n<li>K\u00e4ytet\u00e4\u00e4n kasveja, jotka on kasvatettu taimistolla, laillisesti ker\u00e4ttyj\u00e4 tai otettu talteen alueelta tai sen ulkopuolelta uudelleen istutusta varten.<\/li>\n\n\n\n<li>K\u00e4ytet\u00e4\u00e4n kasvilajeja, jotka edist\u00e4v\u00e4t kasvillisuuden monimuotoisuutta eli\u00f6yhteis\u00f6ss\u00e4 ja alueella kokonaisuudessaan.<\/li>\n\n\n\n<li>K\u00e4ytet\u00e4\u00e4n ensisijaisesti kotimaista taimiaineistoa.<\/li>\n\n\n\n<li>V\u00e4ltet\u00e4\u00e4n EU:lle haitallisia ja kansallisesti haitallisia vieraslajeja ja karanteenituhoojia, jotka voivat olla vaaraksi paikallisille ekosysteemeille. Valintojen tulee perustua lakiin vieraslajeista aiheutuvien riskien hallinnasta ja vieraslajien hallintaan liittyviin ohjeistuksiin.<\/li>\n<\/ul>\n","protected":false},"excerpt":{"rendered":"<p>TAVOITTEET YLEISET TOIMINTAPERIAATTEET<\/p>\n","protected":false},"author":7,"featured_media":0,"parent":89,"menu_order":30,"comment_status":"closed","ping_status":"closed","template":"","meta":{"_acf_changed":false,"_relevanssi_hide_post":"","_relevanssi_hide_content":"","_relevanssi_pin_for_all":"","_relevanssi_pin_keywords":"","_relevanssi_unpin_keywords":"","_relevanssi_related_keywords":"","_relevanssi_related_include_ids":"","_relevanssi_related_exclude_ids":"","_relevanssi_related_no_append":"","_relevanssi_related_not_related":"","_relevanssi_related_posts":"1","_relevanssi_noindex_reason":"","footnotes":""},"class_list":["post-207","page","type-page","status-publish","hentry"],"acf":[],"_links":{"self":[{"href":"https:\/\/www.vyl.fi\/kesy\/wp-json\/wp\/v2\/pages\/207","targetHints":{"allow":["GET"]}}],"collection":[{"href":"https:\/\/www.vyl.fi\/kesy\/wp-json\/wp\/v2\/pages"}],"about":[{"href":"https:\/\/www.vyl.fi\/kesy\/wp-json\/wp\/v2\/types\/page"}],"author":[{"embeddable":true,"href":"https:\/\/www.vyl.fi\/kesy\/wp-json\/wp\/v2\/users\/7"}],"replies":[{"embeddable":true,"href":"https:\/\/www.vyl.fi\/kesy\/wp-json\/wp\/v2\/comments?post=207"}],"version-history":[{"count":1,"href":"https:\/\/www.vyl.fi\/kesy\/wp-json\/wp\/v2\/pages\/207\/revisions"}],"predecessor-version":[{"id":208,"href":"https:\/\/www.vyl.fi\/kesy\/wp-json\/wp\/v2\/pages\/207\/revisions\/208"}],"up":[{"embeddable":true,"href":"https:\/\/www.vyl.fi\/kesy\/wp-json\/wp\/v2\/pages\/89"}],"wp:attachment":[{"href":"https:\/\/www.vyl.fi\/kesy\/wp-json\/wp\/v2\/media?parent=207"}],"curies":[{"name":"wp","href":"https:\/\/api.w.org\/{rel}","templated":true}]}}