{"id":209,"date":"2024-10-21T08:29:39","date_gmt":"2024-10-21T05:29:39","guid":{"rendered":"https:\/\/u79114.www2.webdomain.fi\/kesy\/?page_id=209"},"modified":"2024-10-21T08:29:39","modified_gmt":"2024-10-21T05:29:39","slug":"toimenpiteet-tilaamisessa","status":"publish","type":"page","link":"https:\/\/www.vyl.fi\/kesy\/teemat\/maapera-ja-kasvillisuus\/kasvupaikkaan-soveltuvan-kasvillisuuden-kaytto\/toimenpiteet-tilaamisessa\/","title":{"rendered":"Toimenpiteet tilaamisessa"},"content":{"rendered":"\n<ul class=\"wp-block-list\">\n<li>Teetet\u00e4\u00e4n selvitys alueen luontaisesta ja ekosysteemiin soveltuvasta kasvillisuudesta. Selvitys tulee teett\u00e4\u00e4 alan asiantuntijalla (esim. biologi).<\/li>\n\n\n\n<li>Ohjataan suunnittelijaa valitsemaan kasvupaikkaan soveltuva, luonnon monimuotoisuutta lis\u00e4\u00e4v\u00e4 ja paikallista ekosysteemi\u00e4 tukeva kasvilajisto.<\/li>\n\n\n\n<li>Valvotaan suunnitelmassa esitettyjen kasvilajien soveltuvuutta suunnittelukohteeseen.<\/li>\n\n\n\n<li>Valvotaan istutuksissa k\u00e4ytett\u00e4vien taimien alkuper\u00e4\u00e4, laatua ja m\u00e4\u00e4r\u00e4\u00e4 rakentamist\u00f6iden aikana.<\/li>\n<\/ul>\n","protected":false},"excerpt":{"rendered":"","protected":false},"author":7,"featured_media":0,"parent":207,"menu_order":10,"comment_status":"closed","ping_status":"closed","template":"","meta":{"_acf_changed":false,"_relevanssi_hide_post":"","_relevanssi_hide_content":"","_relevanssi_pin_for_all":"","_relevanssi_pin_keywords":"","_relevanssi_unpin_keywords":"","_relevanssi_related_keywords":"","_relevanssi_related_include_ids":"","_relevanssi_related_exclude_ids":"","_relevanssi_related_no_append":"","_relevanssi_related_not_related":"","_relevanssi_related_posts":"1","_relevanssi_noindex_reason":"","footnotes":""},"class_list":["post-209","page","type-page","status-publish","hentry"],"acf":[],"_links":{"self":[{"href":"https:\/\/www.vyl.fi\/kesy\/wp-json\/wp\/v2\/pages\/209","targetHints":{"allow":["GET"]}}],"collection":[{"href":"https:\/\/www.vyl.fi\/kesy\/wp-json\/wp\/v2\/pages"}],"about":[{"href":"https:\/\/www.vyl.fi\/kesy\/wp-json\/wp\/v2\/types\/page"}],"author":[{"embeddable":true,"href":"https:\/\/www.vyl.fi\/kesy\/wp-json\/wp\/v2\/users\/7"}],"replies":[{"embeddable":true,"href":"https:\/\/www.vyl.fi\/kesy\/wp-json\/wp\/v2\/comments?post=209"}],"version-history":[{"count":1,"href":"https:\/\/www.vyl.fi\/kesy\/wp-json\/wp\/v2\/pages\/209\/revisions"}],"predecessor-version":[{"id":210,"href":"https:\/\/www.vyl.fi\/kesy\/wp-json\/wp\/v2\/pages\/209\/revisions\/210"}],"up":[{"embeddable":true,"href":"https:\/\/www.vyl.fi\/kesy\/wp-json\/wp\/v2\/pages\/207"}],"wp:attachment":[{"href":"https:\/\/www.vyl.fi\/kesy\/wp-json\/wp\/v2\/media?parent=209"}],"curies":[{"name":"wp","href":"https:\/\/api.w.org\/{rel}","templated":true}]}}