{"id":21,"date":"2024-10-09T10:35:05","date_gmt":"2024-10-09T07:35:05","guid":{"rendered":"https:\/\/u79114.www2.webdomain.fi\/kesy\/?page_id=21"},"modified":"2024-12-04T07:37:22","modified_gmt":"2024-12-04T05:37:22","slug":"materiaalit","status":"publish","type":"page","link":"https:\/\/www.vyl.fi\/kesy\/materiaalit\/","title":{"rendered":"Materiaalit"},"content":{"rendered":"\n<p>Materiaalit- sivuilta l\u00f6yd\u00e4t kest\u00e4v\u00e4\u00e4n ymp\u00e4rist\u00f6rakentamiseen liittyvi\u00e4 verkkoluentoja, julkaisuja ja opinn\u00e4ytet\u00f6it\u00e4. Lis\u00e4ksi ker\u00e4\u00e4mme listaa dynaamisista istutusalueista Suomessa. <\/p>\n\n\n\n<p>KESY-teemojen videot l\u00f6ytyv\u00e4t teema-sivuilta, kunkin teeman alta. <\/p>\n\n\n\n<div class=\"wp-block-buttons is-layout-flex wp-block-buttons-is-layout-flex\">\n<div class=\"wp-block-button\"><a class=\"wp-block-button__link wp-element-button\" href=\"https:\/\/www.vyl.fi\/kesy\/teemat\/\">Katso videot KESY-teemat-sivulta<\/a><\/div>\n<\/div>\n\n\n\n<p><\/p>\n","protected":false},"excerpt":{"rendered":"<p>Materiaalit- sivuilta l\u00f6yd\u00e4t kest\u00e4v\u00e4\u00e4n ymp\u00e4rist\u00f6rakentamiseen liittyvi\u00e4 verkkoluentoja, julkaisuja ja opinn\u00e4ytet\u00f6it\u00e4. Lis\u00e4ksi ker\u00e4\u00e4mme listaa dynaamisista istutusalueista Suomessa. KESY-teemojen videot l\u00f6ytyv\u00e4t teema-sivuilta, kunkin teeman alta.<\/p>\n","protected":false},"author":7,"featured_media":143,"parent":0,"menu_order":0,"comment_status":"closed","ping_status":"closed","template":"","meta":{"_acf_changed":false,"_relevanssi_hide_post":"","_relevanssi_hide_content":"","_relevanssi_pin_for_all":"","_relevanssi_pin_keywords":"","_relevanssi_unpin_keywords":"","_relevanssi_related_keywords":"","_relevanssi_related_include_ids":"","_relevanssi_related_exclude_ids":"","_relevanssi_related_no_append":"","_relevanssi_related_not_related":"","_relevanssi_related_posts":"1","_relevanssi_noindex_reason":"","footnotes":""},"class_list":["post-21","page","type-page","status-publish","has-post-thumbnail","hentry"],"acf":[],"_links":{"self":[{"href":"https:\/\/www.vyl.fi\/kesy\/wp-json\/wp\/v2\/pages\/21","targetHints":{"allow":["GET"]}}],"collection":[{"href":"https:\/\/www.vyl.fi\/kesy\/wp-json\/wp\/v2\/pages"}],"about":[{"href":"https:\/\/www.vyl.fi\/kesy\/wp-json\/wp\/v2\/types\/page"}],"author":[{"embeddable":true,"href":"https:\/\/www.vyl.fi\/kesy\/wp-json\/wp\/v2\/users\/7"}],"replies":[{"embeddable":true,"href":"https:\/\/www.vyl.fi\/kesy\/wp-json\/wp\/v2\/comments?post=21"}],"version-history":[{"count":6,"href":"https:\/\/www.vyl.fi\/kesy\/wp-json\/wp\/v2\/pages\/21\/revisions"}],"predecessor-version":[{"id":571,"href":"https:\/\/www.vyl.fi\/kesy\/wp-json\/wp\/v2\/pages\/21\/revisions\/571"}],"wp:featuredmedia":[{"embeddable":true,"href":"https:\/\/www.vyl.fi\/kesy\/wp-json\/wp\/v2\/media\/143"}],"wp:attachment":[{"href":"https:\/\/www.vyl.fi\/kesy\/wp-json\/wp\/v2\/media?parent=21"}],"curies":[{"name":"wp","href":"https:\/\/api.w.org\/{rel}","templated":true}]}}