{"id":211,"date":"2024-10-21T08:36:34","date_gmt":"2024-10-21T05:36:34","guid":{"rendered":"https:\/\/u79114.www2.webdomain.fi\/kesy\/?page_id=211"},"modified":"2024-10-21T08:36:35","modified_gmt":"2024-10-21T05:36:35","slug":"toimenpiteet-suunnittelussa","status":"publish","type":"page","link":"https:\/\/www.vyl.fi\/kesy\/teemat\/maapera-ja-kasvillisuus\/kasvupaikkaan-soveltuvan-kasvillisuuden-kaytto\/toimenpiteet-suunnittelussa\/","title":{"rendered":"Toimenpiteet suunnittelussa"},"content":{"rendered":"\n<ul class=\"wp-block-list\">\n<li>Hy\u00f6dynnet\u00e4\u00e4n kasvivalinnoissa tilaajan tai muiden tahojen laatimia selvityksi\u00e4 alueen luontaisesta kasvillisuudesta kasvupaikkaan soveltuvien lajien kartoittamiseksi.<\/li>\n\n\n\n<li>Valitaan kasvillisuus noudattaen luonnon monimuotoisuusperiaatetta. (Ohjeistuksena voidaan k\u00e4ytt\u00e4\u00e4 esimerkiksi ns. Santamour:in mallia eli \u201dkymmenen prosentin s\u00e4\u00e4nt\u00f6\u00e4\u201d. Sen mukaan alueella, kuten laajalla viheralueella, ei ole yli 10 prosenttia samaan lajiin, yli 20 prosenttia samaan sukuun eik\u00e4 yli 30 prosenttia samaan heimoon kuuluvia kasveja).<\/li>\n\n\n\n<li>Valitaan kasvilajeja ja -lajikkeita, jotka viihtyv\u00e4t paikallisissa kasvu- ja s\u00e4\u00e4olosuhteissa.<\/li>\n\n\n\n<li>Varmistetaan puuvartisten kasvilajien ja -lajikkeiden menestymisvy\u00f6hykkeen ja alkuper\u00e4n soveltuvuus suunnittelukohteeseen.<\/li>\n\n\n\n<li>Valitaan kasvilajeja ja -lajikkeita, jotka eiv\u00e4t ole alttiita vakaville kasvitaudeille tai -tuholaisille eiv\u00e4tk\u00e4 toimi v\u00e4li-is\u00e4nt\u00e4n\u00e4 vaarallisille kasvitaudeille tai -tuholaisille. Mik\u00e4li suunnitelmaan sis\u00e4ltyy vaarallisten kasvintuhoojien is\u00e4nt\u00e4kasveja, perehdyt\u00e4\u00e4n huolella Eviran ohjeisiin ja vaaditaan kasveilta terveystodistukset.<\/li>\n\n\n\n<li>Suositaan monikerroksista kasvillisuutta.<\/li>\n\n\n\n<li>Valitaan kasvilajeja ja -lajikkeita, jotka tarjoavat p\u00f6lytt\u00e4j\u00e4hy\u00f6nteisille ravintoa.<\/li>\n<\/ul>\n","protected":false},"excerpt":{"rendered":"","protected":false},"author":7,"featured_media":0,"parent":207,"menu_order":20,"comment_status":"closed","ping_status":"closed","template":"","meta":{"_acf_changed":false,"_relevanssi_hide_post":"","_relevanssi_hide_content":"","_relevanssi_pin_for_all":"","_relevanssi_pin_keywords":"","_relevanssi_unpin_keywords":"","_relevanssi_related_keywords":"","_relevanssi_related_include_ids":"","_relevanssi_related_exclude_ids":"","_relevanssi_related_no_append":"","_relevanssi_related_not_related":"","_relevanssi_related_posts":"1","_relevanssi_noindex_reason":"","footnotes":""},"class_list":["post-211","page","type-page","status-publish","hentry"],"acf":[],"_links":{"self":[{"href":"https:\/\/www.vyl.fi\/kesy\/wp-json\/wp\/v2\/pages\/211","targetHints":{"allow":["GET"]}}],"collection":[{"href":"https:\/\/www.vyl.fi\/kesy\/wp-json\/wp\/v2\/pages"}],"about":[{"href":"https:\/\/www.vyl.fi\/kesy\/wp-json\/wp\/v2\/types\/page"}],"author":[{"embeddable":true,"href":"https:\/\/www.vyl.fi\/kesy\/wp-json\/wp\/v2\/users\/7"}],"replies":[{"embeddable":true,"href":"https:\/\/www.vyl.fi\/kesy\/wp-json\/wp\/v2\/comments?post=211"}],"version-history":[{"count":1,"href":"https:\/\/www.vyl.fi\/kesy\/wp-json\/wp\/v2\/pages\/211\/revisions"}],"predecessor-version":[{"id":212,"href":"https:\/\/www.vyl.fi\/kesy\/wp-json\/wp\/v2\/pages\/211\/revisions\/212"}],"up":[{"embeddable":true,"href":"https:\/\/www.vyl.fi\/kesy\/wp-json\/wp\/v2\/pages\/207"}],"wp:attachment":[{"href":"https:\/\/www.vyl.fi\/kesy\/wp-json\/wp\/v2\/media?parent=211"}],"curies":[{"name":"wp","href":"https:\/\/api.w.org\/{rel}","templated":true}]}}