{"id":228,"date":"2024-10-21T09:02:15","date_gmt":"2024-10-21T06:02:15","guid":{"rendered":"https:\/\/u79114.www2.webdomain.fi\/kesy\/?page_id=228"},"modified":"2024-10-21T09:02:15","modified_gmt":"2024-10-21T06:02:15","slug":"kasvillisuuden-lisaaminen","status":"publish","type":"page","link":"https:\/\/www.vyl.fi\/kesy\/teemat\/maapera-ja-kasvillisuus\/kasvillisuuden-lisaaminen\/","title":{"rendered":"Kasvillisuuden lis\u00e4\u00e4minen"},"content":{"rendered":"\n<p><strong>TAVOITTEET<\/strong><\/p>\n\n\n\n<ul class=\"wp-block-list\">\n<li>Lis\u00e4t\u00e4\u00e4n alueelle soveltuvaa kasvillisuutta.<\/li>\n\n\n\n<li>Lis\u00e4t\u00e4\u00e4n kasvillisuuden lajistollista monimuotoisuutta ja kasvillisuuden kokonaisbiomassaa.<\/li>\n\n\n\n<li>Tuetaan lis\u00e4\u00e4misen kautta kasvien tuottamia ekosysteemipalveluja.<\/li>\n\n\n\n<li>Lis\u00e4t\u00e4\u00e4n biotooppien monimuotoisuutta, kasvilajien lukum\u00e4\u00e4r\u00e4\u00e4 ja lajinsis\u00e4ist\u00e4 perinn\u00f6llist\u00e4 monimuotoisuutta.<\/li>\n<\/ul>\n\n\n\n<p><strong>YLEISET TOIMINTAPERIAATTEET<\/strong><\/p>\n\n\n\n<ul class=\"wp-block-list\">\n<li>Asetetaan tavoitteet kasvillisuuden lis\u00e4\u00e4miselle.<\/li>\n\n\n\n<li>Tavoitteiden asettamisessa voidaan k\u00e4ytt\u00e4\u00e4 mm. vihertehokkuusmenetelm\u00e4\u00e4 (viherkerroin\/ viherlaskuri).<\/li>\n\n\n\n<li>Kehitet\u00e4\u00e4n menetelmi\u00e4 kasvillisuuden biomassan arviointiin (esim. tiheysindeksiselvitys).<\/li>\n\n\n\n<li>M\u00e4\u00e4ritell\u00e4\u00e4n seurantamenetelm\u00e4t kasvillisuuden biomassan m\u00e4\u00e4r\u00e4n ja laadun arviointiin.<\/li>\n\n\n\n<li>Asetetaan tavoitteet kasvillisuuden biomassan lis\u00e4\u00e4miselle ja asetetaan mittarit ja\/tai seurantamenetelm\u00e4t kasvillisuuden biomassan m\u00e4\u00e4r\u00e4n seuraamiselle.<\/li>\n<\/ul>\n","protected":false},"excerpt":{"rendered":"<p>TAVOITTEET YLEISET TOIMINTAPERIAATTEET<\/p>\n","protected":false},"author":7,"featured_media":0,"parent":89,"menu_order":50,"comment_status":"closed","ping_status":"closed","template":"","meta":{"_acf_changed":false,"_relevanssi_hide_post":"","_relevanssi_hide_content":"","_relevanssi_pin_for_all":"","_relevanssi_pin_keywords":"","_relevanssi_unpin_keywords":"","_relevanssi_related_keywords":"","_relevanssi_related_include_ids":"","_relevanssi_related_exclude_ids":"","_relevanssi_related_no_append":"","_relevanssi_related_not_related":"","_relevanssi_related_posts":"1","_relevanssi_noindex_reason":"","footnotes":""},"class_list":["post-228","page","type-page","status-publish","hentry"],"acf":[],"_links":{"self":[{"href":"https:\/\/www.vyl.fi\/kesy\/wp-json\/wp\/v2\/pages\/228","targetHints":{"allow":["GET"]}}],"collection":[{"href":"https:\/\/www.vyl.fi\/kesy\/wp-json\/wp\/v2\/pages"}],"about":[{"href":"https:\/\/www.vyl.fi\/kesy\/wp-json\/wp\/v2\/types\/page"}],"author":[{"embeddable":true,"href":"https:\/\/www.vyl.fi\/kesy\/wp-json\/wp\/v2\/users\/7"}],"replies":[{"embeddable":true,"href":"https:\/\/www.vyl.fi\/kesy\/wp-json\/wp\/v2\/comments?post=228"}],"version-history":[{"count":1,"href":"https:\/\/www.vyl.fi\/kesy\/wp-json\/wp\/v2\/pages\/228\/revisions"}],"predecessor-version":[{"id":229,"href":"https:\/\/www.vyl.fi\/kesy\/wp-json\/wp\/v2\/pages\/228\/revisions\/229"}],"up":[{"embeddable":true,"href":"https:\/\/www.vyl.fi\/kesy\/wp-json\/wp\/v2\/pages\/89"}],"wp:attachment":[{"href":"https:\/\/www.vyl.fi\/kesy\/wp-json\/wp\/v2\/media?parent=228"}],"curies":[{"name":"wp","href":"https:\/\/api.w.org\/{rel}","templated":true}]}}