{"id":232,"date":"2024-10-21T09:04:01","date_gmt":"2024-10-21T06:04:01","guid":{"rendered":"https:\/\/u79114.www2.webdomain.fi\/kesy\/?page_id=232"},"modified":"2024-10-21T09:04:02","modified_gmt":"2024-10-21T06:04:02","slug":"toimenpiteet-suunnittelussa","status":"publish","type":"page","link":"https:\/\/www.vyl.fi\/kesy\/teemat\/maapera-ja-kasvillisuus\/kasvillisuuden-lisaaminen\/toimenpiteet-suunnittelussa\/","title":{"rendered":"Toimenpiteet suunnittelussa"},"content":{"rendered":"\n<ul class=\"wp-block-list\">\n<li>Suunnitellaan kohteet siten, ett\u00e4 olemassa olevalle, paikalle soveltuvalle kasvillisuudelle aiheutuu mahdollisimman v\u00e4h\u00e4n h\u00e4iri\u00f6t\u00e4.<\/li>\n\n\n\n<li>Lis\u00e4t\u00e4\u00e4n suunnittelussa kasvillisuutta. Liiallisia istutuksia tulee kuitenkin v\u00e4ltt\u00e4\u00e4, eik\u00e4 istutuksia lis\u00e4t\u00e4 harkitsemattomasti biomassan lis\u00e4\u00e4miseksi.<\/li>\n\n\n\n<li>Lis\u00e4t\u00e4\u00e4n luontaisia kasvilajeja, jotka sopivat alueen olosuhteisiin, ilmastoon, suunniteltuun k\u00e4ytt\u00f6\u00f6n ja suunnitteluratkaisuihin sek\u00e4 tukevat luonnon monimuotoisuutta.<\/li>\n\n\n\n<li>Hy\u00f6dynnet\u00e4\u00e4n biomassan lis\u00e4\u00e4miseen my\u00f6s viherseini\u00e4 ja -kattoja.<\/li>\n\n\n\n<li>Otetaan huomioon maanpeite- ja pensaskerroksen kasvivalinnoissa kasvien sopeutuminen valoisuusolosuhteiden muutoksiin puiden kasvun my\u00f6t\u00e4.<\/li>\n\n\n\n<li>K\u00e4velytiet, katot, pys\u00e4k\u00f6intialueet ja muut ei-kasvulliset alueet voidaan t\u00e4ydent\u00e4\u00e4 my\u00f6s puilla, viherkatoilla tai muilla kasvipeitteisill\u00e4 rakenteilla, kuten esimerkiksi pergoloilla.<\/li>\n\n\n\n<li>Kasvillisuusrakenteissa otetaan huomioon biomassan lis\u00e4ksi niiden kyky k\u00e4sitell\u00e4 alueella syntyvi\u00e4 hulevesi\u00e4.<\/li>\n<\/ul>\n","protected":false},"excerpt":{"rendered":"","protected":false},"author":7,"featured_media":0,"parent":228,"menu_order":20,"comment_status":"closed","ping_status":"closed","template":"","meta":{"_acf_changed":false,"_relevanssi_hide_post":"","_relevanssi_hide_content":"","_relevanssi_pin_for_all":"","_relevanssi_pin_keywords":"","_relevanssi_unpin_keywords":"","_relevanssi_related_keywords":"","_relevanssi_related_include_ids":"","_relevanssi_related_exclude_ids":"","_relevanssi_related_no_append":"","_relevanssi_related_not_related":"","_relevanssi_related_posts":"1","_relevanssi_noindex_reason":"","footnotes":""},"class_list":["post-232","page","type-page","status-publish","hentry"],"acf":[],"_links":{"self":[{"href":"https:\/\/www.vyl.fi\/kesy\/wp-json\/wp\/v2\/pages\/232","targetHints":{"allow":["GET"]}}],"collection":[{"href":"https:\/\/www.vyl.fi\/kesy\/wp-json\/wp\/v2\/pages"}],"about":[{"href":"https:\/\/www.vyl.fi\/kesy\/wp-json\/wp\/v2\/types\/page"}],"author":[{"embeddable":true,"href":"https:\/\/www.vyl.fi\/kesy\/wp-json\/wp\/v2\/users\/7"}],"replies":[{"embeddable":true,"href":"https:\/\/www.vyl.fi\/kesy\/wp-json\/wp\/v2\/comments?post=232"}],"version-history":[{"count":1,"href":"https:\/\/www.vyl.fi\/kesy\/wp-json\/wp\/v2\/pages\/232\/revisions"}],"predecessor-version":[{"id":233,"href":"https:\/\/www.vyl.fi\/kesy\/wp-json\/wp\/v2\/pages\/232\/revisions\/233"}],"up":[{"embeddable":true,"href":"https:\/\/www.vyl.fi\/kesy\/wp-json\/wp\/v2\/pages\/228"}],"wp:attachment":[{"href":"https:\/\/www.vyl.fi\/kesy\/wp-json\/wp\/v2\/media?parent=232"}],"curies":[{"name":"wp","href":"https:\/\/api.w.org\/{rel}","templated":true}]}}