{"id":234,"date":"2024-10-21T09:04:39","date_gmt":"2024-10-21T06:04:39","guid":{"rendered":"https:\/\/u79114.www2.webdomain.fi\/kesy\/?page_id=234"},"modified":"2024-10-21T09:04:39","modified_gmt":"2024-10-21T06:04:39","slug":"toimenpiteet-rakentamisessa","status":"publish","type":"page","link":"https:\/\/www.vyl.fi\/kesy\/teemat\/maapera-ja-kasvillisuus\/kasvillisuuden-lisaaminen\/toimenpiteet-rakentamisessa\/","title":{"rendered":"Toimenpiteet rakentamisessa"},"content":{"rendered":"\n<ul class=\"wp-block-list\">\n<li>S\u00e4ilytet\u00e4\u00e4n suunnitelmien mukaisesti s\u00e4ilytett\u00e4v\u00e4ksi merkitty kasvillisuus ja suojataan kasvillisuusalueet asianmukaisesti rakentamisen ajan.<\/li>\n\n\n\n<li>K\u00e4ytet\u00e4\u00e4n suunnittelijan m\u00e4\u00e4ritt\u00e4mi\u00e4 taimikokoja ja taimim\u00e4\u00e4ri\u00e4.<\/li>\n<\/ul>\n","protected":false},"excerpt":{"rendered":"","protected":false},"author":7,"featured_media":0,"parent":228,"menu_order":30,"comment_status":"closed","ping_status":"closed","template":"","meta":{"_acf_changed":false,"_relevanssi_hide_post":"","_relevanssi_hide_content":"","_relevanssi_pin_for_all":"","_relevanssi_pin_keywords":"","_relevanssi_unpin_keywords":"","_relevanssi_related_keywords":"","_relevanssi_related_include_ids":"","_relevanssi_related_exclude_ids":"","_relevanssi_related_no_append":"","_relevanssi_related_not_related":"","_relevanssi_related_posts":"1","_relevanssi_noindex_reason":"","footnotes":""},"class_list":["post-234","page","type-page","status-publish","hentry"],"acf":[],"_links":{"self":[{"href":"https:\/\/www.vyl.fi\/kesy\/wp-json\/wp\/v2\/pages\/234","targetHints":{"allow":["GET"]}}],"collection":[{"href":"https:\/\/www.vyl.fi\/kesy\/wp-json\/wp\/v2\/pages"}],"about":[{"href":"https:\/\/www.vyl.fi\/kesy\/wp-json\/wp\/v2\/types\/page"}],"author":[{"embeddable":true,"href":"https:\/\/www.vyl.fi\/kesy\/wp-json\/wp\/v2\/users\/7"}],"replies":[{"embeddable":true,"href":"https:\/\/www.vyl.fi\/kesy\/wp-json\/wp\/v2\/comments?post=234"}],"version-history":[{"count":1,"href":"https:\/\/www.vyl.fi\/kesy\/wp-json\/wp\/v2\/pages\/234\/revisions"}],"predecessor-version":[{"id":235,"href":"https:\/\/www.vyl.fi\/kesy\/wp-json\/wp\/v2\/pages\/234\/revisions\/235"}],"up":[{"embeddable":true,"href":"https:\/\/www.vyl.fi\/kesy\/wp-json\/wp\/v2\/pages\/228"}],"wp:attachment":[{"href":"https:\/\/www.vyl.fi\/kesy\/wp-json\/wp\/v2\/media?parent=234"}],"curies":[{"name":"wp","href":"https:\/\/api.w.org\/{rel}","templated":true}]}}