{"id":236,"date":"2024-10-21T09:05:18","date_gmt":"2024-10-21T06:05:18","guid":{"rendered":"https:\/\/u79114.www2.webdomain.fi\/kesy\/?page_id=236"},"modified":"2024-10-21T09:05:18","modified_gmt":"2024-10-21T06:05:18","slug":"toimenpiteet-kunnossapidossa","status":"publish","type":"page","link":"https:\/\/www.vyl.fi\/kesy\/teemat\/maapera-ja-kasvillisuus\/kasvillisuuden-lisaaminen\/toimenpiteet-kunnossapidossa\/","title":{"rendered":"Toimenpiteet kunnossapidossa"},"content":{"rendered":"\n<ul class=\"wp-block-list\">\n<li>Suunnitellaan kasvillisuuden hoito- ja kunnostustoimenpiteet siten, ett\u00e4 kasvillisuusalueille asetetut tavoitteet biomassan ja ekosysteemipalvelujen m\u00e4\u00e4r\u00e4lle ja laadulle toteutuvat.<\/li>\n\n\n\n<li>Seurataan kasvillisuuden terveytt\u00e4 ja kuntoa.<\/li>\n\n\n\n<li>Ajoitetaan kunnossapitoty\u00f6t kasvillisuuden tarpeiden ja toiminnan mukaan.<\/li>\n\n\n\n<li>K\u00e4ytet\u00e4\u00e4n maanparannusaineita ja -menetelmi\u00e4, jotka parhaiten tukevat maaper\u00e4n eli\u00f6st\u00f6n, rakenteen, vesitalouden, ravinnetalouden, ilman ja kaasujen vaihdon toimintaa, kuten luonnonmukaisia lannoitteita ja eloper\u00e4ist\u00e4 ainesta.<\/li>\n\n\n\n<li>K\u00e4ytet\u00e4\u00e4n menetelmi\u00e4, jotka parhaiten tukevat kasvillisuuden elintoimintoja ja terveytt\u00e4.<\/li>\n<\/ul>\n","protected":false},"excerpt":{"rendered":"","protected":false},"author":7,"featured_media":0,"parent":228,"menu_order":40,"comment_status":"closed","ping_status":"closed","template":"","meta":{"_acf_changed":false,"_relevanssi_hide_post":"","_relevanssi_hide_content":"","_relevanssi_pin_for_all":"","_relevanssi_pin_keywords":"","_relevanssi_unpin_keywords":"","_relevanssi_related_keywords":"","_relevanssi_related_include_ids":"","_relevanssi_related_exclude_ids":"","_relevanssi_related_no_append":"","_relevanssi_related_not_related":"","_relevanssi_related_posts":"1","_relevanssi_noindex_reason":"","footnotes":""},"class_list":["post-236","page","type-page","status-publish","hentry"],"acf":[],"_links":{"self":[{"href":"https:\/\/www.vyl.fi\/kesy\/wp-json\/wp\/v2\/pages\/236","targetHints":{"allow":["GET"]}}],"collection":[{"href":"https:\/\/www.vyl.fi\/kesy\/wp-json\/wp\/v2\/pages"}],"about":[{"href":"https:\/\/www.vyl.fi\/kesy\/wp-json\/wp\/v2\/types\/page"}],"author":[{"embeddable":true,"href":"https:\/\/www.vyl.fi\/kesy\/wp-json\/wp\/v2\/users\/7"}],"replies":[{"embeddable":true,"href":"https:\/\/www.vyl.fi\/kesy\/wp-json\/wp\/v2\/comments?post=236"}],"version-history":[{"count":1,"href":"https:\/\/www.vyl.fi\/kesy\/wp-json\/wp\/v2\/pages\/236\/revisions"}],"predecessor-version":[{"id":237,"href":"https:\/\/www.vyl.fi\/kesy\/wp-json\/wp\/v2\/pages\/236\/revisions\/237"}],"up":[{"embeddable":true,"href":"https:\/\/www.vyl.fi\/kesy\/wp-json\/wp\/v2\/pages\/228"}],"wp:attachment":[{"href":"https:\/\/www.vyl.fi\/kesy\/wp-json\/wp\/v2\/media?parent=236"}],"curies":[{"name":"wp","href":"https:\/\/api.w.org\/{rel}","templated":true}]}}