{"id":24,"date":"2024-10-09T10:36:21","date_gmt":"2024-10-09T07:36:21","guid":{"rendered":"https:\/\/u79114.www2.webdomain.fi\/kesy\/?page_id=24"},"modified":"2024-11-28T11:50:51","modified_gmt":"2024-11-28T09:50:51","slug":"kesy-hankkeet","status":"publish","type":"page","link":"https:\/\/www.vyl.fi\/kesy\/kesy-hankkeet\/","title":{"rendered":"KESY-hankkeet"},"content":{"rendered":"\n<p class=\"wp-block-lala-blocks-lala-ingressi\">T\u00e4ll\u00e4 sivustolla kerrotaan kest\u00e4v\u00e4 ymp\u00e4rist\u00f6rakentaminen -toimintamallia hy\u00f6dynt\u00e4vist\u00e4 tulevista ja eri vaiheissa k\u00e4ynniss\u00e4 olevista tai valmiista hankkeista. Materiaalit&nbsp;ovat vapaasti kaikkien k\u00e4ytett\u00e4viss\u00e4 ja kokeiltavissa.<\/p>\n\n\n\n<h2 class=\"wp-block-heading\">Kerro meille KESY-hankkeestasi!<\/h2>\n\n\n\n<p>Ker\u00e4\u00e4mme tietoa KESY-toimintamallia hy\u00f6dynt\u00e4vist\u00e4 hankkeista. Tavoitteena on saada tietoa erilaisista viheralan hankinta-, suunnittelu-, rakentamis- ja\/tai kunnossapitovaiheessa olevista&nbsp;hankkeista, joissa sovelletaan k\u00e4yt\u00e4nt\u00f6\u00f6n laadittuja KESY-ohjeita ja aputy\u00f6kaluja. Jokainen hanke voi itse m\u00e4\u00e4ritt\u00e4\u00e4, miss\u00e4 laajuudessa ja mit\u00e4 KESY-ty\u00f6kaluja halutaan omassa hankkeessa k\u00e4ytt\u00e4\u00e4. Ilmoitettavat hankkeet voivat olla joko k\u00e4ynniss\u00e4 olevia tai jo valmistuneita. Aineistoa hy\u00f6dynnet\u00e4\u00e4n KESY-toimintamallin kehitysty\u00f6ss\u00e4, tiedottamisessa ja seurannassa.<\/p>\n\n\n\n<div class=\"wp-block-buttons is-layout-flex wp-block-buttons-is-layout-flex\">\n<div class=\"wp-block-button\"><a class=\"wp-block-button__link wp-element-button\" href=\"https:\/\/www.vyl.fi\/kesy\/mika-on-kesy\/ilmoita-kesy-hankkeesta\/\">N\u00e4in ilmoitat KESY-hankkeesta<\/a><\/div>\n<\/div>\n","protected":false},"excerpt":{"rendered":"<p>Kerro meille KESY-hankkeestasi! Ker\u00e4\u00e4mme tietoa KESY-toimintamallia hy\u00f6dynt\u00e4vist\u00e4 hankkeista. Tavoitteena on saada tietoa erilaisista viheralan hankinta-, suunnittelu-, rakentamis- ja\/tai kunnossapitovaiheessa olevista&nbsp;hankkeista, joissa sovelletaan k\u00e4yt\u00e4nt\u00f6\u00f6n laadittuja KESY-ohjeita ja aputy\u00f6kaluja. Jokainen hanke voi itse m\u00e4\u00e4ritt\u00e4\u00e4, miss\u00e4 laajuudessa ja mit\u00e4 KESY-ty\u00f6kaluja halutaan omassa hankkeessa k\u00e4ytt\u00e4\u00e4. Ilmoitettavat hankkeet voivat olla joko k\u00e4ynniss\u00e4 olevia tai jo valmistuneita. Aineistoa hy\u00f6dynnet\u00e4\u00e4n KESY-toimintamallin kehitysty\u00f6ss\u00e4, [&hellip;]<\/p>\n","protected":false},"author":7,"featured_media":142,"parent":0,"menu_order":0,"comment_status":"closed","ping_status":"closed","template":"","meta":{"_acf_changed":false,"_relevanssi_hide_post":"","_relevanssi_hide_content":"","_relevanssi_pin_for_all":"","_relevanssi_pin_keywords":"","_relevanssi_unpin_keywords":"","_relevanssi_related_keywords":"","_relevanssi_related_include_ids":"","_relevanssi_related_exclude_ids":"","_relevanssi_related_no_append":"","_relevanssi_related_not_related":"","_relevanssi_related_posts":"1","_relevanssi_noindex_reason":"","footnotes":""},"class_list":["post-24","page","type-page","status-publish","has-post-thumbnail","hentry"],"acf":[],"_links":{"self":[{"href":"https:\/\/www.vyl.fi\/kesy\/wp-json\/wp\/v2\/pages\/24","targetHints":{"allow":["GET"]}}],"collection":[{"href":"https:\/\/www.vyl.fi\/kesy\/wp-json\/wp\/v2\/pages"}],"about":[{"href":"https:\/\/www.vyl.fi\/kesy\/wp-json\/wp\/v2\/types\/page"}],"author":[{"embeddable":true,"href":"https:\/\/www.vyl.fi\/kesy\/wp-json\/wp\/v2\/users\/7"}],"replies":[{"embeddable":true,"href":"https:\/\/www.vyl.fi\/kesy\/wp-json\/wp\/v2\/comments?post=24"}],"version-history":[{"count":7,"href":"https:\/\/www.vyl.fi\/kesy\/wp-json\/wp\/v2\/pages\/24\/revisions"}],"predecessor-version":[{"id":560,"href":"https:\/\/www.vyl.fi\/kesy\/wp-json\/wp\/v2\/pages\/24\/revisions\/560"}],"wp:featuredmedia":[{"embeddable":true,"href":"https:\/\/www.vyl.fi\/kesy\/wp-json\/wp\/v2\/media\/142"}],"wp:attachment":[{"href":"https:\/\/www.vyl.fi\/kesy\/wp-json\/wp\/v2\/media?parent=24"}],"curies":[{"name":"wp","href":"https:\/\/api.w.org\/{rel}","templated":true}]}}