{"id":246,"date":"2024-10-21T09:12:06","date_gmt":"2024-10-21T06:12:06","guid":{"rendered":"https:\/\/u79114.www2.webdomain.fi\/kesy\/?page_id=246"},"modified":"2024-10-21T09:12:07","modified_gmt":"2024-10-21T06:12:07","slug":"toimenpiteet-rakentamisessa","status":"publish","type":"page","link":"https:\/\/www.vyl.fi\/kesy\/teemat\/materiaalien-ja-tuotteiden-valinta-2\/materiaalitehokkuuden-edistaminen\/toimenpiteet-rakentamisessa\/","title":{"rendered":"Toimenpiteet rakentamisessa"},"content":{"rendered":"\n<ul class=\"wp-block-list\">\n<li>Tehd\u00e4\u00e4n materiaali- ja tuotemenekkilaskelmat huolellisesti v\u00e4ltt\u00e4en ylim\u00e4\u00e4r\u00e4isi\u00e4 hankintoja.<\/li>\n\n\n\n<li>Suositaan hankinnoissa kierr\u00e4tett\u00e4vi\u00e4 materiaaleja ja tuotteita sek\u00e4 kierr\u00e4tysmateriaaleja ja -tuotteita.<\/li>\n\n\n\n<li>Hankitaan kest\u00e4v\u00e4sti tuotettuja materiaaleja ja tuotteita.<\/li>\n\n\n\n<li>Toteutetaan purku- ja rakennusty\u00f6 siten, ett\u00e4 olemassa olevien materiaalien ja tuotteiden uudelleenk\u00e4ytt\u00f6 ja kierr\u00e4tys ovat mahdollisia.<\/li>\n\n\n\n<li>Kuljetetaan, v\u00e4livarastoidaan ja suojataan materiaalit ja tuotteet niiden vaatimalla tavalla yleisten laatuvaatimusten mukaan.<\/li>\n\n\n\n<li>Suunnitellaan materiaalin k\u00e4ytt\u00f6 huolellisesti v\u00e4ltt\u00e4en materiaalihukkaa.<\/li>\n\n\n\n<li>Uudelleenk\u00e4ytet\u00e4\u00e4n ja kierr\u00e4tet\u00e4\u00e4n rakennusty\u00f6st\u00e4 syntyv\u00e4t j\u00e4tteet.<\/li>\n\n\n\n<li>Merkit\u00e4\u00e4n suunnitelma-asiakirjoihin rakennusty\u00f6maalla tehdyt materiaali- ja tuotemuutokset, jotka poikkeavat alkuper\u00e4isist\u00e4 rakennussuunnitelmista.<\/li>\n\n\n\n<li>Toteutetaan purku- ja rakennusty\u00f6 siten, ett\u00e4 olemassa olevien rakenteiden uusio- ja\/ tai uudelleenk\u00e4ytt\u00f6 on mahdollista.<\/li>\n\n\n\n<li>Suojataan olemassa olevat rakenteet ty\u00f6maalla purkut\u00f6iden aikana yleisten laatuvaatimusten mukaan.<\/li>\n\n\n\n<li>Puhdistetaan, korjataan ja viimeistell\u00e4\u00e4n s\u00e4ilytett\u00e4v\u00e4t rakenteet niin, ett\u00e4 ne muodostavat kiinte\u00e4n osan uutta ymp\u00e4rist\u00f6rakennetta ja ovat turvallisia uudessa k\u00e4ytt\u00f6tarkoituksessaan.<\/li>\n\n\n\n<li>Toteutetaan purku- ja rakennusty\u00f6 siten, ett\u00e4 poistettavaksi ja uusio- ja\/ tai uudelleenk\u00e4ytett\u00e4viksi m\u00e4\u00e4r\u00e4ttyjen materiaalien, tuotteiden ja kasvillisuuden uudelleenk\u00e4ytt\u00f6 on mahdollista.<\/li>\n\n\n\n<li>V\u00e4livarastoidaan, suojataan ja pois kuljetetaan uusio- ja\/ tai uudelleenk\u00e4ytett\u00e4v\u00e4ksi m\u00e4\u00e4r\u00e4tyt materiaalit, tuotteet ja kasvillisuus niin, etteiv\u00e4t ne vaurioidu ty\u00f6n aikana.<\/li>\n\n\n\n<li>Selvitet\u00e4\u00e4n toimijat, jotka ottavat vastaan rakennuskohteesta poistettavaa kasvillisuutta, maa-aineksia tai muita materiaaleja ja tuotteita ty\u00f6naikaiseen s\u00e4ilytykseen ja\/tai edelleen v\u00e4litett\u00e4v\u00e4ksi.<\/li>\n\n\n\n<li>Suunnitellaan rakennusty\u00f6ss\u00e4 syntyvien maa-, kivi- ja kasviaineksien sek\u00e4 muiden j\u00e4tteiden lajittelu ja uusio- ja\/ tai uudelleenk\u00e4ytt\u00f6.<\/li>\n\n\n\n<li>Perehdytet\u00e4\u00e4n ty\u00f6ntekij\u00e4t ja aliurakoitsijat ty\u00f6kohteesta syntyvien aineksien ja j\u00e4tteiden lajitteluun ja kierr\u00e4tykseen viranomaisten ohjeiden mukaan.<\/li>\n\n\n\n<li>Lajitellaan syntyv\u00e4t ainekset ja j\u00e4tteet huolellisesti.<\/li>\n\n\n\n<li>H\u00e4vitet\u00e4\u00e4n saastuneet maa-ainekset, sairas kasvillisuus ja EU:lle ja kansallisesti haitalliset vieraslajit ja karanteenituhoojat asianmukaisesti.<\/li>\n\n\n\n<li>K\u00e4ytet\u00e4\u00e4n kierr\u00e4tett\u00e4vi\u00e4 aineksia maanparannukseen maa-analyysitulosten, yleisten laatuvaatimusten ja viranomaisten ohjeiden mukaan.<\/li>\n\n\n\n<li>K\u00e4ytet\u00e4\u00e4n ylij\u00e4\u00e4m\u00e4 maa- ja kiviaineksia maant\u00e4yt\u00f6ss\u00e4, paikalla teht\u00e4viss\u00e4 kasvualustoissa tai muissa rakenteissa yleisten laatuvaatimusten ja viranomaisten ohjeiden mukaisesti.<\/li>\n\n\n\n<li>Toimitetaan rakennuskohteesta ylij\u00e4\u00e4v\u00e4 ja k\u00e4ytt\u00f6kelpoinen aines toisessa kohteessa hy\u00f6dynnett\u00e4v\u00e4ksi tai paikalliseen ainesp\u00f6rssiin tai muuhun kierr\u00e4tyspaikkaan muiden toimijoiden hy\u00f6dynnett\u00e4v\u00e4ksi.<\/li>\n<\/ul>\n","protected":false},"excerpt":{"rendered":"","protected":false},"author":7,"featured_media":0,"parent":240,"menu_order":30,"comment_status":"closed","ping_status":"closed","template":"","meta":{"_acf_changed":false,"_relevanssi_hide_post":"","_relevanssi_hide_content":"","_relevanssi_pin_for_all":"","_relevanssi_pin_keywords":"","_relevanssi_unpin_keywords":"","_relevanssi_related_keywords":"","_relevanssi_related_include_ids":"","_relevanssi_related_exclude_ids":"","_relevanssi_related_no_append":"","_relevanssi_related_not_related":"","_relevanssi_related_posts":"1","_relevanssi_noindex_reason":"","footnotes":""},"class_list":["post-246","page","type-page","status-publish","hentry"],"acf":[],"_links":{"self":[{"href":"https:\/\/www.vyl.fi\/kesy\/wp-json\/wp\/v2\/pages\/246","targetHints":{"allow":["GET"]}}],"collection":[{"href":"https:\/\/www.vyl.fi\/kesy\/wp-json\/wp\/v2\/pages"}],"about":[{"href":"https:\/\/www.vyl.fi\/kesy\/wp-json\/wp\/v2\/types\/page"}],"author":[{"embeddable":true,"href":"https:\/\/www.vyl.fi\/kesy\/wp-json\/wp\/v2\/users\/7"}],"replies":[{"embeddable":true,"href":"https:\/\/www.vyl.fi\/kesy\/wp-json\/wp\/v2\/comments?post=246"}],"version-history":[{"count":1,"href":"https:\/\/www.vyl.fi\/kesy\/wp-json\/wp\/v2\/pages\/246\/revisions"}],"predecessor-version":[{"id":247,"href":"https:\/\/www.vyl.fi\/kesy\/wp-json\/wp\/v2\/pages\/246\/revisions\/247"}],"up":[{"embeddable":true,"href":"https:\/\/www.vyl.fi\/kesy\/wp-json\/wp\/v2\/pages\/240"}],"wp:attachment":[{"href":"https:\/\/www.vyl.fi\/kesy\/wp-json\/wp\/v2\/media?parent=246"}],"curies":[{"name":"wp","href":"https:\/\/api.w.org\/{rel}","templated":true}]}}