{"id":271,"date":"2024-10-21T09:50:58","date_gmt":"2024-10-21T06:50:58","guid":{"rendered":"https:\/\/u79114.www2.webdomain.fi\/kesy\/?page_id=271"},"modified":"2024-10-21T09:50:58","modified_gmt":"2024-10-21T06:50:58","slug":"ilmanlaadun-suojeleminen","status":"publish","type":"page","link":"https:\/\/www.vyl.fi\/kesy\/teemat\/energiansaasto-ilmanlaatu-ymparistonsuojelu\/ilmanlaadun-suojeleminen\/","title":{"rendered":"Ilmanlaadun suojeleminen"},"content":{"rendered":"\n<p><strong>TAVOITTEET<\/strong><\/p>\n\n\n\n<ul class=\"wp-block-list\">\n<li>Parannetaan ilmanlaatua.<\/li>\n\n\n\n<li>Edistet\u00e4\u00e4n ihmisten terveytt\u00e4.<\/li>\n\n\n\n<li>V\u00e4hennet\u00e4\u00e4n p\u00f6lyhaittoja.<\/li>\n<\/ul>\n\n\n\n<p><strong>YLEISET TOIMINTAPERIAATTEET<\/strong><\/p>\n\n\n\n<ul class=\"wp-block-list\">\n<li>M\u00e4\u00e4ritet\u00e4\u00e4n raja-arvot kohteen kasvihuonekaasup\u00e4\u00e4st\u00f6ille rakentamis- ja kunnossapitovaiheen aikana.<\/li>\n\n\n\n<li>M\u00e4\u00e4ritet\u00e4\u00e4n raja-arvot koneiden ja laitteiden p\u00e4\u00e4st\u00f6ille.<\/li>\n\n\n\n<li>V\u00e4hennet\u00e4\u00e4n polttoainek\u00e4ytt\u00f6isten koneiden ja laitteiden k\u00e4ytt\u00f6\u00e4. K\u00e4ytet\u00e4\u00e4n ensisijaisesti manuaali- tai s\u00e4hk\u00f6k\u00e4ytt\u00f6isi\u00e4 koneita ja laitteita.<\/li>\n\n\n\n<li>Kehitet\u00e4\u00e4n alan toimijoiden kanssa ty\u00f6menetelmi\u00e4, joilla voidaan v\u00e4hent\u00e4\u00e4 kasvihuonekaasup\u00e4\u00e4st\u00f6j\u00e4 ja muita ilmanlaatua heikent\u00e4vi\u00e4 p\u00e4\u00e4st\u00f6j\u00e4.<\/li>\n\n\n\n<li>Asetetaan tavoitetasot p\u00e4\u00e4st\u00f6jen v\u00e4hent\u00e4miselle. Mallina voidaan k\u00e4ytt\u00e4\u00e4 esimerkiksi\u00a0<em>Sustainable Sites<\/em>&#8211; ohjelman kriteerej\u00e4:<\/li>\n<\/ul>\n\n\n\n<p><em>Tavoitteena on, ett\u00e4 p\u00e4\u00e4st\u00f6j\u00e4 v\u00e4hennet\u00e4\u00e4n hiilivetyp\u00e4\u00e4st\u00f6jen ja typpivetyp\u00e4\u00e4st\u00f6jen osalta 50 prosenttia perustasosta, hiilimonoksidi (h\u00e4k\u00e4) p\u00e4\u00e4st\u00f6jen osalta 75 prosenttia perustasosta.<\/em><\/p>\n","protected":false},"excerpt":{"rendered":"<p>TAVOITTEET YLEISET TOIMINTAPERIAATTEET Tavoitteena on, ett\u00e4 p\u00e4\u00e4st\u00f6j\u00e4 v\u00e4hennet\u00e4\u00e4n hiilivetyp\u00e4\u00e4st\u00f6jen ja typpivetyp\u00e4\u00e4st\u00f6jen osalta 50 prosenttia perustasosta, hiilimonoksidi (h\u00e4k\u00e4) p\u00e4\u00e4st\u00f6jen osalta 75 prosenttia perustasosta.<\/p>\n","protected":false},"author":7,"featured_media":0,"parent":93,"menu_order":20,"comment_status":"closed","ping_status":"closed","template":"","meta":{"_acf_changed":false,"_relevanssi_hide_post":"","_relevanssi_hide_content":"","_relevanssi_pin_for_all":"","_relevanssi_pin_keywords":"","_relevanssi_unpin_keywords":"","_relevanssi_related_keywords":"","_relevanssi_related_include_ids":"","_relevanssi_related_exclude_ids":"","_relevanssi_related_no_append":"","_relevanssi_related_not_related":"","_relevanssi_related_posts":"1","_relevanssi_noindex_reason":"","footnotes":""},"class_list":["post-271","page","type-page","status-publish","hentry"],"acf":[],"_links":{"self":[{"href":"https:\/\/www.vyl.fi\/kesy\/wp-json\/wp\/v2\/pages\/271","targetHints":{"allow":["GET"]}}],"collection":[{"href":"https:\/\/www.vyl.fi\/kesy\/wp-json\/wp\/v2\/pages"}],"about":[{"href":"https:\/\/www.vyl.fi\/kesy\/wp-json\/wp\/v2\/types\/page"}],"author":[{"embeddable":true,"href":"https:\/\/www.vyl.fi\/kesy\/wp-json\/wp\/v2\/users\/7"}],"replies":[{"embeddable":true,"href":"https:\/\/www.vyl.fi\/kesy\/wp-json\/wp\/v2\/comments?post=271"}],"version-history":[{"count":1,"href":"https:\/\/www.vyl.fi\/kesy\/wp-json\/wp\/v2\/pages\/271\/revisions"}],"predecessor-version":[{"id":272,"href":"https:\/\/www.vyl.fi\/kesy\/wp-json\/wp\/v2\/pages\/271\/revisions\/272"}],"up":[{"embeddable":true,"href":"https:\/\/www.vyl.fi\/kesy\/wp-json\/wp\/v2\/pages\/93"}],"wp:attachment":[{"href":"https:\/\/www.vyl.fi\/kesy\/wp-json\/wp\/v2\/media?parent=271"}],"curies":[{"name":"wp","href":"https:\/\/api.w.org\/{rel}","templated":true}]}}