{"id":273,"date":"2024-10-21T09:52:30","date_gmt":"2024-10-21T06:52:30","guid":{"rendered":"https:\/\/u79114.www2.webdomain.fi\/kesy\/?page_id=273"},"modified":"2024-10-21T09:52:30","modified_gmt":"2024-10-21T06:52:30","slug":"toimenpiteet-tilaamisessa","status":"publish","type":"page","link":"https:\/\/www.vyl.fi\/kesy\/teemat\/energiansaasto-ilmanlaatu-ymparistonsuojelu\/ilmanlaadun-suojeleminen\/toimenpiteet-tilaamisessa\/","title":{"rendered":"Toimenpiteet tilaamisessa"},"content":{"rendered":"\n<ul class=\"wp-block-list\">\n<li>Asetetaan tavoitteet ilmanlaadun suojelemiselle.<\/li>\n\n\n\n<li>Ohjeistetaan suunnittelija laatimaan suunnitelma siten, ett\u00e4 siin\u00e4 otetaan huomioon ilmanlaadun suojelemiselle asetetut tavoitteet (esimerkiksi kasvillisuusalueiden hoitotason osalta).<\/li>\n\n\n\n<li>Ohjeistetaan urakoitsija ja kunnossapit\u00e4j\u00e4 k\u00e4ytt\u00e4m\u00e4\u00e4n ensisijaisesti manuaali- tai s\u00e4hk\u00f6k\u00e4ytt\u00f6isi\u00e4 ty\u00f6koneita ja laitteita.<\/li>\n\n\n\n<li>Suositaan urakoitsijoita, jotka ottavat huomioon ilmanlaadun suojelemisen tavoitteet.<\/li>\n\n\n\n<li>Valitaan urakoitsijoita, joiden koneet ja laitteet:\n<ul class=\"wp-block-list\">\n<li>on huollettu s\u00e4\u00e4nn\u00f6llisesti ja riitt\u00e4v\u00e4n usein<\/li>\n\n\n\n<li>ovat v\u00e4h\u00e4p\u00e4\u00e4st\u00f6isi\u00e4<\/li>\n\n\n\n<li>k\u00e4ytt\u00e4v\u00e4t puhtaita ja mahdollisuuksien mukaan kierr\u00e4tyspolttoaineita tai ovat s\u00e4hk\u00f6k\u00e4ytt\u00f6ist\u00e4<\/li>\n\n\n\n<li>hy\u00f6dynt\u00e4v\u00e4t uutta teknologiaa<\/li>\n\n\n\n<li>on varustettu k\u00e4ytt\u00f6asteen seurannalla.<\/li>\n<\/ul>\n<\/li>\n\n\n\n<li>Valvotaan urakoitsijaa ja kunnossapit\u00e4j\u00e4\u00e4 ilmanlaadun suojelemiselle asetettujen tavoitteiden noudattamisessa.<\/li>\n<\/ul>\n","protected":false},"excerpt":{"rendered":"","protected":false},"author":7,"featured_media":0,"parent":271,"menu_order":10,"comment_status":"closed","ping_status":"closed","template":"","meta":{"_acf_changed":false,"_relevanssi_hide_post":"","_relevanssi_hide_content":"","_relevanssi_pin_for_all":"","_relevanssi_pin_keywords":"","_relevanssi_unpin_keywords":"","_relevanssi_related_keywords":"","_relevanssi_related_include_ids":"","_relevanssi_related_exclude_ids":"","_relevanssi_related_no_append":"","_relevanssi_related_not_related":"","_relevanssi_related_posts":"1","_relevanssi_noindex_reason":"","footnotes":""},"class_list":["post-273","page","type-page","status-publish","hentry"],"acf":[],"_links":{"self":[{"href":"https:\/\/www.vyl.fi\/kesy\/wp-json\/wp\/v2\/pages\/273","targetHints":{"allow":["GET"]}}],"collection":[{"href":"https:\/\/www.vyl.fi\/kesy\/wp-json\/wp\/v2\/pages"}],"about":[{"href":"https:\/\/www.vyl.fi\/kesy\/wp-json\/wp\/v2\/types\/page"}],"author":[{"embeddable":true,"href":"https:\/\/www.vyl.fi\/kesy\/wp-json\/wp\/v2\/users\/7"}],"replies":[{"embeddable":true,"href":"https:\/\/www.vyl.fi\/kesy\/wp-json\/wp\/v2\/comments?post=273"}],"version-history":[{"count":1,"href":"https:\/\/www.vyl.fi\/kesy\/wp-json\/wp\/v2\/pages\/273\/revisions"}],"predecessor-version":[{"id":274,"href":"https:\/\/www.vyl.fi\/kesy\/wp-json\/wp\/v2\/pages\/273\/revisions\/274"}],"up":[{"embeddable":true,"href":"https:\/\/www.vyl.fi\/kesy\/wp-json\/wp\/v2\/pages\/271"}],"wp:attachment":[{"href":"https:\/\/www.vyl.fi\/kesy\/wp-json\/wp\/v2\/media?parent=273"}],"curies":[{"name":"wp","href":"https:\/\/api.w.org\/{rel}","templated":true}]}}