{"id":282,"date":"2024-10-21T10:06:19","date_gmt":"2024-10-21T07:06:19","guid":{"rendered":"https:\/\/u79114.www2.webdomain.fi\/kesy\/?page_id=282"},"modified":"2024-10-21T10:06:20","modified_gmt":"2024-10-21T07:06:20","slug":"turvallisen-kemikaalien-kayton-edistaminen","status":"publish","type":"page","link":"https:\/\/www.vyl.fi\/kesy\/teemat\/energiansaasto-ilmanlaatu-ymparistonsuojelu\/turvallisen-kemikaalien-kayton-edistaminen\/","title":{"rendered":"Turvallisen kemikaalien k\u00e4yt\u00f6n edist\u00e4minen"},"content":{"rendered":"\n<p><strong>TAVOITTEET<\/strong><\/p>\n\n\n\n<ul class=\"wp-block-list\">\n<li>V\u00e4hennet\u00e4\u00e4n ymp\u00e4rist\u00f6lle haitallisten kemikaalien k\u00e4ytt\u00f6\u00e4.<\/li>\n\n\n\n<li>V\u00e4hennet\u00e4\u00e4n kemikaalien haitallista vaikutusta ymp\u00e4rist\u00f6\u00f6n ja ihmisiin.<\/li>\n\n\n\n<li>Edistet\u00e4\u00e4n kemikaalien kehitt\u00e4misty\u00f6t\u00e4 ymp\u00e4rist\u00f6yst\u00e4v\u00e4llisimmiksi. \u2022 Edistet\u00e4\u00e4n kemikaalittomia rakentamis- ja kunnossapitomenetelmi\u00e4.<\/li>\n\n\n\n<li>V\u00e4hennet\u00e4\u00e4n kemikaalien terveydelle ja ymp\u00e4rist\u00f6lle haitallisia vaikutuksia sek\u00e4 edistet\u00e4\u00e4n turvallisempien vaihtoehtojen k\u00e4ytt\u00f6\u00e4.<\/li>\n<\/ul>\n\n\n\n<p><strong>YLEISET TOIMINTAPERIAATTEET<\/strong><\/p>\n\n\n\n<ul class=\"wp-block-list\">\n<li>Toteutetaan ymp\u00e4rist\u00f6rakentamiskohteet niin, ett\u00e4 niiden rakentamis- ja kunnossapitovaiheessa tarvitaan mahdollisimman v\u00e4h\u00e4n kemikaaleja. Hy\u00f6dynnet\u00e4\u00e4n muun muassa suoja-alueita, joilla ei k\u00e4ytet\u00e4 kemiallisia kasvinsuojeluaineita ja lannoitteita.<\/li>\n\n\n\n<li>M\u00e4\u00e4ritet\u00e4\u00e4n raja-arvot kemikaalien, kuten kemiallisten kasvinsuojeluaineiden, lannoitteiden, j\u00e4\u00e4nsulatusaineiden tai muiden rakentamisen ja kunnossapidon kemikaalien k\u00e4yt\u00f6lle.<\/li>\n\n\n\n<li>M\u00e4\u00e4ritet\u00e4\u00e4n kemikaalien k\u00e4ytt\u00f6tarve seurantaan ja tarvekartoitukseen perustuen.<\/li>\n\n\n\n<li>Perehdyt\u00e4\u00e4n ja noudatetaan toiminta- ja turvaohjeita kemiallisten aineiden varastoinnissa, kuljetuksessa, k\u00e4yt\u00f6ss\u00e4 ja h\u00e4vitt\u00e4misess\u00e4.<\/li>\n\n\n\n<li>Kehitet\u00e4\u00e4n alan toimijoiden kanssa menetelmi\u00e4, joilla voidaan v\u00e4hent\u00e4\u00e4 tai korvata kemikaalien k\u00e4ytt\u00f6\u00e4 ymp\u00e4rist\u00f6rakentamishankkeissa.<\/li>\n\n\n\n<li>Suositaan tuotteissa sertifiointij\u00e4rjestelmi\u00e4 (standardit ja ymp\u00e4rist\u00f6merkit), jotka edist\u00e4v\u00e4t turvallisempaa kemikaalien k\u00e4ytt\u00f6\u00e4.<\/li>\n\n\n\n<li>Asetetaan tuoteryhm\u00e4t j\u00e4rjestykseen sen perusteella, mitk\u00e4 niiden riskit ovat ihmisille ja ymp\u00e4rist\u00f6lle.<\/li>\n<\/ul>\n","protected":false},"excerpt":{"rendered":"<p>TAVOITTEET YLEISET TOIMINTAPERIAATTEET<\/p>\n","protected":false},"author":7,"featured_media":0,"parent":93,"menu_order":30,"comment_status":"closed","ping_status":"closed","template":"","meta":{"_acf_changed":false,"_relevanssi_hide_post":"","_relevanssi_hide_content":"","_relevanssi_pin_for_all":"","_relevanssi_pin_keywords":"","_relevanssi_unpin_keywords":"","_relevanssi_related_keywords":"","_relevanssi_related_include_ids":"","_relevanssi_related_exclude_ids":"","_relevanssi_related_no_append":"","_relevanssi_related_not_related":"","_relevanssi_related_posts":"1","_relevanssi_noindex_reason":"","footnotes":""},"class_list":["post-282","page","type-page","status-publish","hentry"],"acf":[],"_links":{"self":[{"href":"https:\/\/www.vyl.fi\/kesy\/wp-json\/wp\/v2\/pages\/282","targetHints":{"allow":["GET"]}}],"collection":[{"href":"https:\/\/www.vyl.fi\/kesy\/wp-json\/wp\/v2\/pages"}],"about":[{"href":"https:\/\/www.vyl.fi\/kesy\/wp-json\/wp\/v2\/types\/page"}],"author":[{"embeddable":true,"href":"https:\/\/www.vyl.fi\/kesy\/wp-json\/wp\/v2\/users\/7"}],"replies":[{"embeddable":true,"href":"https:\/\/www.vyl.fi\/kesy\/wp-json\/wp\/v2\/comments?post=282"}],"version-history":[{"count":1,"href":"https:\/\/www.vyl.fi\/kesy\/wp-json\/wp\/v2\/pages\/282\/revisions"}],"predecessor-version":[{"id":283,"href":"https:\/\/www.vyl.fi\/kesy\/wp-json\/wp\/v2\/pages\/282\/revisions\/283"}],"up":[{"embeddable":true,"href":"https:\/\/www.vyl.fi\/kesy\/wp-json\/wp\/v2\/pages\/93"}],"wp:attachment":[{"href":"https:\/\/www.vyl.fi\/kesy\/wp-json\/wp\/v2\/media?parent=282"}],"curies":[{"name":"wp","href":"https:\/\/api.w.org\/{rel}","templated":true}]}}