{"id":288,"date":"2024-10-21T10:09:41","date_gmt":"2024-10-21T07:09:41","guid":{"rendered":"https:\/\/u79114.www2.webdomain.fi\/kesy\/?page_id=288"},"modified":"2024-10-21T10:09:41","modified_gmt":"2024-10-21T07:09:41","slug":"toimenpiteet-rakentamisessa","status":"publish","type":"page","link":"https:\/\/www.vyl.fi\/kesy\/teemat\/energiansaasto-ilmanlaatu-ymparistonsuojelu\/turvallisen-kemikaalien-kayton-edistaminen\/toimenpiteet-rakentamisessa\/","title":{"rendered":"Toimenpiteet rakentamisessa"},"content":{"rendered":"\n<ul class=\"wp-block-list\">\n<li>Noudatetaan turvalliselle kemikaalien k\u00e4yt\u00f6lle asetettuja tavoitteita ja toimintaperiaatteita.<\/li>\n\n\n\n<li>Kemikaaleja k\u00e4ytt\u00e4vill\u00e4 ty\u00f6ntekij\u00f6ill\u00e4 ja aliurakoitsijoilla tulee olla vaadittava kasvinsuojelututkinto, joka perehdytt\u00e4\u00e4 kemikaalien turvalliseen ja huolelliseen k\u00e4sittelyyn sek\u00e4 henkil\u00f6kohtaiseen suojautumiseen.<\/li>\n\n\n\n<li>Huolletaan, kalibroidaan ja s\u00e4\u00e4det\u00e4\u00e4n huolellisesti kemikaalien levitykseen k\u00e4ytett\u00e4v\u00e4t laitteet ja v\u00e4lineet.<\/li>\n\n\n\n<li>Tehd\u00e4\u00e4n kemikaalien levitys huolellisesti ja tarkoin vain suunnitellulle k\u00e4sittelyalueelle.<\/li>\n\n\n\n<li>Pidet\u00e4\u00e4n kemikaalien k\u00e4ytt\u00f6turvallisuustiedotteet aina ty\u00f6ntekij\u00f6iden n\u00e4ht\u00e4vill\u00e4.<\/li>\n<\/ul>\n","protected":false},"excerpt":{"rendered":"","protected":false},"author":7,"featured_media":0,"parent":282,"menu_order":30,"comment_status":"closed","ping_status":"closed","template":"","meta":{"_acf_changed":false,"_relevanssi_hide_post":"","_relevanssi_hide_content":"","_relevanssi_pin_for_all":"","_relevanssi_pin_keywords":"","_relevanssi_unpin_keywords":"","_relevanssi_related_keywords":"","_relevanssi_related_include_ids":"","_relevanssi_related_exclude_ids":"","_relevanssi_related_no_append":"","_relevanssi_related_not_related":"","_relevanssi_related_posts":"1","_relevanssi_noindex_reason":"","footnotes":""},"class_list":["post-288","page","type-page","status-publish","hentry"],"acf":[],"_links":{"self":[{"href":"https:\/\/www.vyl.fi\/kesy\/wp-json\/wp\/v2\/pages\/288","targetHints":{"allow":["GET"]}}],"collection":[{"href":"https:\/\/www.vyl.fi\/kesy\/wp-json\/wp\/v2\/pages"}],"about":[{"href":"https:\/\/www.vyl.fi\/kesy\/wp-json\/wp\/v2\/types\/page"}],"author":[{"embeddable":true,"href":"https:\/\/www.vyl.fi\/kesy\/wp-json\/wp\/v2\/users\/7"}],"replies":[{"embeddable":true,"href":"https:\/\/www.vyl.fi\/kesy\/wp-json\/wp\/v2\/comments?post=288"}],"version-history":[{"count":1,"href":"https:\/\/www.vyl.fi\/kesy\/wp-json\/wp\/v2\/pages\/288\/revisions"}],"predecessor-version":[{"id":289,"href":"https:\/\/www.vyl.fi\/kesy\/wp-json\/wp\/v2\/pages\/288\/revisions\/289"}],"up":[{"embeddable":true,"href":"https:\/\/www.vyl.fi\/kesy\/wp-json\/wp\/v2\/pages\/282"}],"wp:attachment":[{"href":"https:\/\/www.vyl.fi\/kesy\/wp-json\/wp\/v2\/media?parent=288"}],"curies":[{"name":"wp","href":"https:\/\/api.w.org\/{rel}","templated":true}]}}