{"id":290,"date":"2024-10-21T10:10:21","date_gmt":"2024-10-21T07:10:21","guid":{"rendered":"https:\/\/u79114.www2.webdomain.fi\/kesy\/?page_id=290"},"modified":"2024-10-21T10:10:22","modified_gmt":"2024-10-21T07:10:22","slug":"toimenpiteet-kunnossapidossa","status":"publish","type":"page","link":"https:\/\/www.vyl.fi\/kesy\/teemat\/energiansaasto-ilmanlaatu-ymparistonsuojelu\/turvallisen-kemikaalien-kayton-edistaminen\/toimenpiteet-kunnossapidossa\/","title":{"rendered":"Toimenpiteet kunnossapidossa"},"content":{"rendered":"\n<ul class=\"wp-block-list\">\n<li>Noudatetaan kemikaalien turvalliselle k\u00e4yt\u00f6lle asetettuja tavoitteita ja toimintaperiaatteita.<\/li>\n\n\n\n<li>Noudatetaan alueelle laadittua kunnossapitosuunnitelmaa.<\/li>\n\n\n\n<li>K\u00e4ytet\u00e4\u00e4n integroitua kasvinsuojelua kasvintuhoojien torjunnassa.<\/li>\n\n\n\n<li>Kemikaaleja k\u00e4ytt\u00e4vill\u00e4 ty\u00f6ntekij\u00f6ill\u00e4 ja aliurakoitsijoilla tulee olla vaadittava kasvinsuojelututkinto, joka perehdytt\u00e4\u00e4 kemikaalien turvalliseen ja huolelliseen k\u00e4sittelyyn sek\u00e4 henkil\u00f6kohtaiseen suojautumiseen. Lis\u00e4ksi suositellaan, ett\u00e4 kunnossapitoa suunnittelevilla ja asiassa neuvontaa antavilla on em. tutkinto.<\/li>\n\n\n\n<li>Kemikaalien levitykseen k\u00e4ytett\u00e4v\u00e4t laitteet ja v\u00e4lineet huolletaan, kalibroidaan ja s\u00e4\u00e4det\u00e4\u00e4n huolellisesti.<\/li>\n\n\n\n<li>Kemikaalien levitys tehd\u00e4\u00e4n huolellisesti ja tarkoin vain suunnitellulle k\u00e4sittelyalueelle.<\/li>\n\n\n\n<li>Pidet\u00e4\u00e4n kemikaalien k\u00e4ytt\u00f6turvallisuustiedotteet aina ty\u00f6ntekij\u00f6iden n\u00e4ht\u00e4vill\u00e4.<\/li>\n\n\n\n<li>Jos k\u00e4ytet\u00e4\u00e4n kasvilajeja, jotka ovat herkistyneet tuholaistartunnoille, perehdyt\u00e4\u00e4n tunnistamaan tuholaisen elinvaiheet. T\u00e4m\u00e4 tieto lis\u00e4t\u00e4\u00e4n kohteen seuranta-aikatauluun.<\/li>\n<\/ul>\n","protected":false},"excerpt":{"rendered":"","protected":false},"author":7,"featured_media":0,"parent":282,"menu_order":40,"comment_status":"closed","ping_status":"closed","template":"","meta":{"_acf_changed":false,"_relevanssi_hide_post":"","_relevanssi_hide_content":"","_relevanssi_pin_for_all":"","_relevanssi_pin_keywords":"","_relevanssi_unpin_keywords":"","_relevanssi_related_keywords":"","_relevanssi_related_include_ids":"","_relevanssi_related_exclude_ids":"","_relevanssi_related_no_append":"","_relevanssi_related_not_related":"","_relevanssi_related_posts":"1","_relevanssi_noindex_reason":"","footnotes":""},"class_list":["post-290","page","type-page","status-publish","hentry"],"acf":[],"_links":{"self":[{"href":"https:\/\/www.vyl.fi\/kesy\/wp-json\/wp\/v2\/pages\/290","targetHints":{"allow":["GET"]}}],"collection":[{"href":"https:\/\/www.vyl.fi\/kesy\/wp-json\/wp\/v2\/pages"}],"about":[{"href":"https:\/\/www.vyl.fi\/kesy\/wp-json\/wp\/v2\/types\/page"}],"author":[{"embeddable":true,"href":"https:\/\/www.vyl.fi\/kesy\/wp-json\/wp\/v2\/users\/7"}],"replies":[{"embeddable":true,"href":"https:\/\/www.vyl.fi\/kesy\/wp-json\/wp\/v2\/comments?post=290"}],"version-history":[{"count":1,"href":"https:\/\/www.vyl.fi\/kesy\/wp-json\/wp\/v2\/pages\/290\/revisions"}],"predecessor-version":[{"id":291,"href":"https:\/\/www.vyl.fi\/kesy\/wp-json\/wp\/v2\/pages\/290\/revisions\/291"}],"up":[{"embeddable":true,"href":"https:\/\/www.vyl.fi\/kesy\/wp-json\/wp\/v2\/pages\/282"}],"wp:attachment":[{"href":"https:\/\/www.vyl.fi\/kesy\/wp-json\/wp\/v2\/media?parent=290"}],"curies":[{"name":"wp","href":"https:\/\/api.w.org\/{rel}","templated":true}]}}