{"id":292,"date":"2024-10-21T10:24:32","date_gmt":"2024-10-21T07:24:32","guid":{"rendered":"https:\/\/u79114.www2.webdomain.fi\/kesy\/?page_id=292"},"modified":"2024-10-21T10:24:32","modified_gmt":"2024-10-21T07:24:32","slug":"pienilmaston-parantaminen-kaupunkiymparistossa","status":"publish","type":"page","link":"https:\/\/www.vyl.fi\/kesy\/teemat\/energiansaasto-ilmanlaatu-ymparistonsuojelu\/pienilmaston-parantaminen-kaupunkiymparistossa\/","title":{"rendered":"Pienilmaston parantaminen kaupunkiymp\u00e4rist\u00f6ss\u00e4"},"content":{"rendered":"\n<p><strong>TAVOITTEET&nbsp;<\/strong><\/p>\n\n\n\n<ul class=\"wp-block-list\">\n<li>Vaikutetaan positiivisesti pienilmastoon sek\u00e4 ihmisten ja luonnonlajien elinolosuhteisiin.<\/li>\n\n\n\n<li>V\u00e4hennet\u00e4\u00e4n kaupunkisaarekeilmi\u00f6n muodostumista.<\/li>\n<\/ul>\n\n\n\n<p><strong>YLEISET TOIMINTAPERIAATTEET<\/strong><\/p>\n\n\n\n<ul class=\"wp-block-list\">\n<li>Lis\u00e4t\u00e4\u00e4n varjostusta kasvillisuuden avulla.<\/li>\n\n\n\n<li>Lis\u00e4t\u00e4\u00e4n kasvillisuuden monipuolista k\u00e4ytt\u00f6\u00e4 ja kasvillisuusalueiden laajuutta.<\/li>\n\n\n\n<li>Valitaan ratkaisuja, menetelmi\u00e4 ja materiaaleja, jotka parantavat pienilmastoa erityisesti liikennev\u00e4ylien l\u00e4heisyydess\u00e4.<\/li>\n\n\n\n<li>Valitaan ratkaisuja, menetelmi\u00e4 ja materiaaleja (kuten viherseini\u00e4 ja -kattoja sek\u00e4 k\u00f6ynn\u00f6ksi\u00e4), jotka v\u00e4hent\u00e4v\u00e4t l\u00e4mm\u00f6n sitoutumista rakennusten ulkopintoihin.<\/li>\n\n\n\n<li>V\u00e4hennet\u00e4\u00e4n rakennettujen l\u00e4p\u00e4isem\u00e4tt\u00f6mien pintojen k\u00e4ytt\u00f6\u00e4 (p\u00e4\u00e4llystetyt tiet ja alueet).<\/li>\n\n\n\n<li>K\u00e4ytet\u00e4\u00e4n materiaaleja, jotka heijastavat auringon s\u00e4teily\u00e4 l\u00e4mm\u00f6n sitomisen sijaan.<\/li>\n<\/ul>\n","protected":false},"excerpt":{"rendered":"<p>TAVOITTEET&nbsp; YLEISET TOIMINTAPERIAATTEET<\/p>\n","protected":false},"author":7,"featured_media":0,"parent":93,"menu_order":40,"comment_status":"closed","ping_status":"closed","template":"","meta":{"_acf_changed":false,"_relevanssi_hide_post":"","_relevanssi_hide_content":"","_relevanssi_pin_for_all":"","_relevanssi_pin_keywords":"","_relevanssi_unpin_keywords":"","_relevanssi_related_keywords":"","_relevanssi_related_include_ids":"","_relevanssi_related_exclude_ids":"","_relevanssi_related_no_append":"","_relevanssi_related_not_related":"","_relevanssi_related_posts":"1","_relevanssi_noindex_reason":"","footnotes":""},"class_list":["post-292","page","type-page","status-publish","hentry"],"acf":[],"_links":{"self":[{"href":"https:\/\/www.vyl.fi\/kesy\/wp-json\/wp\/v2\/pages\/292","targetHints":{"allow":["GET"]}}],"collection":[{"href":"https:\/\/www.vyl.fi\/kesy\/wp-json\/wp\/v2\/pages"}],"about":[{"href":"https:\/\/www.vyl.fi\/kesy\/wp-json\/wp\/v2\/types\/page"}],"author":[{"embeddable":true,"href":"https:\/\/www.vyl.fi\/kesy\/wp-json\/wp\/v2\/users\/7"}],"replies":[{"embeddable":true,"href":"https:\/\/www.vyl.fi\/kesy\/wp-json\/wp\/v2\/comments?post=292"}],"version-history":[{"count":1,"href":"https:\/\/www.vyl.fi\/kesy\/wp-json\/wp\/v2\/pages\/292\/revisions"}],"predecessor-version":[{"id":293,"href":"https:\/\/www.vyl.fi\/kesy\/wp-json\/wp\/v2\/pages\/292\/revisions\/293"}],"up":[{"embeddable":true,"href":"https:\/\/www.vyl.fi\/kesy\/wp-json\/wp\/v2\/pages\/93"}],"wp:attachment":[{"href":"https:\/\/www.vyl.fi\/kesy\/wp-json\/wp\/v2\/media?parent=292"}],"curies":[{"name":"wp","href":"https:\/\/api.w.org\/{rel}","templated":true}]}}