{"id":296,"date":"2024-10-21T10:26:06","date_gmt":"2024-10-21T07:26:06","guid":{"rendered":"https:\/\/u79114.www2.webdomain.fi\/kesy\/?page_id=296"},"modified":"2024-10-21T10:26:06","modified_gmt":"2024-10-21T07:26:06","slug":"toimenpiteet-suunnittelussa","status":"publish","type":"page","link":"https:\/\/www.vyl.fi\/kesy\/teemat\/energiansaasto-ilmanlaatu-ymparistonsuojelu\/pienilmaston-parantaminen-kaupunkiymparistossa\/toimenpiteet-suunnittelussa\/","title":{"rendered":"Toimenpiteet suunnittelussa"},"content":{"rendered":"\n<ul class=\"wp-block-list\">\n<li>Suunnitellaan p\u00e4\u00e4llystetyt alueet, kuten pys\u00e4k\u00f6intipaikat, leikkipaikat, oleskelupaikat ja aukiot, hy\u00f6dynt\u00e4en olemassa olevaa tai istutettavaa kasvillisuutta siten ett\u00e4 kasvillisuus varjostaa niit\u00e4 ainakin osittain.<\/li>\n\n\n\n<li>V\u00e4hennet\u00e4\u00e4n rakennettujen l\u00e4p\u00e4isem\u00e4tt\u00f6mien pintojen k\u00e4ytt\u00f6\u00e4 (p\u00e4\u00e4llystetyt tiet, jalkak\u00e4yt\u00e4v\u00e4t, pys\u00e4k\u00f6intialueet).<\/li>\n\n\n\n<li>Valitaan istutettava kasvillisuus siten, ett\u00e4 haluttu varjostusvaikutus on saavutettu viimeist\u00e4\u00e4n 10 vuoden kuluttua istutuksesta.<\/li>\n\n\n\n<li>Suunnitellaan p\u00e4\u00e4llystetyille alueille istutuslaatikoita tai muita istutusalueita.<\/li>\n\n\n\n<li>Suunnitellaan p\u00e4\u00e4llystetyille alueille varjoa tarjoavia kasvillisuuden peitt\u00e4mi\u00e4 rakenteita, kuten pergoloita, viherseini\u00e4 ja -kattoja, pensasaitoja ja puurivist\u00f6j\u00e4.<\/li>\n\n\n\n<li>Suunnitellaan p\u00e4\u00e4llystetyille alueille varjoa tarjoavia arkkitehtonisia elementtej\u00e4 tai rakenteita.<\/li>\n\n\n\n<li>Valitaan varjostavan rakenteen toteutukseen auringon s\u00e4teily\u00e4 hyvin heijastavia materiaaleja.<\/li>\n\n\n\n<li>Yhdistet\u00e4\u00e4n varjostusta tarjoaviin rakenteisiin energiatekniikkaa, joka tuottaa uusiutuvaa energiaa, kuten aurinkol\u00e4mmittimet, aurinkopaneelit, tuulivoimalat.<\/li>\n\n\n\n<li>Sijoitetaan pys\u00e4k\u00f6intialueet kannen tai muun rakenteen alle, joka noudattaa edell\u00e4 mainittuja toimenpidesuosituksia.<\/li>\n\n\n\n<li>Asetetaan tavoitteet auringon heijastavuusarvolle.<\/li>\n<\/ul>\n\n\n\n<p><em>(Materiaalien heijastavuutta on mahdollista arvioida auringon heijastusindeksin (Solar Reflectance Index, SRI) ja\/tai auringon heijastusta arvioivan painotetun keskiarvon avulla (Solar Reflectance, SR))<\/em><\/p>\n\n\n\n<p><em>Sustainable Sites<\/em>&#8211; ohjelmassa on k\u00e4ytetty seuraavia kriteerej\u00e4:<\/p>\n\n\n\n<ul class=\"wp-block-list\">\n<li><em>Tavoitteena on, ett\u00e4 auringon heijastavuuden arvo on asennushetkell\u00e4 v\u00e4hint\u00e4\u00e4n 0,33 SR tai kolmen vuoden j\u00e4lkeen asennuksesta v\u00e4hint\u00e4\u00e4n 0,28 SR.<\/em><\/li>\n\n\n\n<li><em>Alueella k\u00e4ytett\u00e4vien p\u00e4\u00e4llysteiden auringon heijastavuuden arvo on asennushetkell\u00e4 v\u00e4hint\u00e4\u00e4n 0,33SR tai kolmen vuoden j\u00e4lkeen asennuksesta v\u00e4hint\u00e4\u00e4n 0,28 SR.<\/em><\/li>\n\n\n\n<li><em>Suunnitellaan p\u00e4\u00e4llystetyt alueet siten, ett\u00e4 v\u00e4hint\u00e4\u00e4n 50 prosenttia p\u00e4\u00e4llysteest\u00e4 on l\u00e4p\u00e4isev\u00e4\u00e4.<\/em><\/li>\n\n\n\n<li>Toteutetaan kattorakenteita luonnon monimuotoisuutta tukevina viherkattoina.<\/li>\n\n\n\n<li>Kunnossapitosuunnitelmassa huomioidaan:<\/li>\n\n\n\n<li>Kasvillisuuden hoito ja kunnostus tehd\u00e4\u00e4n siten, ett\u00e4 kasvillisuuden varjostava vaikutus on parhain mahdollinen elinkaaren vaiheen mukaisesti.<\/li>\n\n\n\n<li>Varjostavien rakenteiden, p\u00e4\u00e4llysteiden ja muiden pintamateriaalien s\u00e4\u00e4nn\u00f6llinen puhdistus heijastavuuden yll\u00e4pit\u00e4miseksi rakenteen elinkaaren aikana.<\/li>\n<\/ul>\n","protected":false},"excerpt":{"rendered":"<p>(Materiaalien heijastavuutta on mahdollista arvioida auringon heijastusindeksin (Solar Reflectance Index, SRI) ja\/tai auringon heijastusta arvioivan painotetun keskiarvon avulla (Solar Reflectance, SR)) Sustainable Sites&#8211; ohjelmassa on k\u00e4ytetty seuraavia kriteerej\u00e4:<\/p>\n","protected":false},"author":7,"featured_media":0,"parent":292,"menu_order":20,"comment_status":"closed","ping_status":"closed","template":"","meta":{"_acf_changed":false,"_relevanssi_hide_post":"","_relevanssi_hide_content":"","_relevanssi_pin_for_all":"","_relevanssi_pin_keywords":"","_relevanssi_unpin_keywords":"","_relevanssi_related_keywords":"","_relevanssi_related_include_ids":"","_relevanssi_related_exclude_ids":"","_relevanssi_related_no_append":"","_relevanssi_related_not_related":"","_relevanssi_related_posts":"1","_relevanssi_noindex_reason":"","footnotes":""},"class_list":["post-296","page","type-page","status-publish","hentry"],"acf":[],"_links":{"self":[{"href":"https:\/\/www.vyl.fi\/kesy\/wp-json\/wp\/v2\/pages\/296","targetHints":{"allow":["GET"]}}],"collection":[{"href":"https:\/\/www.vyl.fi\/kesy\/wp-json\/wp\/v2\/pages"}],"about":[{"href":"https:\/\/www.vyl.fi\/kesy\/wp-json\/wp\/v2\/types\/page"}],"author":[{"embeddable":true,"href":"https:\/\/www.vyl.fi\/kesy\/wp-json\/wp\/v2\/users\/7"}],"replies":[{"embeddable":true,"href":"https:\/\/www.vyl.fi\/kesy\/wp-json\/wp\/v2\/comments?post=296"}],"version-history":[{"count":1,"href":"https:\/\/www.vyl.fi\/kesy\/wp-json\/wp\/v2\/pages\/296\/revisions"}],"predecessor-version":[{"id":297,"href":"https:\/\/www.vyl.fi\/kesy\/wp-json\/wp\/v2\/pages\/296\/revisions\/297"}],"up":[{"embeddable":true,"href":"https:\/\/www.vyl.fi\/kesy\/wp-json\/wp\/v2\/pages\/292"}],"wp:attachment":[{"href":"https:\/\/www.vyl.fi\/kesy\/wp-json\/wp\/v2\/media?parent=296"}],"curies":[{"name":"wp","href":"https:\/\/api.w.org\/{rel}","templated":true}]}}