{"id":300,"date":"2024-10-21T10:27:54","date_gmt":"2024-10-21T07:27:54","guid":{"rendered":"https:\/\/u79114.www2.webdomain.fi\/kesy\/?page_id=300"},"modified":"2024-10-21T10:27:55","modified_gmt":"2024-10-21T07:27:55","slug":"toimenpiteet-kunnossapidossa","status":"publish","type":"page","link":"https:\/\/www.vyl.fi\/kesy\/teemat\/energiansaasto-ilmanlaatu-ymparistonsuojelu\/pienilmaston-parantaminen-kaupunkiymparistossa\/toimenpiteet-kunnossapidossa\/","title":{"rendered":"Toimenpiteet kunnossapidossa"},"content":{"rendered":"\n<ul class=\"wp-block-list\">\n<li>Puhdistetaan varjostavat rakenteet, p\u00e4\u00e4llysteet ja muut pintamateriaalit s\u00e4\u00e4nn\u00f6llisesti heijastavuuden yll\u00e4pit\u00e4miseksi.<\/li>\n\n\n\n<li>Hoidetaan ja kunnostetaan varjostavaa kasvillisuutta siten, ett\u00e4 varjostava vaikutus s\u00e4ilyy asetettujen tavoitteiden mukaisena.<\/li>\n<\/ul>\n","protected":false},"excerpt":{"rendered":"","protected":false},"author":7,"featured_media":0,"parent":292,"menu_order":40,"comment_status":"closed","ping_status":"closed","template":"","meta":{"_acf_changed":false,"_relevanssi_hide_post":"","_relevanssi_hide_content":"","_relevanssi_pin_for_all":"","_relevanssi_pin_keywords":"","_relevanssi_unpin_keywords":"","_relevanssi_related_keywords":"","_relevanssi_related_include_ids":"","_relevanssi_related_exclude_ids":"","_relevanssi_related_no_append":"","_relevanssi_related_not_related":"","_relevanssi_related_posts":"1","_relevanssi_noindex_reason":"","footnotes":""},"class_list":["post-300","page","type-page","status-publish","hentry"],"acf":[],"_links":{"self":[{"href":"https:\/\/www.vyl.fi\/kesy\/wp-json\/wp\/v2\/pages\/300","targetHints":{"allow":["GET"]}}],"collection":[{"href":"https:\/\/www.vyl.fi\/kesy\/wp-json\/wp\/v2\/pages"}],"about":[{"href":"https:\/\/www.vyl.fi\/kesy\/wp-json\/wp\/v2\/types\/page"}],"author":[{"embeddable":true,"href":"https:\/\/www.vyl.fi\/kesy\/wp-json\/wp\/v2\/users\/7"}],"replies":[{"embeddable":true,"href":"https:\/\/www.vyl.fi\/kesy\/wp-json\/wp\/v2\/comments?post=300"}],"version-history":[{"count":1,"href":"https:\/\/www.vyl.fi\/kesy\/wp-json\/wp\/v2\/pages\/300\/revisions"}],"predecessor-version":[{"id":301,"href":"https:\/\/www.vyl.fi\/kesy\/wp-json\/wp\/v2\/pages\/300\/revisions\/301"}],"up":[{"embeddable":true,"href":"https:\/\/www.vyl.fi\/kesy\/wp-json\/wp\/v2\/pages\/292"}],"wp:attachment":[{"href":"https:\/\/www.vyl.fi\/kesy\/wp-json\/wp\/v2\/media?parent=300"}],"curies":[{"name":"wp","href":"https:\/\/api.w.org\/{rel}","templated":true}]}}