{"id":302,"date":"2024-10-21T10:29:36","date_gmt":"2024-10-21T07:29:36","guid":{"rendered":"https:\/\/u79114.www2.webdomain.fi\/kesy\/?page_id=302"},"modified":"2024-10-21T10:29:56","modified_gmt":"2024-10-21T07:29:56","slug":"rakennusten-energiankayton-vahentaminen-kasvillisuuden-avulla","status":"publish","type":"page","link":"https:\/\/www.vyl.fi\/kesy\/teemat\/energiansaasto-ilmanlaatu-ymparistonsuojelu\/rakennusten-energiankayton-vahentaminen-kasvillisuuden-avulla\/","title":{"rendered":"Rakennusten energiank\u00e4yt\u00f6n v\u00e4hent\u00e4minen kasvillisuuden avulla"},"content":{"rendered":"\n<p><strong>TAVOITTEET<\/strong><\/p>\n\n\n\n<ul class=\"wp-block-list\">\n<li>V\u00e4hennet\u00e4\u00e4n rakennusten j\u00e4\u00e4hdytystarvetta kes\u00e4isin.<\/li>\n\n\n\n<li>V\u00e4hennet\u00e4\u00e4n rakennusten l\u00e4mmitystarvetta kylmin\u00e4 kausina.<\/li>\n\n\n\n<li>V\u00e4hennet\u00e4\u00e4n energiankulutusta ja siit\u00e4 aiheutuvia kustannuksia.<\/li>\n<\/ul>\n\n\n\n<p><strong>YLEISET TOIMINTAPERIAATTEET<\/strong><\/p>\n\n\n\n<ul class=\"wp-block-list\">\n<li>K\u00e4ytet\u00e4\u00e4n kasvillisuutta tai kasvipeitteisi\u00e4 rakenteita muodostamaan rakennuksille auringon- ja tuulensuojaa.<\/li>\n\n\n\n<li>Asetetaan tavoitetasot energians\u00e4\u00e4st\u00f6lle.&nbsp;<em>Sustainable Sites<\/em>&#8211; ohjelmassa on k\u00e4ytetty seuraavia kriteerej\u00e4:\n<ul class=\"wp-block-list\">\n<li><em>K\u00e4ytet\u00e4\u00e4n kasvillisuutta tai kasvipeitteisi\u00e4 rakenteita v\u00e4hent\u00e4m\u00e4\u00e4n rakennuksen l\u00e4mmityksen ja ilmastoinnin vuosittaista energiankulutusta v\u00e4hint\u00e4\u00e4n 5 prosenttia.<\/em><\/li>\n\n\n\n<li><em>K\u00e4ytet\u00e4\u00e4n kasvillisuutta tai kasvipeitteisi\u00e4 rakenteita varjostamaan 100 prosenttisesti kaikki suojaamattomat LVI-yksik\u00f6t. Kasvillisuuden on oltava varjostava 10 vuoden sis\u00e4ll\u00e4 istutuksesta. Rakennuksen it\u00e4-, kaakkois-, l\u00e4nsi- ja lounaisjulkisivujen pinta-alasta varjostetaan v\u00e4hint\u00e4\u00e4n 30 prosenttia, tavoitteena 60 prosenttia. Tavoitteena pidet\u00e4\u00e4n my\u00f6s, ett\u00e4 rakennuksen katon kokonaispinta-alasta varjostetaan 30 prosenttia.<\/em><\/li>\n<\/ul>\n<\/li>\n\n\n\n<li>K\u00e4ytet\u00e4\u00e4n puita ja tiheit\u00e4 pensaita rakennuksen tuulensuojana.<br>Luodaan tarkemmat ohjeet tuulensuojauksen suunnitteluun.&nbsp;<em>Sustainable Sites<\/em>&#8211; ohjelmassa on k\u00e4ytetty seuraavia kriteerej\u00e4:\n<ul class=\"wp-block-list\">\n<li><em>Muodostetaan v\u00e4hint\u00e4\u00e4n yksi rakennuksen julkisivun mittainen, tihe\u00e4 puu- ja pensasrivi, joka suojaa rakennusta vallitsevalta tuulelta talvisin.<\/em><\/li>\n\n\n\n<li><em>Tavoitteena kahden tai useamman rivin levyinen puu- ja pensasmuodostelma, joka suojaa rakennusta vallitsevalta tuulelta talvisin. Puu- ja pensasrivit toteutetaan porrastetusti niin, ett\u00e4 rivien v\u00e4liin j\u00e4\u00e4 3,5-6 metri\u00e4 ja rivit ovat v\u00e4hint\u00e4\u00e4n 15 metri\u00e4 rakennuksen julkisivua pidemm\u00e4t. &nbsp;<\/em><\/li>\n<\/ul>\n<\/li>\n<\/ul>\n\n\n\n<p><em>Tuulensuojan tulee t\u00e4ytt\u00e4\u00e4 seuraavat vaatimukset:<\/em><\/p>\n\n\n\n<ul class=\"wp-block-list\">\n<li><em>Tuulensuoja on v\u00e4hint\u00e4\u00e4n 18 metrin et\u00e4isyydell\u00e4 ja korkeintaan 60 metrin et\u00e4isyydell\u00e4 rakennuksen julkisivusta, joka on kohti vallitsevaa tuulen suuntaa talviaikaan (ihanteellisin tuulensuoja muodostuu, kun istutuksen et\u00e4isyys rakennuksesta on 2-5 kertaa t\u00e4ysikasvuisen puun pituus).<\/em><\/li>\n\n\n\n<li><em>Tuulensuoja ei varjosta rakennusta.<\/em><\/li>\n\n\n\n<li><em>Tuulensuoja muodostuu tihe\u00e4haaraisista puista tai tiheist\u00e4 pensaista tai n\u00e4iden yhdistelm\u00e4st\u00e4. Alhaalta haaroittuvat, riviin tai riveihin istutettavat lajit lis\u00e4\u00e4v\u00e4t tuulensuojan tiheytt\u00e4.<\/em><\/li>\n\n\n\n<li><em>Istutusv\u00e4lien m\u00e4\u00e4rityksess\u00e4 k\u00e4ytet\u00e4\u00e4n linkkej\u00e4 ja lis\u00e4tietoja -osiossa esitettyj\u00e4 ohjeita, jotta saavutetaan riitt\u00e4v\u00e4 tiheys rakennuksen suojaamiseksi. Istutusv\u00e4lien ja riviv\u00e4lien tulee mahdollistaa puiden ja pensaiden hoidon asianmukaisella laitteistolla.<\/em><\/li>\n<\/ul>\n","protected":false},"excerpt":{"rendered":"<p>TAVOITTEET YLEISET TOIMINTAPERIAATTEET Tuulensuojan tulee t\u00e4ytt\u00e4\u00e4 seuraavat vaatimukset:<\/p>\n","protected":false},"author":7,"featured_media":0,"parent":93,"menu_order":50,"comment_status":"closed","ping_status":"closed","template":"","meta":{"_acf_changed":false,"_relevanssi_hide_post":"","_relevanssi_hide_content":"","_relevanssi_pin_for_all":"","_relevanssi_pin_keywords":"","_relevanssi_unpin_keywords":"","_relevanssi_related_keywords":"","_relevanssi_related_include_ids":"","_relevanssi_related_exclude_ids":"","_relevanssi_related_no_append":"","_relevanssi_related_not_related":"","_relevanssi_related_posts":"1","_relevanssi_noindex_reason":"","footnotes":""},"class_list":["post-302","page","type-page","status-publish","hentry"],"acf":[],"_links":{"self":[{"href":"https:\/\/www.vyl.fi\/kesy\/wp-json\/wp\/v2\/pages\/302","targetHints":{"allow":["GET"]}}],"collection":[{"href":"https:\/\/www.vyl.fi\/kesy\/wp-json\/wp\/v2\/pages"}],"about":[{"href":"https:\/\/www.vyl.fi\/kesy\/wp-json\/wp\/v2\/types\/page"}],"author":[{"embeddable":true,"href":"https:\/\/www.vyl.fi\/kesy\/wp-json\/wp\/v2\/users\/7"}],"replies":[{"embeddable":true,"href":"https:\/\/www.vyl.fi\/kesy\/wp-json\/wp\/v2\/comments?post=302"}],"version-history":[{"count":2,"href":"https:\/\/www.vyl.fi\/kesy\/wp-json\/wp\/v2\/pages\/302\/revisions"}],"predecessor-version":[{"id":304,"href":"https:\/\/www.vyl.fi\/kesy\/wp-json\/wp\/v2\/pages\/302\/revisions\/304"}],"up":[{"embeddable":true,"href":"https:\/\/www.vyl.fi\/kesy\/wp-json\/wp\/v2\/pages\/93"}],"wp:attachment":[{"href":"https:\/\/www.vyl.fi\/kesy\/wp-json\/wp\/v2\/media?parent=302"}],"curies":[{"name":"wp","href":"https:\/\/api.w.org\/{rel}","templated":true}]}}