{"id":305,"date":"2024-10-21T10:30:53","date_gmt":"2024-10-21T07:30:53","guid":{"rendered":"https:\/\/u79114.www2.webdomain.fi\/kesy\/?page_id=305"},"modified":"2024-10-21T10:30:53","modified_gmt":"2024-10-21T07:30:53","slug":"toimenpiteet-tilaamisessa","status":"publish","type":"page","link":"https:\/\/www.vyl.fi\/kesy\/teemat\/energiansaasto-ilmanlaatu-ymparistonsuojelu\/rakennusten-energiankayton-vahentaminen-kasvillisuuden-avulla\/toimenpiteet-tilaamisessa\/","title":{"rendered":"Toimenpiteet tilaamisessa"},"content":{"rendered":"\n<ul class=\"wp-block-list\">\n<li>Asetetaan tavoitteet suunnittelualueen kasvillisuusalueiden k\u00e4ytt\u00f6tavalle, sijoittelulle ja m\u00e4\u00e4r\u00e4lle, jotta alueella olevien rakennusten energiank\u00e4ytt\u00f6 v\u00e4henee.<\/li>\n\n\n\n<li>M\u00e4\u00e4ritet\u00e4\u00e4n mittarit ja\/tai seurantamenetelm\u00e4t, joilla mitataan\/seurataan kasvillisuusalueiden k\u00e4ytt\u00f6tavan, sijoittelun ja m\u00e4\u00e4r\u00e4n toteutumista.<\/li>\n\n\n\n<li>Ohjataan suunnittelijaa suunnittelemaan alue siten, ett\u00e4 kasvillisuusalueiden k\u00e4ytt\u00f6tapa, sijoittelu ja m\u00e4\u00e4r\u00e4 ovat asetettujen tavoitteiden mukaan.<\/li>\n\n\n\n<li>Ohjataan suunnittelijaa valitsemaan kasvillisuutta, joka soveltuu tuulensuojaukseen.<\/li>\n\n\n\n<li>Ohjataan kunnossapit\u00e4j\u00e4\u00e4 hoitamaan ja kunnostamaan kasvillisuusalueita siten, ett\u00e4 ne tuottavat tuulensuojaa asetettujen tavoitteiden mukaan.<\/li>\n\n\n\n<li>Valvotaan suunnitelmassa kasvillisuusalueiden k\u00e4ytt\u00f6tavalle, sijoittelulle ja m\u00e4\u00e4r\u00e4lle asetettujen tavoitteiden toteutumista.<\/li>\n\n\n\n<li>Valvotaan kunnossapidossa kasvillisuuden kunnolle ja tuulensuojavaikutukselle asetettujen tavoitteiden toteutumista.<\/li>\n<\/ul>\n","protected":false},"excerpt":{"rendered":"","protected":false},"author":7,"featured_media":0,"parent":302,"menu_order":10,"comment_status":"closed","ping_status":"closed","template":"","meta":{"_acf_changed":false,"_relevanssi_hide_post":"","_relevanssi_hide_content":"","_relevanssi_pin_for_all":"","_relevanssi_pin_keywords":"","_relevanssi_unpin_keywords":"","_relevanssi_related_keywords":"","_relevanssi_related_include_ids":"","_relevanssi_related_exclude_ids":"","_relevanssi_related_no_append":"","_relevanssi_related_not_related":"","_relevanssi_related_posts":"1","_relevanssi_noindex_reason":"","footnotes":""},"class_list":["post-305","page","type-page","status-publish","hentry"],"acf":[],"_links":{"self":[{"href":"https:\/\/www.vyl.fi\/kesy\/wp-json\/wp\/v2\/pages\/305","targetHints":{"allow":["GET"]}}],"collection":[{"href":"https:\/\/www.vyl.fi\/kesy\/wp-json\/wp\/v2\/pages"}],"about":[{"href":"https:\/\/www.vyl.fi\/kesy\/wp-json\/wp\/v2\/types\/page"}],"author":[{"embeddable":true,"href":"https:\/\/www.vyl.fi\/kesy\/wp-json\/wp\/v2\/users\/7"}],"replies":[{"embeddable":true,"href":"https:\/\/www.vyl.fi\/kesy\/wp-json\/wp\/v2\/comments?post=305"}],"version-history":[{"count":1,"href":"https:\/\/www.vyl.fi\/kesy\/wp-json\/wp\/v2\/pages\/305\/revisions"}],"predecessor-version":[{"id":306,"href":"https:\/\/www.vyl.fi\/kesy\/wp-json\/wp\/v2\/pages\/305\/revisions\/306"}],"up":[{"embeddable":true,"href":"https:\/\/www.vyl.fi\/kesy\/wp-json\/wp\/v2\/pages\/302"}],"wp:attachment":[{"href":"https:\/\/www.vyl.fi\/kesy\/wp-json\/wp\/v2\/media?parent=305"}],"curies":[{"name":"wp","href":"https:\/\/api.w.org\/{rel}","templated":true}]}}