{"id":314,"date":"2024-10-21T10:57:12","date_gmt":"2024-10-21T07:57:12","guid":{"rendered":"https:\/\/u79114.www2.webdomain.fi\/kesy\/?page_id=314"},"modified":"2024-10-21T11:00:17","modified_gmt":"2024-10-21T08:00:17","slug":"kulttuuriymparistojen-sailyttaminen-ja-kunnossapito","status":"publish","type":"page","link":"https:\/\/www.vyl.fi\/kesy\/teemat\/ihmisten-terveys-ja-hyvinvointi\/kulttuuriymparistojen-sailyttaminen-ja-kunnossapito\/","title":{"rendered":"Kulttuuriymp\u00e4rist\u00f6jen s\u00e4ilytt\u00e4minen ja kunnossapito"},"content":{"rendered":"\n<p><strong>TAVOITTEET<\/strong><\/p>\n\n\n\n<ul class=\"wp-block-list\">\n<li>Lis\u00e4t\u00e4\u00e4n kulttuuriymp\u00e4rist\u00f6jen merkitt\u00e4vyytt\u00e4, vaikuttavuutta ja identiteetti\u00e4.<\/li>\n\n\n\n<li>S\u00e4ilytet\u00e4\u00e4n ja yll\u00e4pidet\u00e4\u00e4n kulttuurihistoriallisesti arvokkaita rakennuksia, rakenteita ja rakennuskohteita sek\u00e4 kulttuurimaisemia.<\/li>\n\n\n\n<li>Edistet\u00e4\u00e4n paikallisen kulttuurin ja historian tunnettuutta.<\/li>\n\n\n\n<li>Edistet\u00e4\u00e4n kulttuurihistoriallisten kohteiden k\u00e4ytt\u00f6\u00e4.<\/li>\n<\/ul>\n\n\n\n<p><strong>YLEISET TOIMINTAPERIAATTEET<\/strong><\/p>\n\n\n\n<ul class=\"wp-block-list\">\n<li>Tunnistetaan ja s\u00e4ilytet\u00e4\u00e4n suunnittelualueelle olevat tai sille osittain sijoittuvat kulttuurimaisemat, erityisesti, jos ne on luokiteltu kulttuurihistoriallisesti arvokkaiksi joissakin seuraavista kategorioista:\n<ul class=\"wp-block-list\">\n<li>Valtakunnallisesti arvokkaat maisema-alueet (Valtioneuvoston periaatep\u00e4\u00e4t\u00f6s 1995)<\/li>\n\n\n\n<li>Valtakunnallisesti merkitt\u00e4v\u00e4t rakennetut kulttuuriymp\u00e4rist\u00f6t (RKY 2009)<\/li>\n\n\n\n<li>Maakunnallisesti arvokkaat kulttuuriymp\u00e4rist\u00f6t ja maisema-alueet<\/li>\n\n\n\n<li>Paikallisesti arvokkaat kulttuuriymp\u00e4rist\u00f6t ja maisema-alueet<\/li>\n\n\n\n<li>Perinnemaisemat<\/li>\n\n\n\n<li>Kansalliset kaupunkipuistot<\/li>\n\n\n\n<li>Kansallismaisemat<\/li>\n<\/ul>\n<\/li>\n<\/ul>\n\n\n\n<ul class=\"wp-block-list\">\n<li>S\u00e4ilytet\u00e4\u00e4n kulttuuriymp\u00e4rist\u00f6t el\u00e4vin\u00e4, edustavina ja k\u00e4ytt\u00f6tarkoituksen mukaisina kohteina.<\/li>\n\n\n\n<li>Kunnossapidet\u00e4\u00e4n kulttuuriymp\u00e4rist\u00f6j\u00e4 niiss\u00e4 olevien arvojen ja kohteen k\u00e4ytt\u00f6tarkoituksen ja julkisuuskuvan mukaisessa kunnossa.<\/li>\n\n\n\n<li>Tehd\u00e4\u00e4n yhteisty\u00f6t\u00e4 paikallishallinnon, maakuntaliittojen, ymp\u00e4rist\u00f6ministeri\u00f6n ja Museoviraston kanssa kulttuurihistoriallisten alueiden ja kohteiden tunnistamiseksi, s\u00e4ilytt\u00e4miseksi ja huomioimiseksi suunnittelussa, rakentamisessa ja kunnossapidossa.<\/li>\n\n\n\n<li>Osallistetaan paikallisia asukkaita, yhdistyksi\u00e4, yrityksi\u00e4, kouluja, p\u00e4iv\u00e4koteja, vanhuspalveluita ja muita toimijoita kulttuurihistoriallisten kohteiden s\u00e4ilytt\u00e4miseen, kehitt\u00e4miseen ja kunnossapitoon.<\/li>\n\n\n\n<li>Hy\u00f6dynnet\u00e4\u00e4n kulttuuriymp\u00e4rist\u00f6kohteita opetus- ja sivistystoiminnassa.<\/li>\n<\/ul>\n","protected":false},"excerpt":{"rendered":"<p>TAVOITTEET YLEISET TOIMINTAPERIAATTEET<\/p>\n","protected":false},"author":7,"featured_media":0,"parent":95,"menu_order":10,"comment_status":"closed","ping_status":"closed","template":"","meta":{"_acf_changed":false,"_relevanssi_hide_post":"","_relevanssi_hide_content":"","_relevanssi_pin_for_all":"","_relevanssi_pin_keywords":"","_relevanssi_unpin_keywords":"","_relevanssi_related_keywords":"","_relevanssi_related_include_ids":"","_relevanssi_related_exclude_ids":"","_relevanssi_related_no_append":"","_relevanssi_related_not_related":"","_relevanssi_related_posts":"1","_relevanssi_noindex_reason":"","footnotes":""},"class_list":["post-314","page","type-page","status-publish","hentry"],"acf":[],"_links":{"self":[{"href":"https:\/\/www.vyl.fi\/kesy\/wp-json\/wp\/v2\/pages\/314","targetHints":{"allow":["GET"]}}],"collection":[{"href":"https:\/\/www.vyl.fi\/kesy\/wp-json\/wp\/v2\/pages"}],"about":[{"href":"https:\/\/www.vyl.fi\/kesy\/wp-json\/wp\/v2\/types\/page"}],"author":[{"embeddable":true,"href":"https:\/\/www.vyl.fi\/kesy\/wp-json\/wp\/v2\/users\/7"}],"replies":[{"embeddable":true,"href":"https:\/\/www.vyl.fi\/kesy\/wp-json\/wp\/v2\/comments?post=314"}],"version-history":[{"count":2,"href":"https:\/\/www.vyl.fi\/kesy\/wp-json\/wp\/v2\/pages\/314\/revisions"}],"predecessor-version":[{"id":316,"href":"https:\/\/www.vyl.fi\/kesy\/wp-json\/wp\/v2\/pages\/314\/revisions\/316"}],"up":[{"embeddable":true,"href":"https:\/\/www.vyl.fi\/kesy\/wp-json\/wp\/v2\/pages\/95"}],"wp:attachment":[{"href":"https:\/\/www.vyl.fi\/kesy\/wp-json\/wp\/v2\/media?parent=314"}],"curies":[{"name":"wp","href":"https:\/\/api.w.org\/{rel}","templated":true}]}}