{"id":317,"date":"2024-10-21T11:03:20","date_gmt":"2024-10-21T08:03:20","guid":{"rendered":"https:\/\/u79114.www2.webdomain.fi\/kesy\/?page_id=317"},"modified":"2024-10-21T11:03:20","modified_gmt":"2024-10-21T08:03:20","slug":"toimenpiteet-tilaamisessa","status":"publish","type":"page","link":"https:\/\/www.vyl.fi\/kesy\/teemat\/ihmisten-terveys-ja-hyvinvointi\/kulttuuriymparistojen-sailyttaminen-ja-kunnossapito\/toimenpiteet-tilaamisessa\/","title":{"rendered":"Toimenpiteet tilaamisessa"},"content":{"rendered":"\n<ul class=\"wp-block-list\">\n<li>Teetet\u00e4\u00e4n selvitys suunnittelukohteen kulttuurihistoriallisista kohteista, kuten rakennuksista, rakenteista, kasvillisuudesta ja maisemista.<\/li>\n\n\n\n<li>Asetetaan tavoitteet olemassa olevien kulttuurihistoriallisten kohteiden s\u00e4ilytt\u00e4miselle ja kunnossapidolle.<\/li>\n\n\n\n<li>M\u00e4\u00e4ritet\u00e4\u00e4n mittarit ja\/tai seurantamenetelm\u00e4t, joilla mitataan olemassa olevien kulttuurihistoriallisten kohteiden s\u00e4ilytt\u00e4miselle ja kunnossapidolle asetettuja tavoitteita.<\/li>\n\n\n\n<li>Teetet\u00e4\u00e4n kunnossapitosuunnitelma alueen kulttuurihistoriallisesti arvokkaiden alueiden ja kohteiden s\u00e4ilytt\u00e4miseksi ja kunnossapit\u00e4miseksi.<\/li>\n\n\n\n<li>Ohjataan suunnittelua niin, ett\u00e4 olemassa olevat kulttuurihistorialliset kohteet ja niiden s\u00e4ilyminen huomioidaan suunnitelmassa ja niille asetetut tavoitteet t\u00e4yttyv\u00e4t.<\/li>\n\n\n\n<li>Ohjataan rakentajaa toteuttamaan rakentaminen niin, ett\u00e4 olemassa olevat kulttuurihistorialliset kohteet eiv\u00e4t vaurioidu rakentamisen aikana.<\/li>\n\n\n\n<li>Ohjataan kunnossapit\u00e4j\u00e4 toteuttamaan kunnossapito niin, ett\u00e4 olemassa olevat kulttuurihistoriallisten kohteissa olevat arvot s\u00e4ilyv\u00e4t ja kohteen julkisuuskuva ja k\u00e4ytt\u00f6tarkoitus vahvistuvat.<\/li>\n\n\n\n<li>Valvotaan olemassa olevien kulttuurihistoriallisten kohteiden s\u00e4ilymist\u00e4 ja niille asetettujen tavoitteiden toteutumista suunnittelu-, rakentamis- ja kunnossapitovaiheessa.<\/li>\n<\/ul>\n","protected":false},"excerpt":{"rendered":"","protected":false},"author":7,"featured_media":0,"parent":314,"menu_order":10,"comment_status":"closed","ping_status":"closed","template":"","meta":{"_acf_changed":false,"_relevanssi_hide_post":"","_relevanssi_hide_content":"","_relevanssi_pin_for_all":"","_relevanssi_pin_keywords":"","_relevanssi_unpin_keywords":"","_relevanssi_related_keywords":"","_relevanssi_related_include_ids":"","_relevanssi_related_exclude_ids":"","_relevanssi_related_no_append":"","_relevanssi_related_not_related":"","_relevanssi_related_posts":"1","_relevanssi_noindex_reason":"","footnotes":""},"class_list":["post-317","page","type-page","status-publish","hentry"],"acf":[],"_links":{"self":[{"href":"https:\/\/www.vyl.fi\/kesy\/wp-json\/wp\/v2\/pages\/317","targetHints":{"allow":["GET"]}}],"collection":[{"href":"https:\/\/www.vyl.fi\/kesy\/wp-json\/wp\/v2\/pages"}],"about":[{"href":"https:\/\/www.vyl.fi\/kesy\/wp-json\/wp\/v2\/types\/page"}],"author":[{"embeddable":true,"href":"https:\/\/www.vyl.fi\/kesy\/wp-json\/wp\/v2\/users\/7"}],"replies":[{"embeddable":true,"href":"https:\/\/www.vyl.fi\/kesy\/wp-json\/wp\/v2\/comments?post=317"}],"version-history":[{"count":1,"href":"https:\/\/www.vyl.fi\/kesy\/wp-json\/wp\/v2\/pages\/317\/revisions"}],"predecessor-version":[{"id":318,"href":"https:\/\/www.vyl.fi\/kesy\/wp-json\/wp\/v2\/pages\/317\/revisions\/318"}],"up":[{"embeddable":true,"href":"https:\/\/www.vyl.fi\/kesy\/wp-json\/wp\/v2\/pages\/314"}],"wp:attachment":[{"href":"https:\/\/www.vyl.fi\/kesy\/wp-json\/wp\/v2\/media?parent=317"}],"curies":[{"name":"wp","href":"https:\/\/api.w.org\/{rel}","templated":true}]}}