{"id":319,"date":"2024-10-21T11:03:58","date_gmt":"2024-10-21T08:03:58","guid":{"rendered":"https:\/\/u79114.www2.webdomain.fi\/kesy\/?page_id=319"},"modified":"2024-10-21T11:03:58","modified_gmt":"2024-10-21T08:03:58","slug":"toimenpiteet-suunnittelussa","status":"publish","type":"page","link":"https:\/\/www.vyl.fi\/kesy\/teemat\/ihmisten-terveys-ja-hyvinvointi\/kulttuuriymparistojen-sailyttaminen-ja-kunnossapito\/toimenpiteet-suunnittelussa\/","title":{"rendered":"Toimenpiteet suunnittelussa"},"content":{"rendered":"\n<ul class=\"wp-block-list\">\n<li>Otetaan suunnitelmassa huomioon olemassa olevat rakennukset, rakenteet, rakennuskohteet, kasvillisuus ja maisemat, jotka on luokiteltu kulttuurihistoriallisesti arvokkaiksi joissakin seuraavista kategorioissa:\n<ul class=\"wp-block-list\">\n<li>Valtakunnallisesti arvokkaat maisema-alueet<\/li>\n\n\n\n<li>Valtakunnallisesti arvokkaat rakennusperint\u00f6kohteet<\/li>\n\n\n\n<li>Maakunnallisesti arvokkaat maisema-alueet<\/li>\n\n\n\n<li>Maakunnallisesti arvokkaat rakennusperint\u00f6kohteet<\/li>\n\n\n\n<li>Paikallisesti arvokkaat maisemakohteet<\/li>\n\n\n\n<li>Paikallisesti arvokkaat rakennusperint\u00f6kohteet<\/li>\n\n\n\n<li>Muinaisj\u00e4\u00e4nn\u00f6srekisteri.<\/li>\n<\/ul>\n<\/li>\n<\/ul>\n\n\n\n<p>Lis\u00e4ksi otetaan huomioon mahdolliset muut, rekister\u00f6im\u00e4tt\u00f6m\u00e4t arvokkaat kohteet.<\/p>\n\n\n\n<ul class=\"wp-block-list\">\n<li>Kirjataan ty\u00f6selostuksiin ohjeet olemassa olevien kulttuurihistoriallisesti arvokkaiden rakennusten, rakenteiden ja kasvillisuuden k\u00e4sittelyyn ja suojaamiseen rakennusty\u00f6n aikana.<\/li>\n\n\n\n<li>Kirjataan kunnossapitosuunnitelmaan menetelm\u00e4t, joilla olemassa olevat kulttuurihistoriallisesti arvokkaat rakennukset, rakenteet, rakennuskohteet, kasvillisuus ja maisemat kunnossapidet\u00e4\u00e4n niin, ett\u00e4 niiden arvot s\u00e4ilyv\u00e4t ja kohteen julkisuuskuva ja k\u00e4ytt\u00f6tarkoitus vahvistuvat koko elinkaaren ajan.\u00a0<\/li>\n<\/ul>\n","protected":false},"excerpt":{"rendered":"<p>Lis\u00e4ksi otetaan huomioon mahdolliset muut, rekister\u00f6im\u00e4tt\u00f6m\u00e4t arvokkaat kohteet.<\/p>\n","protected":false},"author":7,"featured_media":0,"parent":314,"menu_order":20,"comment_status":"closed","ping_status":"closed","template":"","meta":{"_acf_changed":false,"_relevanssi_hide_post":"","_relevanssi_hide_content":"","_relevanssi_pin_for_all":"","_relevanssi_pin_keywords":"","_relevanssi_unpin_keywords":"","_relevanssi_related_keywords":"","_relevanssi_related_include_ids":"","_relevanssi_related_exclude_ids":"","_relevanssi_related_no_append":"","_relevanssi_related_not_related":"","_relevanssi_related_posts":"1","_relevanssi_noindex_reason":"","footnotes":""},"class_list":["post-319","page","type-page","status-publish","hentry"],"acf":[],"_links":{"self":[{"href":"https:\/\/www.vyl.fi\/kesy\/wp-json\/wp\/v2\/pages\/319","targetHints":{"allow":["GET"]}}],"collection":[{"href":"https:\/\/www.vyl.fi\/kesy\/wp-json\/wp\/v2\/pages"}],"about":[{"href":"https:\/\/www.vyl.fi\/kesy\/wp-json\/wp\/v2\/types\/page"}],"author":[{"embeddable":true,"href":"https:\/\/www.vyl.fi\/kesy\/wp-json\/wp\/v2\/users\/7"}],"replies":[{"embeddable":true,"href":"https:\/\/www.vyl.fi\/kesy\/wp-json\/wp\/v2\/comments?post=319"}],"version-history":[{"count":1,"href":"https:\/\/www.vyl.fi\/kesy\/wp-json\/wp\/v2\/pages\/319\/revisions"}],"predecessor-version":[{"id":320,"href":"https:\/\/www.vyl.fi\/kesy\/wp-json\/wp\/v2\/pages\/319\/revisions\/320"}],"up":[{"embeddable":true,"href":"https:\/\/www.vyl.fi\/kesy\/wp-json\/wp\/v2\/pages\/314"}],"wp:attachment":[{"href":"https:\/\/www.vyl.fi\/kesy\/wp-json\/wp\/v2\/media?parent=319"}],"curies":[{"name":"wp","href":"https:\/\/api.w.org\/{rel}","templated":true}]}}