{"id":327,"date":"2024-10-21T11:07:38","date_gmt":"2024-10-21T08:07:38","guid":{"rendered":"https:\/\/u79114.www2.webdomain.fi\/kesy\/?page_id=327"},"modified":"2024-10-21T11:07:38","modified_gmt":"2024-10-21T08:07:38","slug":"toimintaperiaatteet-tilaamisessa","status":"publish","type":"page","link":"https:\/\/www.vyl.fi\/kesy\/teemat\/ihmisten-terveys-ja-hyvinvointi\/viheralueiden-ja-muiden-julkisten-ulkotilojen-saavutettavuuden-turvallisuuden-ja-kayttajamukavuuden-parantaminen\/toimintaperiaatteet-tilaamisessa\/","title":{"rendered":"Toimintaperiaatteet tilaamisessa"},"content":{"rendered":"\n<ul class=\"wp-block-list\">\n<li>Teetet\u00e4\u00e4n tarvittaessa selvitys alueen saavutettavuudesta, turvallisuudesta ja k\u00e4ytt\u00f6mukavuudesta suunnittelun pohjaksi.<\/li>\n\n\n\n<li>Asetetaan tavoitteet alueiden saavutettavuuden, turvallisuuden ja k\u00e4ytt\u00f6mukavuuden parantamiseksi sek\u00e4 edist\u00e4miseksi ja m\u00e4\u00e4ritet\u00e4\u00e4n seurantamenetelm\u00e4t tavoitteiden toteutumisen seurantaan.<\/li>\n\n\n\n<li>Ohjeistetaan suunnittelija ottamaan huomioon saavutettavuudelle, turvallisuudelle ja k\u00e4ytt\u00f6mukavuudelle asetetut tavoitteet.<\/li>\n\n\n\n<li>Ohjeistetaan rakentaja ja kunnossapit\u00e4j\u00e4 ottamaan ty\u00f6ss\u00e4\u00e4n huomioon saavutettavuudelle, turvallisuudelle ja k\u00e4ytt\u00f6mukavuudelle asetetut tavoitteet.<\/li>\n\n\n\n<li>Valvotaan suunnittelijaa, rakentajaa ja kunnossapit\u00e4j\u00e4\u00e4 tavoitteiden saavuttamisessa.<\/li>\n\n\n\n<li>Selvitet\u00e4\u00e4n alueella toimivat paikalliset yhteis\u00f6t ja tehd\u00e4\u00e4n niiden kanssa aktiivisesti yhteisty\u00f6t\u00e4, jotta tunnistetaan kehitystarpeet ja -vaihtoehdot alueen sosiaalisten ja taloudellisten hy\u00f6tyjen jakamiseksi tai kehitt\u00e4miseksi.<\/li>\n<\/ul>\n","protected":false},"excerpt":{"rendered":"","protected":false},"author":7,"featured_media":0,"parent":325,"menu_order":10,"comment_status":"closed","ping_status":"closed","template":"","meta":{"_acf_changed":false,"_relevanssi_hide_post":"","_relevanssi_hide_content":"","_relevanssi_pin_for_all":"","_relevanssi_pin_keywords":"","_relevanssi_unpin_keywords":"","_relevanssi_related_keywords":"","_relevanssi_related_include_ids":"","_relevanssi_related_exclude_ids":"","_relevanssi_related_no_append":"","_relevanssi_related_not_related":"","_relevanssi_related_posts":"1","_relevanssi_noindex_reason":"","footnotes":""},"class_list":["post-327","page","type-page","status-publish","hentry"],"acf":[],"_links":{"self":[{"href":"https:\/\/www.vyl.fi\/kesy\/wp-json\/wp\/v2\/pages\/327","targetHints":{"allow":["GET"]}}],"collection":[{"href":"https:\/\/www.vyl.fi\/kesy\/wp-json\/wp\/v2\/pages"}],"about":[{"href":"https:\/\/www.vyl.fi\/kesy\/wp-json\/wp\/v2\/types\/page"}],"author":[{"embeddable":true,"href":"https:\/\/www.vyl.fi\/kesy\/wp-json\/wp\/v2\/users\/7"}],"replies":[{"embeddable":true,"href":"https:\/\/www.vyl.fi\/kesy\/wp-json\/wp\/v2\/comments?post=327"}],"version-history":[{"count":1,"href":"https:\/\/www.vyl.fi\/kesy\/wp-json\/wp\/v2\/pages\/327\/revisions"}],"predecessor-version":[{"id":328,"href":"https:\/\/www.vyl.fi\/kesy\/wp-json\/wp\/v2\/pages\/327\/revisions\/328"}],"up":[{"embeddable":true,"href":"https:\/\/www.vyl.fi\/kesy\/wp-json\/wp\/v2\/pages\/325"}],"wp:attachment":[{"href":"https:\/\/www.vyl.fi\/kesy\/wp-json\/wp\/v2\/media?parent=327"}],"curies":[{"name":"wp","href":"https:\/\/api.w.org\/{rel}","templated":true}]}}