{"id":339,"date":"2024-10-21T12:28:00","date_gmt":"2024-10-21T09:28:00","guid":{"rendered":"https:\/\/u79114.www2.webdomain.fi\/kesy\/?page_id=339"},"modified":"2024-10-21T12:28:00","modified_gmt":"2024-10-21T09:28:00","slug":"toimenpiteet-tilaamisessa","status":"publish","type":"page","link":"https:\/\/www.vyl.fi\/kesy\/teemat\/ihmisten-terveys-ja-hyvinvointi\/fyysisen-henkisen-ja-sosiaalisen-hyvinvoinnin-edistaminen\/toimenpiteet-tilaamisessa\/","title":{"rendered":"Toimenpiteet tilaamisessa"},"content":{"rendered":"\n<ul class=\"wp-block-list\">\n<li>M\u00e4\u00e4ritet\u00e4\u00e4n tavoitteet fyysist\u00e4, henkist\u00e4 ja sosiaalista hyvinvointia edist\u00e4vien ulkoalueiden tuottamiselle ja kehitt\u00e4miselle sek\u00e4 m\u00e4\u00e4ritet\u00e4\u00e4n seurantamenetelm\u00e4t tavoitteiden saavuttamiselle.<\/li>\n\n\n\n<li>Teetet\u00e4\u00e4n selvitys fyysist\u00e4, henkist\u00e4 ja sosiaalista hyvinvointia edist\u00e4vien ulkoalueiden riitt\u00e4vyydest\u00e4 ja kehitt\u00e4mistarpeista.<\/li>\n\n\n\n<li>Ohjeistetaan suunnittelija ulkoalueiden suunnittelussa ottamaan huomioon fyysist\u00e4, henkist\u00e4 ja sosiaalista hyvinvointia edist\u00e4v\u00e4t tavoitteet ja toimintaperiaatteet.<\/li>\n\n\n\n<li>Valvotaan suunnittelijaa edell\u00e4 mainittujen tavoitteiden saavuttamisessa.<\/li>\n<\/ul>\n","protected":false},"excerpt":{"rendered":"","protected":false},"author":7,"featured_media":0,"parent":337,"menu_order":10,"comment_status":"closed","ping_status":"closed","template":"","meta":{"_acf_changed":false,"_relevanssi_hide_post":"","_relevanssi_hide_content":"","_relevanssi_pin_for_all":"","_relevanssi_pin_keywords":"","_relevanssi_unpin_keywords":"","_relevanssi_related_keywords":"","_relevanssi_related_include_ids":"","_relevanssi_related_exclude_ids":"","_relevanssi_related_no_append":"","_relevanssi_related_not_related":"","_relevanssi_related_posts":"1","_relevanssi_noindex_reason":"","footnotes":""},"class_list":["post-339","page","type-page","status-publish","hentry"],"acf":[],"_links":{"self":[{"href":"https:\/\/www.vyl.fi\/kesy\/wp-json\/wp\/v2\/pages\/339","targetHints":{"allow":["GET"]}}],"collection":[{"href":"https:\/\/www.vyl.fi\/kesy\/wp-json\/wp\/v2\/pages"}],"about":[{"href":"https:\/\/www.vyl.fi\/kesy\/wp-json\/wp\/v2\/types\/page"}],"author":[{"embeddable":true,"href":"https:\/\/www.vyl.fi\/kesy\/wp-json\/wp\/v2\/users\/7"}],"replies":[{"embeddable":true,"href":"https:\/\/www.vyl.fi\/kesy\/wp-json\/wp\/v2\/comments?post=339"}],"version-history":[{"count":1,"href":"https:\/\/www.vyl.fi\/kesy\/wp-json\/wp\/v2\/pages\/339\/revisions"}],"predecessor-version":[{"id":340,"href":"https:\/\/www.vyl.fi\/kesy\/wp-json\/wp\/v2\/pages\/339\/revisions\/340"}],"up":[{"embeddable":true,"href":"https:\/\/www.vyl.fi\/kesy\/wp-json\/wp\/v2\/pages\/337"}],"wp:attachment":[{"href":"https:\/\/www.vyl.fi\/kesy\/wp-json\/wp\/v2\/media?parent=339"}],"curies":[{"name":"wp","href":"https:\/\/api.w.org\/{rel}","templated":true}]}}