{"id":341,"date":"2024-10-21T12:28:45","date_gmt":"2024-10-21T09:28:45","guid":{"rendered":"https:\/\/u79114.www2.webdomain.fi\/kesy\/?page_id=341"},"modified":"2024-10-21T12:28:46","modified_gmt":"2024-10-21T09:28:46","slug":"toimenpiteet-suunnittelussa","status":"publish","type":"page","link":"https:\/\/www.vyl.fi\/kesy\/teemat\/ihmisten-terveys-ja-hyvinvointi\/fyysisen-henkisen-ja-sosiaalisen-hyvinvoinnin-edistaminen\/toimenpiteet-suunnittelussa\/","title":{"rendered":"Toimenpiteet suunnittelussa"},"content":{"rendered":"\n<ul class=\"wp-block-list\">\n<li>Kiinnitet\u00e4\u00e4n huomiota rakennusten ymp\u00e4rill\u00e4 tai v\u00e4litt\u00f6m\u00e4ss\u00e4 l\u00e4heisyydess\u00e4 olevien ulkoalueiden viihtyisyyteen, esteettisyyteen ja siihen, ett\u00e4 n\u00e4kym\u00e4t n\u00e4ille ulkoalueille ovat miellytt\u00e4v\u00e4t.<\/li>\n\n\n\n<li>Helpotetaan rakennusten, erityisesti vanhainkotien, palvelutalojen, sairaaloiden ja muiden hoitolaitosten ulkoalueille p\u00e4\u00e4sy\u00e4 toteuttamalla ulosk\u00e4ynnit niin, ett\u00e4 esteet\u00f6n liikkuminen on mahdollista. Kiinnitet\u00e4\u00e4n huomioita my\u00f6s kulkuv\u00e4ylien helppokulkuisuuteen.<\/li>\n\n\n\n<li>Sijoitetaan ulkoalueille liikkumiseen kannustavia ulkoaktiviteettipaikkoja ja liikuntav\u00e4lineit\u00e4.<\/li>\n\n\n\n<li>J\u00e4rjestet\u00e4\u00e4n ulkoalueille palveluja, jotka tukevat k\u00e4ytt\u00e4ji\u00e4 alueen k\u00e4yt\u00f6n aikana (vesipiste, py\u00f6r\u00e4paikat, yleis\u00f6-WC)<\/li>\n\n\n\n<li>Sijoitetaan ulkoalueille kohtaamispaikkoja, joissa ihmiset voivat tavata toisiaan ja esimerkiksi sy\u00f6d\u00e4, ty\u00f6skennell\u00e4 ja leikki\u00e4.<\/li>\n\n\n\n<li>Esisuunnittelun aikana kartoitetaan alueet, jotka ovat hiljaisia ja antaisivat parhaan hy\u00f6dyn alueen k\u00e4ytt\u00e4jien henkiselle hyvinvoinnille. Alueiden valinnassa kiinnitet\u00e4\u00e4n huomiota varjostaviin puihin, n\u00e4kymiin ja maamerkkeihin ja alueelta tai sen ulkopuolelta mahdollisesti aiheutuviin stressitekij\u00f6ihin.<\/li>\n\n\n\n<li>Osallistetaan sidosryhm\u00e4t ja k\u00e4ytt\u00e4j\u00e4t suunnitteluty\u00f6h\u00f6n tunnistamaan alueen ja sen k\u00e4ytt\u00e4jien tarpeet sek\u00e4 soveltuvat menetelm\u00e4t henkisen hyvinvoinnin edist\u00e4miseksi.<\/li>\n\n\n\n<li>Huomioidaan eri k\u00e4ytt\u00e4j\u00e4ryhmien sosiaaliset tarpeet. Suunnitellaan erityisesti lapsille soveltuvia tiloja, istuinpaikkoja ja pelej\u00e4, esimerkiksi teemaleikkipuistoja.<\/li>\n\n\n\n<li><em>Sustainable Sites<\/em>&#8211; ohjelmassa on annettu mm. seuraavia ohjeita suunnitteluun:\n<ul class=\"wp-block-list\">\n<li><em>Yhden suuren rauhoittumiseen tarkoitetun paikan sijasta suunnitellaan pienempi\u00e4 ymp\u00e4ri kohdealuetta sijoittuvia rauhoittumisen ja henkisen palautumisen tiloja. Yhdistet\u00e4\u00e4n mahdollisuuksien mukaan rauhoittumiseen tarkoitetut ulkotilat julkisiin sis\u00e4tiloihin luontoyhteyden vahvistamiseksi.<\/em><\/li>\n\n\n\n<li><em>Rauhoittumiseen tarkoitetut ulkotilat sijoitetaan kauemmassa h\u00e4iri\u00f6t\u00e4 aiheuttavista l\u00e4hteist\u00e4 (mekaaniset laitteet, rakennus- ja palvelualueet ja liikennealueet). Yhdistet\u00e4\u00e4n melun v\u00e4hent\u00e4miseksi vaihtoehtoisia ratkaisuja, kuten hiljaisia p\u00e4\u00e4llysteit\u00e4, tihe\u00e4\u00e4 kasvillisuutta, maavalleja sek\u00e4 aitoja tai sein\u00e4kkeit\u00e4.\u00a0<\/em><\/li>\n\n\n\n<li><em>Suojatun tilan luomiseksi, istumapaikat rajataan matalalla muurilla, aidalla, kasvillisuudella tai maastonmuotoilulla. Muurit, aidat ja kasvillisuus voivat lievent\u00e4\u00e4, ohjata tai est\u00e4\u00e4 tuulisuutta.<\/em><\/li>\n\n\n\n<li><em>Rajatuille alueille suunnitellaan vaihtoehtoisia istuinpaikkoja. Istuimia sijoitetaan sek\u00e4 aurinkoisille ett\u00e4 varjoisille paikoille ja niiss\u00e4 huomioidaan mukavuus ja liikuteltavuus.<\/em><\/li>\n\n\n\n<li><em>Alueelle suunnitellaan paikkakohtaisesti tuulen- ja auringonsuojia sek\u00e4 muita suojaavia elementtej\u00e4. Suunnittelussa hy\u00f6dynnet\u00e4\u00e4n kasvillisuutta ja viherseini\u00e4 tai -aitoja suojaamaan liialliselta tuulelta, auringonvalolta, liikenteelt\u00e4 tai ep\u00e4miellytt\u00e4vilt\u00e4 n\u00e4kymilt\u00e4.<\/em><\/li>\n\n\n\n<li><em>Suunnittelussa huomioidaan elementit tai kasvillisuus, jotka lis\u00e4\u00e4v\u00e4t moniaistisia, esteettisi\u00e4 kokemuksia, kuten metsik\u00f6t tai puuryhm\u00e4t, vesirakenteet, kukkien tai lehtien tuoksut, tuntoaistien vaihtelut sek\u00e4 taide.<\/em><\/li>\n\n\n\n<li><em>Suunnitellaan erityisesti lapsille soveltuvia tiloja, istuinpaikkoja ja pelej\u00e4, kuten teemaleikkipuistoja.<\/em><\/li>\n\n\n\n<li><em>Kohtaamispaikoiksi soveltuvien alueiden valinnassa kiinnitet\u00e4\u00e4n huomiota varjostavaan puustoon sek\u00e4 n\u00e4kymiin.<\/em><\/li>\n\n\n\n<li><em>Tavoitteena on, ett\u00e4 kohdealueella on ulkotiloissa sosiaalista kanssak\u00e4ymist\u00e4 edist\u00e4vi\u00e4 kohtaamispaikkoja, jotka sis\u00e4lt\u00e4v\u00e4t seuraavia toimintoja:<\/em>\n<ul class=\"wp-block-list\">\n<li><em>Istuinpaikat v\u00e4hint\u00e4\u00e4n 10 prosentille alueen kokonaisk\u00e4ytt\u00e4j\u00e4m\u00e4\u00e4r\u00e4st\u00e4. Istuinpaikat suunnitellaan erikokoisille ryhmille sopiviksi, sek\u00e4 alueen tai paikan k\u00e4ytt\u00f6tarkoitukseen soveltuviksi.<\/em><\/li>\n\n\n\n<li><em>Suunnitteluratkaisuja, jotka vaikuttavat suotuisasti kohteen pienilmastoon (aurinko, varjostus, tuuli).<\/em><\/li>\n\n\n\n<li><em>Palveluja, mukavuuksia tai toimintapaikkoja (kuten pelit, langaton internet, ruokakojut, piknik- ja ruokailualueet, ulkoilmateatterit, leikkipaikat, torimyynti).<\/em><\/li>\n<\/ul>\n<\/li>\n\n\n\n<li><em>Suositaan liikuteltavia istuimia, jos mahdollista. Istuskelupaikat rajataan matalilla muureilla tai kasvillisuudella. Istuskelupaikoissa huomioidaan sek\u00e4 aurinkoiset ett\u00e4 varjoiset alueet.<\/em><\/li>\n<\/ul>\n<\/li>\n<\/ul>\n","protected":false},"excerpt":{"rendered":"","protected":false},"author":7,"featured_media":0,"parent":337,"menu_order":20,"comment_status":"closed","ping_status":"closed","template":"","meta":{"_acf_changed":false,"_relevanssi_hide_post":"","_relevanssi_hide_content":"","_relevanssi_pin_for_all":"","_relevanssi_pin_keywords":"","_relevanssi_unpin_keywords":"","_relevanssi_related_keywords":"","_relevanssi_related_include_ids":"","_relevanssi_related_exclude_ids":"","_relevanssi_related_no_append":"","_relevanssi_related_not_related":"","_relevanssi_related_posts":"1","_relevanssi_noindex_reason":"","footnotes":""},"class_list":["post-341","page","type-page","status-publish","hentry"],"acf":[],"_links":{"self":[{"href":"https:\/\/www.vyl.fi\/kesy\/wp-json\/wp\/v2\/pages\/341","targetHints":{"allow":["GET"]}}],"collection":[{"href":"https:\/\/www.vyl.fi\/kesy\/wp-json\/wp\/v2\/pages"}],"about":[{"href":"https:\/\/www.vyl.fi\/kesy\/wp-json\/wp\/v2\/types\/page"}],"author":[{"embeddable":true,"href":"https:\/\/www.vyl.fi\/kesy\/wp-json\/wp\/v2\/users\/7"}],"replies":[{"embeddable":true,"href":"https:\/\/www.vyl.fi\/kesy\/wp-json\/wp\/v2\/comments?post=341"}],"version-history":[{"count":1,"href":"https:\/\/www.vyl.fi\/kesy\/wp-json\/wp\/v2\/pages\/341\/revisions"}],"predecessor-version":[{"id":342,"href":"https:\/\/www.vyl.fi\/kesy\/wp-json\/wp\/v2\/pages\/341\/revisions\/342"}],"up":[{"embeddable":true,"href":"https:\/\/www.vyl.fi\/kesy\/wp-json\/wp\/v2\/pages\/337"}],"wp:attachment":[{"href":"https:\/\/www.vyl.fi\/kesy\/wp-json\/wp\/v2\/media?parent=341"}],"curies":[{"name":"wp","href":"https:\/\/api.w.org\/{rel}","templated":true}]}}