{"id":345,"date":"2024-10-21T12:30:18","date_gmt":"2024-10-21T09:30:18","guid":{"rendered":"https:\/\/u79114.www2.webdomain.fi\/kesy\/?page_id=345"},"modified":"2024-10-21T12:30:19","modified_gmt":"2024-10-21T09:30:19","slug":"toimenpiteet-kunnossapidossa","status":"publish","type":"page","link":"https:\/\/www.vyl.fi\/kesy\/teemat\/ihmisten-terveys-ja-hyvinvointi\/fyysisen-henkisen-ja-sosiaalisen-hyvinvoinnin-edistaminen\/toimenpiteet-kunnossapidossa\/","title":{"rendered":"Toimenpiteet kunnossapidossa"},"content":{"rendered":"\n<p>Ajoitetaan melua, p\u00f6ly\u00e4 tai muuta h\u00e4iri\u00f6t\u00e4 aiheuttavat kunnossapidon toimenpiteet vilkkaimpien k\u00e4ytt\u00f6aikojen ulkopuolelle.<\/p>\n","protected":false},"excerpt":{"rendered":"<p>Ajoitetaan melua, p\u00f6ly\u00e4 tai muuta h\u00e4iri\u00f6t\u00e4 aiheuttavat kunnossapidon toimenpiteet vilkkaimpien k\u00e4ytt\u00f6aikojen ulkopuolelle.<\/p>\n","protected":false},"author":7,"featured_media":0,"parent":337,"menu_order":40,"comment_status":"closed","ping_status":"closed","template":"","meta":{"_acf_changed":false,"_relevanssi_hide_post":"","_relevanssi_hide_content":"","_relevanssi_pin_for_all":"","_relevanssi_pin_keywords":"","_relevanssi_unpin_keywords":"","_relevanssi_related_keywords":"","_relevanssi_related_include_ids":"","_relevanssi_related_exclude_ids":"","_relevanssi_related_no_append":"","_relevanssi_related_not_related":"","_relevanssi_related_posts":"1","_relevanssi_noindex_reason":"","footnotes":""},"class_list":["post-345","page","type-page","status-publish","hentry"],"acf":[],"_links":{"self":[{"href":"https:\/\/www.vyl.fi\/kesy\/wp-json\/wp\/v2\/pages\/345","targetHints":{"allow":["GET"]}}],"collection":[{"href":"https:\/\/www.vyl.fi\/kesy\/wp-json\/wp\/v2\/pages"}],"about":[{"href":"https:\/\/www.vyl.fi\/kesy\/wp-json\/wp\/v2\/types\/page"}],"author":[{"embeddable":true,"href":"https:\/\/www.vyl.fi\/kesy\/wp-json\/wp\/v2\/users\/7"}],"replies":[{"embeddable":true,"href":"https:\/\/www.vyl.fi\/kesy\/wp-json\/wp\/v2\/comments?post=345"}],"version-history":[{"count":1,"href":"https:\/\/www.vyl.fi\/kesy\/wp-json\/wp\/v2\/pages\/345\/revisions"}],"predecessor-version":[{"id":346,"href":"https:\/\/www.vyl.fi\/kesy\/wp-json\/wp\/v2\/pages\/345\/revisions\/346"}],"up":[{"embeddable":true,"href":"https:\/\/www.vyl.fi\/kesy\/wp-json\/wp\/v2\/pages\/337"}],"wp:attachment":[{"href":"https:\/\/www.vyl.fi\/kesy\/wp-json\/wp\/v2\/media?parent=345"}],"curies":[{"name":"wp","href":"https:\/\/api.w.org\/{rel}","templated":true}]}}